




{"id":1337,"date":"2017-04-29T08:03:25","date_gmt":"2017-04-29T08:03:25","guid":{"rendered":"http:\/\/www.castedodourovilla.com\/fr\/?page_id=1337"},"modified":"2018-11-22T18:32:54","modified_gmt":"2018-11-22T18:32:54","slug":"homepage-fr","status":"publish","type":"page","link":"https:\/\/www.castedodourovilla.com\/fr\/","title":{"rendered":"Homepage FR"},"content":{"rendered":"<p>[vc_row el_id=&#8221;slider-section&#8221; el_class=&#8221;main-slider&#8221;][vc_column][rev_slider_vc alias=&#8221;home&#8221;][\/vc_column][\/vc_row][vc_row][vc_column][vc_raw_html]JTNDZGl2JTIwY2xhc3MlM0QlMjJzZWMtdGl0bGUlMjIlM0UlMjAlMjAlMjAlMjAlMjAlMjAlMjAlMjAlMEElMjAlMjAlM0NkaXYlMjBjbGFzcyUzRCUyMnRleHQlMjIlM0UlM0NwJTNFJTNDc3BhbiUyMHN0eWxlJTNEJTIyZm9udC1zaXplJTNBMTdweCUzQiUyMiUzRVVuZSUyMG1hZ25pZmlxdWUlMjBldCUyMGF1dGhlbnRpcXVlJTIwbWFpc29uJTIwcnVzdGlxdWUlMkMlMjBzaXR1JUMzJUE5ZSUyMGRhbnMlMjB1biUyMHZpbGxhZ2UlMjB0eXBpcXVlJTIwZGUlMjBsYSUyMFZhbGwlQzMlQTllJTIwZHUlMjBEb3VybyUyQyUyMCVDMyVBMCUyMDgwJTIwbWludXRlcyUyMGRlJTIwUG9ydG8uJTIwVmVuZXolMjBub3VzJTIwcmVuZHJlJTIwdmlzaXRlJTIwZW4lMjBmYW1pbGxlJTIwb3UlMjBlbnRyZSUyMGFtaXMlMjBhZmluJTIwZGUlMjBwYXNzZXIlMjB1biUyMHMlQzMlQTlqb3VyJTIwbSVDMyVBOW1vcmFibGUlMjBhdSUyMGNvZXVyJTIwZGUlMjBsYSUyMFZhbGwlQzMlQTllJTIwZHUlMjBEb3VybyUyQyUyMFBhdHJpbW9pbmUlMjBNb25kaWFsJTIwZGUlMjBsJUUyJTgwJTk5VW5lc2NvLiUzQyUyRnNwYW4lM0UlMjAlM0MlMkZwJTNFJTNDJTJGZGl2JTNFJTBBJTIwJTIwJTIwJTIwJTIwJTIwJTIwJTIwJTNDJTJGZGl2JTNF[\/vc_raw_html][vc_raw_html]JTNDZGl2JTIwY2xhc3MlM0QlMjJzZWMtdGl0bGUlMjIlM0UlMEElM0NoMiUzRUluY2x1cyUzQ3NwYW4lMjBjbGFzcyUzRCUyMnRoZW1lX2NvbG9yJTIyJTNFRGFucyUyMFZvdHJlJTIwUyVDMyVBOWpvdXIlM0MlMkZzcGFuJTNFJTNDJTJGaDIlM0UlMjAlMjAlMjAlMjAlMjAlMjAlMjAlMjAlMjAlMjAlMEElMjAlMjAlMjAlMjAlMjAlMjAlMjAlMjAlM0MlMkZkaXYlM0U=[\/vc_raw_html][\/vc_column][\/vc_row][vc_row css=&#8221;.vc_custom_1488990161248{margin-right: 50px !important;margin-left: 50px !important;}&#8221;][vc_column width=&#8221;1\/3&#8243;][vc_single_image image=&#8221;1546&#8243; img_size=&#8221;300&#215;353&#8243; alignment=&#8221;center&#8221;][\/vc_column][vc_column width=&#8221;1\/3&#8243;][vc_single_image image=&#8221;1544&#8243; img_size=&#8221;300&#215;353&#8243; alignment=&#8221;center&#8221;][\/vc_column][vc_column width=&#8221;1\/3&#8243;][vc_single_image image=&#8221;1969&#8243; img_size=&#8221;300&#215;353&#8243; alignment=&#8221;center&#8221;][\/vc_column][\/vc_row][vc_row][vc_column]   \n   \n\n<!--Properties Section-->\n    <section class=\"properties-section\" id=\"properties-section\">\n    \t<div class=\"auto-container\">\n        \n            <!--Section Title-->\n            <div class=\"sec-title\">\n                <h2>Sur la<span class=\"theme_color\">Propri\u00e9t\u00e9<\/span><\/h2>\n                <div class=\"separator small-separator\"><\/div>\n                <div class=\"text\"><p><\/p><\/div>\n            <\/div>\n            \n            <div class=\"three-col-theme\">\n                <div class=\"row clearfix\">\n                    \n                                        \n                    <!--Column-->\n                    <article class=\"col-md-4 col-sm-6 col-xs-12 column\">\n                        <div class=\"inner-box\">\n                            <div class=\"icon-left\"><span class=\"icon flaticon-bedroom23\"><\/span><\/div>\n                            <div class=\"content\">\n                                <h3><span class=\"number\">5<\/span> Chambres<\/h3>\n                                <p>Rustiques chambres, avec 1 Lit\u00a0Double\u00a0et\u00a02 lits simple<\/p>\n                            <\/div>\n                        <\/div>\n                    <\/article>\n                    \n                                        \n                    <!--Column-->\n                    <article class=\"col-md-4 col-sm-6 col-xs-12 column\">\n                        <div class=\"inner-box\">\n                            <div class=\"icon-left\"><span class=\"icon flaticon-shower5\"><\/span><\/div>\n                            <div class=\"content\">\n                                <h3><span class=\"number\"><\/span> Piscine Priv\u00e9e<\/h3>\n                                <p>12M x 6M, avec un espace r\u00e9serv\u00e9 aux enfants<\/p>\n                            <\/div>\n                        <\/div>\n                    <\/article>\n                    \n                                        \n                    <!--Column-->\n                    <article class=\"col-md-4 col-sm-6 col-xs-12 column\">\n                        <div class=\"inner-box\">\n                            <div class=\"icon-left\"><span class=\"icon flaticon-flowers12\"><\/span><\/div>\n                            <div class=\"content\">\n                                <h3><span class=\"number\"><\/span> Jardin et Barbecue<\/h3>\n                                <p>1000m2 de espace ext\u00e9rieur,\u00a0avec une pelouse verdoyante, arbres,\u00a0plantes\u00a0et fleurs<\/p>\n                            <\/div>\n                        <\/div>\n                    <\/article>\n                    \n                                        \n                    <!--Column-->\n                    <article class=\"col-md-4 col-sm-6 col-xs-12 column\">\n                        <div class=\"inner-box\">\n                            <div class=\"icon-left\"><span class=\"icon flaticon-refrigerator8\"><\/span><\/div>\n                            <div class=\"content\">\n                                <h3><span class=\"number\"><\/span> Cuisine<\/h3>\n                                <p>\u00a0grand et enti\u00e8rement \u00e9quip\u00e9e, y compris\u00a0machine \u00e0 caf\u00e9 Nespresso\u00a0<\/p>\n                            <\/div>\n                        <\/div>\n                    <\/article>\n                    \n                                        \n                    <!--Column-->\n                    <article class=\"col-md-4 col-sm-6 col-xs-12 column\">\n                        <div class=\"inner-box\">\n                            <div class=\"icon-left\"><span class=\"icon flaticon-carparking\"><\/span><\/div>\n                            <div class=\"content\">\n                                <h3><span class=\"number\"><\/span> Parking<\/h3>\n                                <p>Grande espace, dans la propri\u00e9t\u00e9<\/p>\n                            <\/div>\n                        <\/div>\n                    <\/article>\n                    \n                                        \n                    <!--Column-->\n                    <article class=\"col-md-4 col-sm-6 col-xs-12 column\">\n                        <div class=\"inner-box\">\n                            <div class=\"icon-left\"><span class=\"icon flaticon-screen54\"><\/span><\/div>\n                            <div class=\"content\">\n                                <h3><span class=\"number\"><\/span> \u00c9quipement<\/h3>\n                                <p>Internet WI-FI, les cha\u00eenes de t\u00e9l\u00e9vision par satellite, table de billard, s\u00e8che-cheveux, machine \u00e0 laver,\u00a0etc&#8230;<\/p>\n                            <\/div>\n                        <\/div>\n                    <\/article>\n                    \n                                        \n                <\/div>\n            <\/div>\n            \n        <\/div>\n    <\/section>\n    \n\n[\/vc_column][\/vc_row][vc_row][vc_column]\t \n\n\n\n\n\n\n <!--Gallery Section-->\n\n    <section class=\"gallery-section full-width\">\n\n    \t<div class=\"auto-container\">\n\n        \n\n            <!--Section Title-->\n\n            <div class=\"sec-title\">\n\n                \n                <div class=\"text\"><p><\/p><\/div>\n\n            <\/div>\n\n            \n\n            \n            <!--Filter-->\n\n            <div class=\"filters\">\n\n            \t<ul class=\"filter-tabs clearfix anim-3-all\">\n\n                    \n\n                    \n\n                    \n\n\n                    \n                <\/ul>\n\n            <\/div>\n\n            \n\n            \n            \n\n        <\/div>\n\n        \n\n        <div class=\"images-container\">\n\n            <div class=\"filter-list clearfix\">\n\n                \n\n                \n\n\n\t\n\t\n\t\t\t\t\n\n           \n\n\t\t        \n\n\t\t   \n\n\t\t   <!--Image Box-->\n\n            <div class=\"image-box mix mix_all destaquesfr \">\n\n                <div class=\"inner-box\">\n\n                    <figure class=\"image\"><a href=\"https:\/\/www.castedodourovilla.com\/wp-content\/uploads\/2017\/03\/20160701_162422-1.jpg\" class=\"lightbox-image\">\n\n\t\t\t\t\t\t<img width=\"316\" height=\"253\" src=\"https:\/\/www.castedodourovilla.com\/wp-content\/uploads\/2017\/03\/20160701_162422-1-316x253.jpg\" class=\"img-responsive wp-post-image\" alt=\"\" loading=\"lazy\" \/><\/a>\n\n                    <\/figure>\n\n                    \n\n                    <a href=\"https:\/\/www.castedodourovilla.com\/wp-content\/uploads\/2017\/03\/20160701_162422-1.jpg\" class=\"zoom-btn lightbox-image\"><span class=\"icon flaticon-add30\"><\/span><span><\/span><\/a>\n\n                <\/div>\n\n            <\/div>\n\n            \n\n\n\t\t\t\t\n\n           \n\n\t\t        \n\n\t\t   \n\n\t\t   <!--Image Box-->\n\n            <div class=\"image-box mix mix_all destaquesfr \">\n\n                <div class=\"inner-box\">\n\n                    <figure class=\"image\"><a href=\"https:\/\/www.castedodourovilla.com\/wp-content\/uploads\/2017\/03\/02.jpg\" class=\"lightbox-image\">\n\n\t\t\t\t\t\t<img width=\"316\" height=\"253\" src=\"https:\/\/www.castedodourovilla.com\/wp-content\/uploads\/2017\/03\/02-316x253.jpg\" class=\"img-responsive wp-post-image\" alt=\"\" loading=\"lazy\" srcset=\"https:\/\/www.castedodourovilla.com\/wp-content\/uploads\/2017\/03\/02-316x253.jpg 316w, https:\/\/www.castedodourovilla.com\/wp-content\/uploads\/2017\/03\/02-300x239.jpg 300w, https:\/\/www.castedodourovilla.com\/wp-content\/uploads\/2017\/03\/02.jpg 567w\" sizes=\"(max-width: 316px) 100vw, 316px\" \/><\/a>\n\n                    <\/figure>\n\n                    \n\n                    <a href=\"https:\/\/www.castedodourovilla.com\/wp-content\/uploads\/2017\/03\/02.jpg\" class=\"zoom-btn lightbox-image\"><span class=\"icon flaticon-add30\"><\/span><span><\/span><\/a>\n\n                <\/div>\n\n            <\/div>\n\n            \n\n\n\t\t\t\t\n\n           \n\n\t\t        \n\n\t\t   \n\n\t\t   <!--Image Box-->\n\n            <div class=\"image-box mix mix_all destaquesfr \">\n\n                <div class=\"inner-box\">\n\n                    <figure class=\"image\"><a href=\"https:\/\/www.castedodourovilla.com\/wp-content\/uploads\/2017\/03\/03.jpg\" class=\"lightbox-image\">\n\n\t\t\t\t\t\t<img width=\"316\" height=\"253\" src=\"https:\/\/www.castedodourovilla.com\/wp-content\/uploads\/2017\/03\/03-316x253.jpg\" class=\"img-responsive wp-post-image\" alt=\"\" loading=\"lazy\" \/><\/a>\n\n                    <\/figure>\n\n                    \n\n                    <a href=\"https:\/\/www.castedodourovilla.com\/wp-content\/uploads\/2017\/03\/03.jpg\" class=\"zoom-btn lightbox-image\"><span class=\"icon flaticon-add30\"><\/span><span><\/span><\/a>\n\n                <\/div>\n\n            <\/div>\n\n            \n\n\n\t\t\t\t\n\n           \n\n\t\t        \n\n\t\t   \n\n\t\t   <!--Image Box-->\n\n            <div class=\"image-box mix mix_all destaquesfr \">\n\n                <div class=\"inner-box\">\n\n                    <figure class=\"image\"><a href=\"https:\/\/www.castedodourovilla.com\/wp-content\/uploads\/2017\/03\/04.jpg\" class=\"lightbox-image\">\n\n\t\t\t\t\t\t<img width=\"316\" height=\"253\" src=\"https:\/\/www.castedodourovilla.com\/wp-content\/uploads\/2017\/03\/04-316x253.jpg\" class=\"img-responsive wp-post-image\" alt=\"\" loading=\"lazy\" \/><\/a>\n\n                    <\/figure>\n\n                    \n\n                    <a href=\"https:\/\/www.castedodourovilla.com\/wp-content\/uploads\/2017\/03\/04.jpg\" class=\"zoom-btn lightbox-image\"><span class=\"icon flaticon-add30\"><\/span><span><\/span><\/a>\n\n                <\/div>\n\n            <\/div>\n\n            \n\n\n\t\t\t\t\n\n           \n\n\t\t        \n\n\t\t   \n\n\t\t   <!--Image Box-->\n\n            <div class=\"image-box mix mix_all destaquesfr \">\n\n                <div class=\"inner-box\">\n\n                    <figure class=\"image\"><a href=\"https:\/\/www.castedodourovilla.com\/wp-content\/uploads\/2017\/03\/05.jpg\" class=\"lightbox-image\">\n\n\t\t\t\t\t\t<img width=\"316\" height=\"253\" src=\"https:\/\/www.castedodourovilla.com\/wp-content\/uploads\/2017\/03\/05-316x253.jpg\" class=\"img-responsive wp-post-image\" alt=\"\" loading=\"lazy\" \/><\/a>\n\n                    <\/figure>\n\n                    \n\n                    <a href=\"https:\/\/www.castedodourovilla.com\/wp-content\/uploads\/2017\/03\/05.jpg\" class=\"zoom-btn lightbox-image\"><span class=\"icon flaticon-add30\"><\/span><span><\/span><\/a>\n\n                <\/div>\n\n            <\/div>\n\n            \n\n\n\t\t\t\t\n\n           \n\n\t\t        \n\n\t\t   \n\n\t\t   <!--Image Box-->\n\n            <div class=\"image-box mix mix_all destaquesfr \">\n\n                <div class=\"inner-box\">\n\n                    <figure class=\"image\"><a href=\"https:\/\/www.castedodourovilla.com\/wp-content\/uploads\/2017\/03\/06.jpg\" class=\"lightbox-image\">\n\n\t\t\t\t\t\t<img width=\"316\" height=\"253\" src=\"https:\/\/www.castedodourovilla.com\/wp-content\/uploads\/2017\/03\/06-316x253.jpg\" class=\"img-responsive wp-post-image\" alt=\"\" loading=\"lazy\" \/><\/a>\n\n                    <\/figure>\n\n                    \n\n                    <a href=\"https:\/\/www.castedodourovilla.com\/wp-content\/uploads\/2017\/03\/06.jpg\" class=\"zoom-btn lightbox-image\"><span class=\"icon flaticon-add30\"><\/span><span><\/span><\/a>\n\n                <\/div>\n\n            <\/div>\n\n            \n\n\n\t\t\t\t\n\n           \n\n\t\t        \n\n\t\t   \n\n\t\t   <!--Image Box-->\n\n            <div class=\"image-box mix mix_all destaquesfr \">\n\n                <div class=\"inner-box\">\n\n                    <figure class=\"image\"><a href=\"https:\/\/www.castedodourovilla.com\/wp-content\/uploads\/2017\/03\/07.jpg\" class=\"lightbox-image\">\n\n\t\t\t\t\t\t<img width=\"316\" height=\"253\" src=\"https:\/\/www.castedodourovilla.com\/wp-content\/uploads\/2017\/03\/07-316x253.jpg\" class=\"img-responsive wp-post-image\" alt=\"\" loading=\"lazy\" srcset=\"https:\/\/www.castedodourovilla.com\/wp-content\/uploads\/2017\/03\/07-316x253.jpg 316w, https:\/\/www.castedodourovilla.com\/wp-content\/uploads\/2017\/03\/07-300x239.jpg 300w, https:\/\/www.castedodourovilla.com\/wp-content\/uploads\/2017\/03\/07.jpg 567w\" sizes=\"(max-width: 316px) 100vw, 316px\" \/><\/a>\n\n                    <\/figure>\n\n                    \n\n                    <a href=\"https:\/\/www.castedodourovilla.com\/wp-content\/uploads\/2017\/03\/07.jpg\" class=\"zoom-btn lightbox-image\"><span class=\"icon flaticon-add30\"><\/span><span><\/span><\/a>\n\n                <\/div>\n\n            <\/div>\n\n            \n\n\n\t\t\t\t\n\n           \n\n\t\t        \n\n\t\t   \n\n\t\t   <!--Image Box-->\n\n            <div class=\"image-box mix mix_all destaquesfr \">\n\n                <div class=\"inner-box\">\n\n                    <figure class=\"image\"><a href=\"https:\/\/www.castedodourovilla.com\/wp-content\/uploads\/2017\/03\/lounge-1-2.jpg\" class=\"lightbox-image\">\n\n\t\t\t\t\t\t<img width=\"316\" height=\"253\" src=\"https:\/\/www.castedodourovilla.com\/wp-content\/uploads\/2017\/03\/lounge-1-2-316x253.jpg\" class=\"img-responsive wp-post-image\" alt=\"\" loading=\"lazy\" \/><\/a>\n\n                    <\/figure>\n\n                    \n\n                    <a href=\"https:\/\/www.castedodourovilla.com\/wp-content\/uploads\/2017\/03\/lounge-1-2.jpg\" class=\"zoom-btn lightbox-image\"><span class=\"icon flaticon-add30\"><\/span><span><\/span><\/a>\n\n                <\/div>\n\n            <\/div>\n\n            \n\n\n  \n\n\n                \n\n            <\/div>\n\n        <\/div>\n\n        \n\n        \n\n    <\/section>\n\n\n\n[\/vc_column][\/vc_row][vc_row][vc_column]\n<!--Agent Section-->\n<section class=\"agent-section\">\n    <div class=\"auto-container\">\n        <div class=\"row clearfix\">\n        \n            <div class=\"column col-md-5 col-sm-12 col-xs-12\">\n                <figure class=\"agent-image wow rollIn\" data-wow-delay=\"300ms\" data-wow-duration=\"1500ms\"><img src=\"https:\/\/www.castedodourovilla.com\/wp-content\/uploads\/2016\/01\/Joao-Carvalho.jpg\" class=\"img-circle\" alt=\"\"><\/figure>\n            <\/div>\n            \n            <div class=\"column col-md-7 col-sm-12 col-xs-12\">\n                <!--Bordered Title-->\n                <div class=\"bordered-title\">\n                    <h2>Sur <span class=\"theme_color\">l\u00b4H\u00f4te<\/span><\/h2>                  \n                <\/div>\n                \n                <!--Agent Title-->\n                <div class=\"agent-headers\">\n                    <h3 class=\"name\">Jo\u00e3o Carvalho<\/h3>\n                    <p class=\"designation\"><\/p>                  \n                <\/div>\n                \n                <div class=\"desc-text\">\n                    <p>D\u00e8s mon plus jeune \u00e2ge, j'ai d\u00e9velopp\u00e9 le go\u00fbt de rencontrer et de socialiser avec des gens d'autres cultures et aussi apprendre \u00e0 appr\u00e9cier les diff\u00e9rences culturelles. Je voyage beaucoup, tant \u00e0 l'int\u00e9rieur qu\u00b4\u00e0 l'ext\u00e9rieur du Portugal, mais je suis un passionn\u00e9 du Vall\u00e9e du Douro, en particulier, le village de Castedo. Je garde beaucoup de fantastiques souvenirs de notre villa, comme des r\u00e9unions de famille et d'amis mais aussi de la population et des coutumes locales. Je veux vous transmettre et partager avec vous ce mode de vie \u00e0 la Vall\u00e9e du Douro, de fa\u00e7on naturelle, accueillante et professionnelle. J'attends votre arriv\u00e9e. \u00c0 votre sant\u00e9! <\/p>\n                <\/div>\n                \n                <!--Info Box-->\n                <div class=\"info-box\">\n                    <ul class=\"clearfix\">\n                        <li class=\"contact-info\">\n                            <div class=\"icon\"><span class=\"flaticon-telephone51\"><\/span><\/div>\n                            <h4>Num\u00e9ro de Portable<\/h4>\n                            +351 914 527 739                        <\/li>\n                    <\/ul>\n\n                <\/div>\n                \n            <\/div>\n        <\/div>\n    <\/div>\n<\/section>\n\n[\/vc_column][\/vc_row]<\/p>\n<div style=\"display: none;\"\n    class=\"kk-star-ratings kksr-valign-bottom kksr-align-right \"\n    data-id=\"1600\"\n    data-slug=\"\">\n    <div class=\"kksr-stars\">\n    <div class=\"kksr-stars-inactive\">\n            <div class=\"kksr-star\" data-star=\"1\">\n            <div class=\"kksr-icon\" style=\"width: px; height: px;\"><\/div>\n        <\/div>\n            <div class=\"kksr-star\" data-star=\"2\">\n            <div class=\"kksr-icon\" style=\"width: px; height: px;\"><\/div>\n        <\/div>\n            <div class=\"kksr-star\" data-star=\"3\">\n            <div class=\"kksr-icon\" style=\"width: px; height: px;\"><\/div>\n        <\/div>\n            <div class=\"kksr-star\" data-star=\"4\">\n            <div class=\"kksr-icon\" style=\"width: px; height: px;\"><\/div>\n        <\/div>\n            <div class=\"kksr-star\" data-star=\"5\">\n            <div class=\"kksr-icon\" style=\"width: px; height: px;\"><\/div>\n        <\/div>\n    <\/div>\n    <div class=\"kksr-stars-active\" style=\"width: 0px;\">\n            <div class=\"kksr-star\">\n            <div class=\"kksr-icon\" style=\"width: px; height: px;\"><\/div>\n        <\/div>\n            <div class=\"kksr-star\">\n            <div class=\"kksr-icon\" style=\"width: px; height: px;\"><\/div>\n        <\/div>\n            <div class=\"kksr-star\">\n            <div class=\"kksr-icon\" style=\"width: px; height: px;\"><\/div>\n        <\/div>\n            <div class=\"kksr-star\">\n            <div class=\"kksr-icon\" style=\"width: px; height: px;\"><\/div>\n        <\/div>\n            <div class=\"kksr-star\">\n            <div class=\"kksr-icon\" style=\"width: px; height: px;\"><\/div>\n        <\/div>\n    <\/div>\n<\/div>\n    <div class=\"kksr-legend\">\n            <span class=\"kksr-muted\"><\/span>\n    <\/div>\n<\/div>\n","protected":false},"excerpt":{"rendered":"<p>[vc_row el_id=&#8221;slider-section&#8221; el_class=&#8221;main-slider&#8221;][vc_column][rev_slider_vc alias=&#8221;home&#8221;][\/vc_column][\/vc_row][vc_row][vc_column][vc_raw_html]JTNDZGl2JTIwY2xhc3MlM0QlMjJzZWMtdGl0bGUlMjIlM0UlMjAlMjAlMjAlMjAlMjAlMjAlMjAlMjAlMEElMjAlMjAlM0NkaXYlMjBjbGFzcyUzRCUyMnRleHQlMjIlM0UlM0NwJTNFJTNDc3BhbiUyMHN0eWxlJTNEJTIyZm9udC1zaXplJTNBMTdweCUzQiUyMiUzRVVuZSUyMG1hZ25pZmlxdWUlMjBldCUyMGF1dGhlbnRpcXVlJTIwbWFpc29uJTIwcnVzdGlxdWUlMkMlMjBzaXR1JUMzJUE5ZSUyMGRhbnMlMjB1biUyMHZpbGxhZ2UlMjB0eXBpcXVlJTIwZGUlMjBsYSUyMFZhbGwlQzMlQTllJTIwZHUlMjBEb3VybyUyQyUyMCVDMyVBMCUyMDgwJTIwbWludXRlcyUyMGRlJTIwUG9ydG8uJTIwVmVuZXolMjBub3VzJTIwcmVuZHJlJTIwdmlzaXRlJTIwZW4lMjBmYW1pbGxlJTIwb3UlMjBlbnRyZSUyMGFtaXMlMjBhZmluJTIwZGUlMjBwYXNzZXIlMjB1biUyMHMlQzMlQTlqb3VyJTIwbSVDMyVBOW1vcmFibGUlMjBhdSUyMGNvZXVyJTIwZGUlMjBsYSUyMFZhbGwlQzMlQTllJTIwZHUlMjBEb3VybyUyQyUyMFBhdHJpbW9pbmUlMjBNb25kaWFsJTIwZGUlMjBsJUUyJTgwJTk5VW5lc2NvLiUzQyUyRnNwYW4lM0UlMjAlM0MlMkZwJTNFJTNDJTJGZGl2JTNFJTBBJTIwJTIwJTIwJTIwJTIwJTIwJTIwJTIwJTNDJTJGZGl2JTNF[\/vc_raw_html][vc_raw_html]JTNDZGl2JTIwY2xhc3MlM0QlMjJzZWMtdGl0bGUlMjIlM0UlMEElM0NoMiUzRUluY2x1cyUzQ3NwYW4lMjBjbGFzcyUzRCUyMnRoZW1lX2NvbG9yJTIyJTNFRGFucyUyMFZvdHJlJTIwUyVDMyVBOWpvdXIlM0MlMkZzcGFuJTNFJTNDJTJGaDIlM0UlMjAlMjAlMjAlMjAlMjAlMjAlMjAlMjAlMjAlMjAlMEElMjAlMjAlMjAlMjAlMjAlMjAlMjAlMjAlM0MlMkZkaXYlM0U=[\/vc_raw_html][\/vc_column][\/vc_row][vc_row css=&#8221;.vc_custom_1488990161248{margin-right: 50px !important;margin-left: 50px !important;}&#8221;][vc_column width=&#8221;1\/3&#8243;][vc_single_image image=&#8221;1546&#8243; img_size=&#8221;300&#215;353&#8243; alignment=&#8221;center&#8221;][\/vc_column][vc_column width=&#8221;1\/3&#8243;][vc_single_image image=&#8221;1544&#8243; img_size=&#8221;300&#215;353&#8243; alignment=&#8221;center&#8221;][\/vc_column][vc_column width=&#8221;1\/3&#8243;][vc_single_image image=&#8221;1969&#8243; img_size=&#8221;300&#215;353&#8243; alignment=&#8221;center&#8221;][\/vc_column][\/vc_row][vc_row][vc_column][\/vc_column][\/vc_row][vc_row][vc_column][\/vc_column][\/vc_row][vc_row][vc_column][\/vc_column][\/vc_row]<\/p>\n","protected":false},"author":1,"featured_media":0,"parent":0,"menu_order":0,"comment_status":"open","ping_status":"closed","template":"tpl-visual_composer.php","meta":[],"yoast_head":"<!-- This site is optimized with the Yoast SEO plugin v15.9.1 - https:\/\/yoast.com\/wordpress\/plugins\/seo\/ -->\n<title>Maison Castedo do Douro | Une magnifique et authentique maison rustique situ\u00e9e dans un Vall\u00e9e du Douro<\/title>\n<meta name=\"description\" content=\"Une magnifique et authentique maison rustique, situ\u00e9e dans un village typique de la Vall\u00e9e du Douro, \u00e0 80 minutes de Porto.\" \/>\n<meta name=\"robots\" content=\"index, follow, max-snippet:-1, max-image-preview:large, max-video-preview:-1\" \/>\n<meta property=\"og:locale\" content=\"fr_FR\" \/>\n<meta property=\"og:type\" content=\"article\" \/>\n<meta property=\"og:title\" content=\"Maison Castedo do Douro | Une magnifique et authentique maison rustique situ\u00e9e dans un Vall\u00e9e du Douro\" \/>\n<meta property=\"og:description\" content=\"Une magnifique et authentique maison rustique, situ\u00e9e dans un village typique de la Vall\u00e9e du Douro, \u00e0 80 minutes de Porto.\" \/>\n<meta property=\"og:site_name\" content=\"Casa de F\u00e9rias\" \/>\n<meta property=\"article:publisher\" content=\"https:\/\/www.facebook.com\/casacastedododouro\/\" \/>\n<meta property=\"article:modified_time\" content=\"2018-11-22T18:32:54+00:00\" \/>\n<meta name=\"twitter:card\" content=\"summary\" \/>\n<script type=\"application\/ld+json\" class=\"yoast-schema-graph\">{\"@context\":\"https:\/\/schema.org\",\"@graph\":[{\"@type\":\"WebSite\",\"@id\":\"https:\/\/www.castedodourovilla.com\/#website\",\"url\":\"https:\/\/www.castedodourovilla.com\/\",\"name\":\"Casa de F\\u00e9rias\",\"description\":\"\",\"potentialAction\":[{\"@type\":\"SearchAction\",\"target\":\"https:\/\/www.castedodourovilla.com\/?s={search_term_string}\",\"query-input\":\"required name=search_term_string\"}],\"inLanguage\":\"fr-FR\"},{\"@type\":\"WebPage\",\"@id\":\"#webpage\",\"url\":\"\",\"name\":\"Maison Castedo do Douro | Une magnifique et authentique maison rustique situ\\u00e9e dans un Vall\\u00e9e du Douro\",\"isPartOf\":{\"@id\":\"https:\/\/www.castedodourovilla.com\/#website\"},\"datePublished\":\"2017-04-29T08:03:25+00:00\",\"dateModified\":\"2018-11-22T18:32:54+00:00\",\"description\":\"Une magnifique et authentique maison rustique, situ\\u00e9e dans un village typique de la Vall\\u00e9e du Douro, \\u00e0 80 minutes de Porto.\",\"breadcrumb\":{\"@id\":\"#breadcrumb\"},\"inLanguage\":\"fr-FR\",\"potentialAction\":[{\"@type\":\"ReadAction\",\"target\":[\"\"]}]},{\"@type\":\"BreadcrumbList\",\"@id\":\"#breadcrumb\",\"itemListElement\":[{\"@type\":\"ListItem\",\"position\":1,\"item\":{\"@type\":\"WebPage\",\"@id\":\"\",\"url\":\"\",\"name\":\"In\\u00edcio\"}},{\"@type\":\"ListItem\",\"position\":2,\"item\":{\"@type\":\"WebPage\",\"@id\":\"\",\"url\":\"\",\"name\":\"Homepage FR\"}}]},{\"@type\":\"Person\",\"@id\":\"https:\/\/www.castedodourovilla.com\/#\/schema\/person\/743e9299fc5e17418a91736b76b54394\",\"name\":\"gestao\",\"image\":{\"@type\":\"ImageObject\",\"@id\":\"https:\/\/www.castedodourovilla.com\/#personlogo\",\"inLanguage\":\"fr-FR\",\"url\":\"https:\/\/secure.gravatar.com\/avatar\/298bdd45d00d7fec5c4c39dbb8503141?s=96&d=mm&r=g\",\"caption\":\"gestao\"}}]}<\/script>\n<!-- \/ Yoast SEO plugin. -->","_links":{"self":[{"href":"https:\/\/www.castedodourovilla.com\/fr\/wp-json\/wp\/v2\/pages\/1337"}],"collection":[{"href":"https:\/\/www.castedodourovilla.com\/fr\/wp-json\/wp\/v2\/pages"}],"about":[{"href":"https:\/\/www.castedodourovilla.com\/fr\/wp-json\/wp\/v2\/types\/page"}],"author":[{"embeddable":true,"href":"https:\/\/www.castedodourovilla.com\/fr\/wp-json\/wp\/v2\/users\/1"}],"replies":[{"embeddable":true,"href":"https:\/\/www.castedodourovilla.com\/fr\/wp-json\/wp\/v2\/comments?post=1337"}],"version-history":[{"count":6,"href":"https:\/\/www.castedodourovilla.com\/fr\/wp-json\/wp\/v2\/pages\/1337\/revisions"}],"predecessor-version":[{"id":1974,"href":"https:\/\/www.castedodourovilla.com\/fr\/wp-json\/wp\/v2\/pages\/1337\/revisions\/1974"}],"wp:attachment":[{"href":"https:\/\/www.castedodourovilla.com\/fr\/wp-json\/wp\/v2\/media?parent=1337"}],"curies":[{"name":"wp","href":"https:\/\/api.w.org\/{rel}","templated":true}]}}