{"id":1348,"date":"2017-04-29T08:19:07","date_gmt":"2017-04-29T08:19:07","guid":{"rendered":"http:\/\/www.castedodourovilla.com\/fr\/?page_id=1348"},"modified":"2024-10-18T19:02:17","modified_gmt":"2024-10-18T19:02:17","slug":"prix-reservations","status":"publish","type":"page","link":"https:\/\/www.castedodourovilla.com\/fr\/prix-reservations\/","title":{"rendered":"Prix &#038; R\u00e9servations"},"content":{"rendered":"<p>[vc_row css=&#8221;.vc_custom_1489495498910{margin-top: 20px !important;margin-bottom: 10px !important;}&#8221;][vc_column][vc_custom_heading source=&#8221;post_title&#8221; font_container=&#8221;tag:h1|font_size:40|text_align:center|color:%23000000&#8243; use_theme_fonts=&#8221;yes&#8221;][\/vc_column][\/vc_row][vc_row container=&#8221;1&#8243; css=&#8221;.vc_custom_1488988454519{margin-top: 50px !important;margin-bottom: 50px !important;}&#8221;][vc_column width=&#8221;1\/2&#8243;]<div role=\"form\" class=\"wpcf7\" id=\"wpcf7-f1494-o1\" lang=\"pt-PT\" dir=\"ltr\">\n<div class=\"screen-reader-response\"><p role=\"status\" aria-live=\"polite\" aria-atomic=\"true\"><\/p> <ul><\/ul><\/div>\n<form action=\"\/fr\/wp-json\/wp\/v2\/pages\/1348#wpcf7-f1494-o1\" method=\"post\" class=\"wpcf7-form init cf7skins cf7s-caspar\" novalidate=\"novalidate\" data-status=\"init\">\n<div style=\"display: none;\">\n<input type=\"hidden\" name=\"_wpcf7\" value=\"1494\" \/>\n<input type=\"hidden\" name=\"_wpcf7_version\" value=\"5.4\" \/>\n<input type=\"hidden\" name=\"_wpcf7_locale\" value=\"pt_PT\" \/>\n<input type=\"hidden\" name=\"_wpcf7_unit_tag\" value=\"wpcf7-f1494-o1\" \/>\n<input type=\"hidden\" name=\"_wpcf7_container_post\" value=\"0\" \/>\n<input type=\"hidden\" name=\"_wpcf7_posted_data_hash\" value=\"\" \/>\n<\/div>\n<table width=\"100%\" border=\"0\" cellpadding=\"0\" cellspacing=\"0\">\n<tr>\n<td style=\" font-style: italic;\">Arriv\u00e9e<br \/>\n<span class=\"wpcf7-form-control-wrap date-423\"><input type=\"text\" name=\"date-423\" value=\"\" size=\"40\" class=\"wpcf7-form-control wpcf7-date wpcf7-validates-as-required\" aria-required=\"true\" placeholder=\"mm\/dd\/yy\" \/> <\/span>\n    <\/td>\n<td>&nbsp;<\/td>\n<td style=\" font-style: italic;\"> D\u00e9part<br \/>\n    <span class=\"wpcf7-form-control-wrap date-424\"><input type=\"text\" name=\"date-424\" value=\"\" size=\"40\" class=\"wpcf7-form-control wpcf7-date wpcf7-validates-as-required\" aria-required=\"true\" placeholder=\"mm\/dd\/yy\" \/> <\/span> <\/td>\n<\/tr>\n<tr>\n<td colspan=\"3\">Adult(es) <span class=\"wpcf7-form-control-wrap menu-967\"><select name=\"menu-967\" class=\"wpcf7-form-control wpcf7-select wpcf7-validates-as-required\" aria-required=\"true\" aria-invalid=\"false\"><option value=\"option\">option<\/option><option value=\"1\">1<\/option><option value=\"2\">2<\/option><option value=\"3\">3<\/option><option value=\"4\">4<\/option><option value=\"5\">5<\/option><option value=\"6\">6<\/option><option value=\"7\">7<\/option><option value=\"8\">8<\/option><option value=\"9\">9<\/option><option value=\"10\">10<\/option><\/select><\/span> <\/td>\n<\/tr>\n<tr>\n<td>Enfants jusqu\u00b4\u00e0 3 ans<br \/>\n    <span class=\"wpcf7-form-control-wrap menu-800\"><select name=\"menu-800\" class=\"wpcf7-form-control wpcf7-select\" aria-invalid=\"false\"><option value=\"option\">option<\/option><option value=\"1\">1<\/option><option value=\"2\">2<\/option><option value=\"3\">3<\/option><option value=\"4\">4<\/option><\/select><\/span> <\/td>\n<td>&nbsp;<\/td>\n<td>Enfants &gt; 3 ans<br \/>\n    <span class=\"wpcf7-form-control-wrap menu-968\"><select name=\"menu-968\" class=\"wpcf7-form-control wpcf7-select\" aria-invalid=\"false\"><option value=\"option\">option<\/option><option value=\"1\">1<\/option><option value=\"2\">2<\/option><option value=\"3\">3<\/option><option value=\"4\">4<\/option><option value=\"5\">5<\/option><option value=\"6\">6<\/option><option value=\"7\">7<\/option><option value=\"8\">8<\/option><\/select><\/span> <\/td>\n<\/tr>\n<tr>\n<td colspan=\"3\">Nom<br \/>\n    <span class=\"wpcf7-form-control-wrap your-name\"><input type=\"text\" name=\"your-name\" value=\"\" size=\"40\" class=\"wpcf7-form-control wpcf7-text wpcf7-validates-as-required\" aria-required=\"true\" aria-invalid=\"false\" \/><\/span> <\/td>\n<\/tr>\n<tr>\n<td colspan=\"3\">Email<br \/>\n    <span class=\"wpcf7-form-control-wrap your-email\"><input type=\"email\" name=\"your-email\" value=\"\" size=\"40\" class=\"wpcf7-form-control wpcf7-text wpcf7-email wpcf7-validates-as-required wpcf7-validates-as-email\" aria-required=\"true\" aria-invalid=\"false\" \/><\/span><\/td>\n<\/tr>\n<tr>\n<td colspan=\"3\">Sujet<br \/>\n    <span class=\"wpcf7-form-control-wrap text-86\"><input type=\"text\" name=\"text-86\" value=\"\" size=\"40\" class=\"wpcf7-form-control wpcf7-text\" aria-invalid=\"false\" \/><\/span> <\/td>\n<\/tr>\n<tr>\n<td colspan=\"3\">Message<br \/>\n    <span class=\"wpcf7-form-control-wrap textarea-131\"><textarea name=\"textarea-131\" cols=\"40\" rows=\"10\" class=\"wpcf7-form-control wpcf7-textarea\" aria-invalid=\"false\"><\/textarea><\/span> <\/td>\n<\/tr>\n<tr>\n<td colspan=\"3\"><input type=\"submit\" value=\"Envoyer\" class=\"wpcf7-form-control wpcf7-submit\" \/><\/td>\n<\/tr>\n<\/table>\n<div class=\"wpcf7-response-output\" aria-hidden=\"true\"><\/div><\/form><\/div>[\/vc_column][vc_column width=&#8221;1\/2&#8243;][vc_tta_tabs][vc_tta_section title=&#8221;Prix&#8221; tab_id=&#8221;precos&#8221;][vc_column_text]\n<table id=\"tablepress-3\" class=\"tablepress tablepress-id-3\">\n<thead>\n<tr class=\"row-1\">\n\t<th class=\"column-1\">&nbsp;<\/th><th class=\"column-2\">Basse Saison <\/th><th class=\"column-3\">Haute Saison<\/th>\n<\/tr>\n<\/thead>\n<tbody class=\"row-hover\">\n<tr class=\"row-2\">\n\t<td class=\"column-1\">Jusqu'\u00e0 4 personnes<\/td><td class=\"column-2\">200\u20ac\/nuit<\/td><td class=\"column-3\">250\u20ac\/nuit<\/td>\n<\/tr>\n<tr class=\"row-3\">\n\t<td class=\"column-1\">Personne Suppl\u00e9mentaire<br \/>\n(du 5\u00e8me \u00e0 la 10\u00e8me personne)<\/td><td class=\"column-2\">25\u20ac\/nuit\/personne<\/td><td class=\"column-3\">25\u20ac\/nuit\/personne<\/td>\n<\/tr>\n<\/tbody>\n<\/table>\n<!-- #tablepress-3 from cache -->[\/vc_column_text][vc_column_text]<\/p>\n<table border=\"0\" width=\"100%\" cellspacing=\"0\" cellpadding=\"0\">\n<tbody>\n<tr>\n<td class=\"descricao\">3 nuits minimum de s\u00e9jour, sauf\u00a0 entre 1 Juillet et le 14 Septembre 2025( <strong>7 nuits minimum de s\u00e9jour<\/strong>)<\/td>\n<\/tr>\n<tr>\n<td class=\"descricao-bord\"><\/td>\n<\/tr>\n<tr>\n<td>10% remise pour tous les r\u00e9servations directes sur le site \/ casa.castedo.douro@gmail.com, applicable \u00e0 8 invit\u00e9s payants et 4 nuits minimum s\u00e9jour.<\/td>\n<\/tr>\n<tr>\n<td><span class=\"descricao\">\u00a0<\/span><\/td>\n<\/tr>\n<tr>\n<td class=\"descricao-bord\"><strong>Baisse Saison 2025 <\/strong>(07\/06 au 30\/06 ; 15\/09 au 12\/10) ; <strong>Haute Saison 2025 <\/strong>(01\/07 au 14\/09 ; 26\/12 au 01\/01\/2026)<\/td>\n<\/tr>\n<tr>\n<td>&nbsp;<\/p>\n<p>\u2013 Sp\u00e9cial\u00a0<strong>\u201cNouvelle Ann\u00e9e 2024\u201d<\/strong><\/p>\n<p>S\u00e9jour minimum de 3 nuits plus offre du 4\u00aa nuit \/ offre nuit de fin d&#8217;ann\u00e9e.<\/p>\n<p>Tous lex prix mentionn\u00e9s sans TVA.<\/td>\n<\/tr>\n<\/tbody>\n<\/table>\n<p>[\/vc_column_text][\/vc_tta_section][vc_tta_section title=&#8221;Termes&#8221; tab_id=&#8221;condicoes&#8221;][vc_column_text]<strong><b>Termes<\/b><\/strong><\/p>\n<p>&#8211;\u00a0S\u00e9jour gratuit pour les enfants de moins de 3\u00a0ans \u00e0 la date de l&#8217;arriv\u00e9e, jusqu&#8217;\u00e0 un maximum de 2 enfants.<\/p>\n<p>&#8211;<i> <\/i>Check-in\u00a0doit \u00eatre effectu\u00e9 de 15H00 \u00e0 20H00, \u00e0\u00a0combiner avec les Visiteurs.\u00a0\u00a0Apr\u00e8s cette p\u00e9riode, il est n\u00e9cessaire de confirmer la disponibilit\u00e9 et il sera charg\u00e9\u00a025\u20ac suppl\u00e9mentaires \u00e0 l&#8217;arriv\u00e9e. <i>Check-out<\/i> droit \u00eatre effectu\u00e9 avant 11H00. Nous vous offrons <i>Late Check-Out <\/i>sous r\u00e9serve de disponibilit\u00e9<span style=\"color: #1f497d;\">.<\/span><\/p>\n<p>&#8211; La capacit\u00e9 maximale de <b>Casa Castedo do Douro<\/b> est de 10 personnes. Il\u00a0ne seront pas \u00a0autoris\u00e9s \u00e0 entrer dans la propri\u00e9t\u00e9 des personnes que ne \u00a0font pas partie de la r\u00e9servation, sans l&#8217;autorisation du propri\u00e9taire.<\/p>\n<p>&#8211; Les r\u00e9servations seront garantis lors de la confirmation de paiement de 50% du co\u00fbt total du s\u00e9jour. <span lang=\"EN-US\">Les 50%\u00a0restants doivent \u00eatre pay\u00e9s dans les 15 jours avant la date d&#8217;arriv\u00e9e. <\/span>Les paiement seront effectu\u00e9s par virement bancaire \u00e0 la\u00a0IBAN \u00a0indiqu\u00e9 par le propri\u00e9taire.<\/p>\n<p>&#8211;\u00a0 Il soit n\u00e9cessaire de d\u00e9poser une caution \/ d\u00e9p\u00f4t de guarantie en argent, \u00e0 l&#8217;arriv\u00e9e\/check-in, jusqu&#8217;\u00e0 20% du montant de la r\u00e9servation, qui sera return\u00e9 en totalit\u00e9, lors du d\u00e9part.\u00a0<b>Casa Castedo do Douro<\/b> a le droit de exiger l&#8217;indemnisation de tout dommage caus\u00e9 dans la propri\u00e9t\u00e9, ses installations et son \u00e9quipement, pour leurs Visiteurs qui doivent \u00eatre d\u00e9clar\u00e9es immediatement au propri\u00e9taire ou l&#8217;employ\u00e9.<sup>\u00a0<\/sup><\/p>\n<p><b>Politique de A&#8217;annulation de la r\u00e9servation<\/b><\/p>\n<p>&#8211; Le remboursement du montant d\u00e9j\u00e0 pay\u00e9 \u00e0 ce jour (50% du co\u00fbt total du s\u00e9jour, moins des frais bancaires ), si annuler la r\u00e9servation jusqu&#8217;\u00e0 30 jours avant l&#8217;arriv\u00e9e. Pour toute annulation de r\u00e9servation en ao\u00fbt, 10% du montant total seront factur\u00e9s.<\/p>\n<ul>\n<li>&#8211; Le remboursement de la moiti\u00e9 du montant d\u00e9j\u00e0 pay\u00e9 \u00e0 ce jour (25% du co\u00fbt total du s\u00e9jour), si annuler la r\u00e9servation jusqu&#8217;\u00e0 15\u00a0jours avant l&#8217;arriv\u00e9e.<\/li>\n<\/ul>\n<p>[\/vc_column_text][\/vc_tta_section][\/vc_tta_tabs][\/vc_column][\/vc_row]<\/p>\n<div style=\"display: none;\"\n    class=\"kk-star-ratings kksr-valign-bottom kksr-align-right \"\n    data-id=\"1348\"\n    data-slug=\"\">\n    <div class=\"kksr-stars\">\n    <div class=\"kksr-stars-inactive\">\n            <div class=\"kksr-star\" data-star=\"1\">\n            <div class=\"kksr-icon\" style=\"width: px; height: px;\"><\/div>\n        <\/div>\n            <div class=\"kksr-star\" data-star=\"2\">\n            <div class=\"kksr-icon\" style=\"width: px; height: px;\"><\/div>\n        <\/div>\n            <div class=\"kksr-star\" data-star=\"3\">\n            <div class=\"kksr-icon\" style=\"width: px; height: px;\"><\/div>\n        <\/div>\n            <div class=\"kksr-star\" data-star=\"4\">\n            <div class=\"kksr-icon\" style=\"width: px; height: px;\"><\/div>\n        <\/div>\n            <div class=\"kksr-star\" data-star=\"5\">\n            <div class=\"kksr-icon\" style=\"width: px; height: px;\"><\/div>\n        <\/div>\n    <\/div>\n    <div class=\"kksr-stars-active\" style=\"width: 0px;\">\n            <div class=\"kksr-star\">\n            <div class=\"kksr-icon\" style=\"width: px; height: px;\"><\/div>\n        <\/div>\n            <div class=\"kksr-star\">\n            <div class=\"kksr-icon\" style=\"width: px; height: px;\"><\/div>\n        <\/div>\n            <div class=\"kksr-star\">\n            <div class=\"kksr-icon\" style=\"width: px; height: px;\"><\/div>\n        <\/div>\n            <div class=\"kksr-star\">\n            <div class=\"kksr-icon\" style=\"width: px; height: px;\"><\/div>\n        <\/div>\n            <div class=\"kksr-star\">\n            <div class=\"kksr-icon\" style=\"width: px; height: px;\"><\/div>\n        <\/div>\n    <\/div>\n<\/div>\n    <div class=\"kksr-legend\">\n            <span class=\"kksr-muted\"><\/span>\n    <\/div>\n<\/div>\n","protected":false},"excerpt":{"rendered":"<p>[vc_row css=&#8221;.vc_custom_1489495498910{margin-top: 20px !important;margin-bottom: 10px !important;}&#8221;][vc_column][vc_custom_heading source=&#8221;post_title&#8221; font_container=&#8221;tag:h1|font_size:40|text_align:center|color:%23000000&#8243; use_theme_fonts=&#8221;yes&#8221;][\/vc_column][\/vc_row][vc_row container=&#8221;1&#8243; css=&#8221;.vc_custom_1488988454519{margin-top: 50px !important;margin-bottom: 50px !important;}&#8221;][vc_column width=&#8221;1\/2&#8243;][\/vc_column][vc_column width=&#8221;1\/2&#8243;][vc_tta_tabs][vc_tta_section title=&#8221;Prix&#8221; tab_id=&#8221;precos&#8221;][vc_column_text][\/vc_column_text][vc_column_text] 3 nuits minimum de s\u00e9jour, sauf\u00a0 entre 1 Juillet et le 14 Septembre 2025( 7 nuits minimum de s\u00e9jour) 10% remise pour tous les r\u00e9servations directes sur le site \/ casa.castedo.douro@gmail.com, applicable \u00e0 8 invit\u00e9s payants<\/p>\n","protected":false},"author":1,"featured_media":0,"parent":0,"menu_order":0,"comment_status":"open","ping_status":"closed","template":"tpl-visual_composer.php","meta":[],"yoast_head":"<!-- This site is optimized with the Yoast SEO plugin v15.9.1 - https:\/\/yoast.com\/wordpress\/plugins\/seo\/ -->\n<title>Prix &amp; R\u00e9servations | Une magnifique et authentique maison rustique situ\u00e9e dans un Vall\u00e9e du Douro<\/title>\n<meta name=\"description\" content=\"Prix &amp; R\u00e9servations en une magnifique et authentique maison rustique, situ\u00e9e dans un village typique de la Vall\u00e9e du Douro, \u00e0 80 minutes de Porto.\" \/>\n<meta name=\"robots\" content=\"index, follow, max-snippet:-1, max-image-preview:large, max-video-preview:-1\" \/>\n<link rel=\"canonical\" href=\"https:\/\/www.castedodourovilla.com\/fr\/prix-reservations\/\" \/>\n<meta property=\"og:locale\" content=\"fr_FR\" \/>\n<meta property=\"og:type\" content=\"article\" \/>\n<meta property=\"og:title\" content=\"Prix &amp; R\u00e9servations | Une magnifique et authentique maison rustique situ\u00e9e dans un Vall\u00e9e du Douro\" \/>\n<meta property=\"og:description\" content=\"Prix &amp; R\u00e9servations en une magnifique et authentique maison rustique, situ\u00e9e dans un village typique de la Vall\u00e9e du Douro, \u00e0 80 minutes de Porto.\" \/>\n<meta property=\"og:url\" content=\"https:\/\/www.castedodourovilla.com\/fr\/prix-reservations\/\" \/>\n<meta property=\"og:site_name\" content=\"Casa de F\u00e9rias\" \/>\n<meta property=\"article:publisher\" content=\"https:\/\/www.facebook.com\/casacastedododouro\/\" \/>\n<meta property=\"article:modified_time\" content=\"2024-10-18T19:02:17+00:00\" \/>\n<meta name=\"twitter:card\" content=\"summary\" \/>\n<meta name=\"twitter:label1\" content=\"Est. reading time\">\n\t<meta name=\"twitter:data1\" content=\"2 minutes\">\n<script type=\"application\/ld+json\" class=\"yoast-schema-graph\">{\"@context\":\"https:\/\/schema.org\",\"@graph\":[{\"@type\":\"WebSite\",\"@id\":\"https:\/\/www.castedodourovilla.com\/#website\",\"url\":\"https:\/\/www.castedodourovilla.com\/\",\"name\":\"Casa de F\\u00e9rias\",\"description\":\"\",\"potentialAction\":[{\"@type\":\"SearchAction\",\"target\":\"https:\/\/www.castedodourovilla.com\/?s={search_term_string}\",\"query-input\":\"required name=search_term_string\"}],\"inLanguage\":\"fr-FR\"},{\"@type\":\"WebPage\",\"@id\":\"https:\/\/www.castedodourovilla.com\/fr\/prix-reservations\/#webpage\",\"url\":\"https:\/\/www.castedodourovilla.com\/fr\/prix-reservations\/\",\"name\":\"Prix & R\\u00e9servations | Une magnifique et authentique maison rustique situ\\u00e9e dans un Vall\\u00e9e du Douro\",\"isPartOf\":{\"@id\":\"https:\/\/www.castedodourovilla.com\/#website\"},\"datePublished\":\"2017-04-29T08:19:07+00:00\",\"dateModified\":\"2024-10-18T19:02:17+00:00\",\"description\":\"Prix & R\\u00e9servations en une magnifique et authentique maison rustique, situ\\u00e9e dans un village typique de la Vall\\u00e9e du Douro, \\u00e0 80 minutes de Porto.\",\"breadcrumb\":{\"@id\":\"https:\/\/www.castedodourovilla.com\/fr\/prix-reservations\/#breadcrumb\"},\"inLanguage\":\"fr-FR\",\"potentialAction\":[{\"@type\":\"ReadAction\",\"target\":[\"https:\/\/www.castedodourovilla.com\/fr\/prix-reservations\/\"]}]},{\"@type\":\"BreadcrumbList\",\"@id\":\"https:\/\/www.castedodourovilla.com\/fr\/prix-reservations\/#breadcrumb\",\"itemListElement\":[{\"@type\":\"ListItem\",\"position\":1,\"item\":{\"@type\":\"WebPage\",\"@id\":\"\",\"url\":\"\",\"name\":\"In\\u00edcio\"}},{\"@type\":\"ListItem\",\"position\":2,\"item\":{\"@type\":\"WebPage\",\"@id\":\"https:\/\/www.castedodourovilla.com\/fr\/prix-reservations\/\",\"url\":\"https:\/\/www.castedodourovilla.com\/fr\/prix-reservations\/\",\"name\":\"Prix &#038; R\\u00e9servations\"}}]}]}<\/script>\n<!-- \/ Yoast SEO plugin. -->","_links":{"self":[{"href":"https:\/\/www.castedodourovilla.com\/fr\/wp-json\/wp\/v2\/pages\/1348"}],"collection":[{"href":"https:\/\/www.castedodourovilla.com\/fr\/wp-json\/wp\/v2\/pages"}],"about":[{"href":"https:\/\/www.castedodourovilla.com\/fr\/wp-json\/wp\/v2\/types\/page"}],"author":[{"embeddable":true,"href":"https:\/\/www.castedodourovilla.com\/fr\/wp-json\/wp\/v2\/users\/1"}],"replies":[{"embeddable":true,"href":"https:\/\/www.castedodourovilla.com\/fr\/wp-json\/wp\/v2\/comments?post=1348"}],"version-history":[{"count":27,"href":"https:\/\/www.castedodourovilla.com\/fr\/wp-json\/wp\/v2\/pages\/1348\/revisions"}],"predecessor-version":[{"id":2163,"href":"https:\/\/www.castedodourovilla.com\/fr\/wp-json\/wp\/v2\/pages\/1348\/revisions\/2163"}],"wp:attachment":[{"href":"https:\/\/www.castedodourovilla.com\/fr\/wp-json\/wp\/v2\/media?parent=1348"}],"curies":[{"name":"wp","href":"https:\/\/api.w.org\/{rel}","templated":true}]}}