{"id":1349,"date":"2017-04-29T08:21:50","date_gmt":"2017-04-29T08:21:50","guid":{"rendered":"http:\/\/www.castedodourovilla.com\/fr\/?page_id=1349"},"modified":"2018-01-19T16:16:50","modified_gmt":"2018-01-19T16:16:50","slug":"visiter-vallee-du-douro","status":"publish","type":"page","link":"https:\/\/www.castedodourovilla.com\/fr\/visiter-vallee-du-douro\/","title":{"rendered":"\u00c0 Visiter ne Vall\u00e9e du Douro"},"content":{"rendered":"<p>[vc_row css=&#8221;.vc_custom_1489495498910{margin-top: 20px !important;margin-bottom: 10px !important;}&#8221;][vc_column][vc_custom_heading source=&#8221;post_title&#8221; font_container=&#8221;tag:h1|font_size:40|text_align:center|color:%23000000&#8243; use_theme_fonts=&#8221;yes&#8221;][\/vc_column][\/vc_row][vc_row container=&#8221;1&#8243; css=&#8221;.vc_custom_1491584441006{margin-top: 20px !important;margin-bottom: 10px !important;}&#8221;][vc_column][vc_row_inner][vc_column_inner width=&#8221;1\/2&#8243;][vc_column_text]<b>&#8211;\u00a0Parcs Naturels<\/b><\/p>\n<p><b>Parc Naturel du Alv\u00e3o <\/b>&#8211; 7000 hectares de faune abondante et diversifi\u00e9e, avec ses superbes paysages naturels et dans son \u00e9tat d&#8217;origine, comme les<b> Fisgas de Ermelo.<\/b><\/p>\n<p><b>Parc Arch\u00e9ologique de la Vall\u00e9e du C\u00f4a<\/b>\u00a0&#8211; concentre la plupart de les sites pr\u00e9historiques de l&#8217;art rupestre de la Vall\u00e9e du C\u00f4a, consid\u00e9r\u00e9 comme le plus important dans le monde de l&#8217;\u00e9xterieur Pal\u00e9olithique Art. <b>Class\u00e9e au Patrimoine Mondial par l&#8217;UNESCO<\/b>, il y a plus de 60 carottes de roche, repartis sur 26 kms.<\/p>\n<p><b>Parc Naturel du Douro International<\/b> &#8211; 122 kms entre Portugal et Espagne, suivant le lit du fleuve Douro et de son affluent \u00c1gueda, avec une faune riche et des belles paysages, vous pouvez trouver diff\u00e9rents esp\u00e8ces animales, dont certaines son en voie de disparition, comme le Lynx Ib\u00e9rique et l&#8217;Aigle de Bonelli.[\/vc_column_text][\/vc_column_inner][vc_column_inner width=&#8221;1\/2&#8243;][vc_images_carousel images=&#8221;1082,1083,1084,1085,1086&#8243; img_size=&#8221;500&#215;400&#8243;][\/vc_column_inner][\/vc_row_inner][vc_column_text]<b>&#8211; Route des Belv\u00e9d\u00e8res<\/b><\/p>\n<p>Dispers\u00e9 par tout la r\u00e9gion du Douro, il y a des nombreux points de vue qui se distinguent par leur beaut\u00e9, comme \u00a0le <b>belv\u00e9d\u00e8re<\/b>\u00a0<b>du\u00a0S\u00e3o Jo\u00e3o da Galafura, belv\u00e9d\u00e8re du S\u00e3o Domingos, belv\u00e9d\u00e8re du Casal de Loivos et belv\u00e9d\u00e8re du\u00a0Santu\u00e1rio de S\u00e3o Salvador do Mundo<\/b>. Grace \u00e0 eux, vou pouvez d\u00e9couvrir et\u00a0admirer les plus beaux paysages\u00a0et villages de la Vall\u00e9e du Douro, un site class\u00e9e au Patrimoine Mondial par L&#8217;UNESCO.<\/p>\n<p><b>&#8211; Route des Vins-Villages<\/b><\/p>\n<p><span lang=\"EN-US\">Ne manquez par l&#8217;occasion de rencontrer les diff\u00e9rents villages producteurs de vin et laissez-vous envo\u00fbter avec ses vieilles maisons en pierre, ses belles \u00e9glises et piloris et vivre avec son peuple, tr\u00e8s accueillant et toujours pr\u00eat \u00e0 transmettre les traditions et les coutumes locales. <\/span>En <b>Favaios,<\/b> \u00a0visitez le<b> centre mus\u00e9e locale<\/b>, ou vouz pouvez savoir tout sur <b>le vin et le pain de Favaios<\/b>, tr\u00e8s connus dans la r\u00e9gion et pas seulement, visiter un vignoble local et \u00e0 la fin, d\u00e9guster un verre de ce fameux\u00a0vin de liqueur.\u00a0Dans <b>Provesende<\/b>, parcourez les\u00a0trottoirs de la village avec son 9 maisons\/palais de l&#8217;ancienne noblesse\u00a0et visitez l&#8217;\u00e9glise ainsi que d&#8217;autres monuments. Assurez-vous de voire les vieilles tuiles d\u00e9di\u00e9es \u00e0 la culture de vigne, \u00e0 la gare du c\u00e9l\u00e8bre village de <b>Pinh\u00e3o.<\/b> Il est encore possible de faire inoubliables\u00a0itin\u00e9raires pi\u00e9ton pour les vieux\u00a0chemins, entre plusieurs\u00a0de ces villages viticoles, en particulier<b> Pinh\u00e3o- Provesende<\/b> et <b>Pinh\u00e3o-Casal de Loivos-Favaios<\/b>.<\/p>\n<p><b>&#8211; Route des Mus\u00e9e, du Patrimoine et de l&#8217;Histoire Architecturale<\/b><\/p>\n<p>Pour son anciennet\u00e9 et vaste patrimoine, la ville de<b> Lamego <\/b>est un exemple vivant de l&#8217;histoire qui a \u00e9t\u00e9 enregistr\u00e9 dans ses rues m\u00e9di\u00e9vales, l&#8217;architecture de ses monuments, comme le<b> Sanctuaire de Nossa Senhora dos Rem\u00e9dios<\/b> &#8211;\u00a0construction de la\u00a0fin du si\u00e8cle XVIII, de style rococ\u00f3 et son cel\u00e9bre escalier avec 686 marches et plusieurs paliers orn\u00e9es de chapelles, statues, fontaines et ob\u00e9lisques, le<b> Ch\u00e2teau de Lamego et son Citerne<\/b>,<b>\u00a0<\/b>class\u00e9 comme monument national, la<b> Cath\u00e9drale de Lamego<\/b>, construite au milieu du si\u00e8gle XII et le famous <b>Mus\u00e9e de Lamego,\u00a0<\/b>install\u00e9 dans l&#8217;ancien palais \u00e9piscopal, o\u00f9 l&#8217;on peut trouver diverses sections de la\u00a0peinture, la\u00a0sculpture, les bijoux et des carreaux de XIIe si\u00e8cle au XXe\u00a0si\u00e8cle, l&#8217;arch\u00e9ologie romaine, m\u00e9di\u00e9vale et baroque, chapelles et autels des XVIIe et XVIIe si\u00e8cles, \u00a0ce\u00a0qui a conduit\u00a0\u00a0\u00e0 la classification comme &#8220;<b>Tr\u00e9sor National<\/b>&#8221; de 18 pi\u00e8ces sous\u00a0la garde du <b>Mus\u00e9e Lamego.<\/b><\/p>\n<p>En dehors de la ville de<b> Vila Real<\/b>,\u00a0il doit \u00eatre la visite du <b>Palais de Mateus<\/b>,<b>\u00a0<\/b>un <b>&#8220;mini Versailles&#8221; Portugais<\/b>. Construit au milieu du XVIIIe si\u00e8cle, il est consid\u00e9r\u00e9 l&#8217;expression maximale de la p\u00e9riode Baroque. Une partie de la maison est ouverte au publique, o\u00f9 le visiteur peut conna\u00eetre la salle principale, la biblioth\u00e8que o\u00f9 se trouve <b>une copie de la premi\u00e8re \u00e9dition de &#8220;Os Lus\u00edadas&#8221;, du po\u00e8te Lu\u00eds Vaz de Cam\u00f5es<\/b> et plusieurs de salles avec des meubles et faience\u00a0originaux. A la sportie, vous pouvez faireune\u00a0promenade dans les jardins luxuriants o\u00f9 vous pouvez trouver, un tunnel de c\u00e8dre unique et joliment trait\u00e9s.<\/p>\n<p>Un s\u00e9jour au Vall\u00e9e du Douro ne peut pas manquer d&#8217;inclure une visite au\u00a0<b>Mus\u00e9e du Douro<\/b>, dans la ville de <b>Peso de R\u00e9gua<\/b>, le long de <b>fleuve Douro<\/b>.\u00a0Ici,\u00a0vous pouvez\u00a0conna\u00eetre la culture du vin, des dif\u00e9rentes vari\u00e9t\u00e9s de vin,les meilleures ann\u00e9s de production et les differents\u00a0types de vin de\u00a0Porto, entre autres.<\/p>\n<p>Un autre mus\u00e9e \u00e0 visiter est le <b>Mus\u00e9e\u00a0du Vin<\/b>, dans la ville de <b>S\u00e3o Jo\u00e3o da Pesqueira<\/b>. Ici aussi, le th\u00e8me\u00a0du vin et de la vigne\u00a0est dominant.\u00a0 Pour meilleur conna\u00eetre les coutumes\u00a0et traditions locaux,\u00a0il faut\u00a0visiter\u00a0le\u00a0<b>Mus\u00e9e Ethnographique<\/b>\u00a0et le<b> Mus\u00e9e de l&#8217;Art Sacr\u00e8<\/b> de\u00a0<b>Trev\u00f5es<\/b>, rustique village,\u00a0autour.<\/p>\n<p>Finalement, le <b>Mus\u00e9e du C\u00f4a \u00e0 Vila Nova de Foz do C\u00f4a<\/b>, avec une magnifique vue sur la vall\u00e9e \u00a0de C\u00f4a, vise \u00e0 promouvoir le patrimoine historique et culturel <b>d&#8217;art rupestre pr\u00e9historique <\/b>du <b>site du Vall\u00e9e du C\u00f4a, <\/b>reconnu par<b> L&#8217;UNESCO <\/b>comme<b> Patrimoine Mondial.<\/b><\/p>\n<p><b>&#8211; Routes des Ch\u00e2teaux,\u00a0Mon\u00e0steres et autres<\/b><\/p>\n<p>La r\u00e9gion du Douro est riche en nombreux exemples de ch\u00e2teaux et monast\u00e8res, de divers styles architecturaux, comme le baroque ou le gothique, aux p\u00e9riodes ant\u00e9rieurs \u00e0 la Fondation du\u00a0Portugal ou de la p\u00e9riode m\u00e9di\u00e9vale.<\/p>\n<p>Parmi plusieurs, nous mettons en \u00e9vidence le\u00a0<b>Monast\u00e8re\u00a0de Salzedas, le Monast\u00e8re de\u00a0S\u00e3o Jo\u00e3o de Tarouca, le\u00a0Pont et\u00a0Tour \u00a0M\u00e9di\u00e9vales\u00a0de Ucanha, le Ch\u00e2teaux\u00a0de Num\u00e3o, le Ch\u00e2teaux\u00a0de Meda, le Ch\u00e2teaux\u00a0de Penedono, le Ch\u00e2teaux\u00a0de Mogadouro, le Ch\u00e2teaux\u00a0\u00a0de Longroiva et le Ch\u00e2teaux de\u00a0Marialva et\u00a0sa Citadelle<\/b><b>.<\/b><\/p>\n<p><b>&#8211; Route de la Arch\u00e9ologie<\/b><\/p>\n<p>Depuis l&#8217;age du Pal\u00e9olithique que l&#8217;Homme habite dans la r\u00e9gion du Douro, ayant laiss\u00e9 des traces de leur existence enregistr\u00e9es dans les roches ou dans les b\u00e2timents du\u00a0N\u00e9olithique. En plus des<b> c\u00e9l\u00e8bres gravures\u00a0rupestres du parc arch\u00e9ologique de la Vall\u00e9e du C\u00f4a<\/b>,\u00a0nous pouvons trouver des nombreux vestiges arch\u00e9ologiques en bon \u00e9tat, parmis lesquels le<b> Sanctuaire de Pan\u00f3ias, <\/b>les<b>\u00a0\u00a0Dolmens du\u00a0Nossa Senhora do Monte et\u00a0du Areita, <\/b>les<b> Castrumes\u00a0du\u00a0P\u00f3pulo, Cidadelhe et\u00a0Palheiros.<\/b><\/p>\n<p><b>&#8211; Plages de la Rivi\u00e8re<\/b><\/p>\n<p>Dans la <b>paysage prot\u00e9g\u00e9 de<\/b> <b>Azibo<\/b>, nous mettons en \u00e9vidence la <b>Ribeira plage<\/b> et la <b>Fraga plage<\/b>, mais il y a beaucoup d&#8217;autres plages (<b>Passadouro, l&#8217;embouchure do fleuve Tua et l&#8217;embouchure du fleuve Pinh\u00e3o<\/b>),\u00a0\u00a0id\u00e9al pour les-apr\u00e8s midi dans la vie de famille ou entre amis,\u00a0 o\u00f9 r\u00e8gne la tranquilit\u00e9 et les paysages verdoyants vous invitent \u00e0 plonger dans les eaux du fleuve Douro et de ses affluents.<\/p>\n<p><b>&#8211; World Best Driving Route&#8221;<br \/>\n<\/b><\/p>\n<p>Assurez-vous de passer par\u00a0la route<b> N222<\/b>, qui <b>traverse le coeur de la Vall\u00e9e du Douro, reliant Peso da R\u00e9gua \u00e0 Pinh\u00e3o<\/b>, plus de 27 kms, prenant 30 minutes en moyenne,\u00a0le\u00a0long du fleuve Douro,\u00a0avec des belles et traditionnel paysages, vignes et fermes\u00a0autour.\u00a0Cette route\u00a0a \u00e9t\u00e9 jug\u00e9, en 2015, pour l&#8217;\u00a0\u00e9tude d&#8217;Avis Rent a Car,<b> meilleure route du monde \u00e0 conduire<\/b>. Selon cette \u00e9tude, la route id\u00e9ale a un rapport de 10:1, soit dix secondes por chaque seconde ligne droite pass\u00e9 en virage. Le N222 enregistre 11:1, qui est le plus proche de la perfection, entre l&#8217;autres candidats, comme Big Sur\u00a0en Californie ou A535 en Angleterre.<\/p>\n<p><b>&#8211; Gastronomie<\/b><\/p>\n<p>La r\u00e9gion du Douro est aussi largement reconnu pour sa gastronomie. La pr\u00e9sence des produits le plus divers \u00a0de la r\u00e9gion combin\u00e9e aux saveurs uniques de leurs recettes traditionelles, la plupart d&#8217;entre eux transmis de g\u00e9n\u00e9ration en g\u00e9n\u00e9ration, confirmer le caract\u00e8re de la r\u00e9gion. \u00a0<span lang=\"EN-US\">Il y a plusieurs restaurants o\u00f9 vous pourrez d\u00e9guster des sp\u00e9cialit\u00e9s r\u00e9gionales, du \u00a0plus traditionelle au plus sophistiqu\u00e9, avec des prix pour tous les budgets et toujours avec l&#8217;hospitalit\u00e9 de la population locale.\u00a0L<\/span>es plats typiques de cette r\u00e9gion, nous \u00a0vous sugg\u00e9rons le <b>chevreau r\u00f4ti au four<\/b> (<i>cabrito assado em forno de lenha)<\/i>, <b>la boule de pain garnie de viande<\/b> (<i>bola de carne<\/i>), <b>rago\u00fbt d&#8217;agneau<\/b>\u00a0(<i>ensopado de borrego<\/i>) et le <b>plat typique de haricots <\/b>(<i>feijoada)<\/i>, <b>perdrix<\/b> (<i>perdiz<\/i>),<b> sanglier<\/b><i>(javali),<\/i><b>\u00a0jambon et saucisses vari\u00e9s<\/b>\u00a0. Les entremets et desserts typiques sont <b>le riz au lait<\/b> (<i>arroz doce<\/i>), <b>la cr\u00e8me au lait<\/b> <i>(leite-creme)<\/i>, <b>pudding<\/b> <i>(pudim)<\/i>, <b>des traditionelles biscuits\/g\u00e2teau &#8220;<i>Covilhetes&#8221;<\/i>\u00a0de Vila Real et<i>\u00a0&#8220;Papos de Anjo&#8221; <\/i>de Mirandela.<\/b><\/p>\n<p>Pendant le s\u00e9jour \u00e0 la <b>Casa Castedo do Douro, <\/b>nous serons heureux de vous fournir toutes sortes d&#8217;informations et de vos proposer\u00a0des principales options gastronomiques, selon le profit et les pr\u00e9f\u00e9rences indiqu\u00e9es.<\/p>\n<p>&nbsp;<\/p>\n<div style=\"display: none;\"\n    class=\"kk-star-ratings   \"\n    data-id=\"1349\"\n    data-slug=\"\">\n    <div class=\"kksr-stars\">\n    <div class=\"kksr-stars-inactive\">\n            <div class=\"kksr-star\" data-star=\"1\">\n            <div class=\"kksr-icon\" style=\"width: px; height: px;\"><\/div>\n        <\/div>\n            <div class=\"kksr-star\" data-star=\"2\">\n            <div class=\"kksr-icon\" style=\"width: px; height: px;\"><\/div>\n        <\/div>\n            <div class=\"kksr-star\" data-star=\"3\">\n            <div class=\"kksr-icon\" style=\"width: px; height: px;\"><\/div>\n        <\/div>\n            <div class=\"kksr-star\" data-star=\"4\">\n            <div class=\"kksr-icon\" style=\"width: px; height: px;\"><\/div>\n        <\/div>\n            <div class=\"kksr-star\" data-star=\"5\">\n            <div class=\"kksr-icon\" style=\"width: px; height: px;\"><\/div>\n        <\/div>\n    <\/div>\n    <div class=\"kksr-stars-active\" style=\"width: 0px;\">\n            <div class=\"kksr-star\">\n            <div class=\"kksr-icon\" style=\"width: px; height: px;\"><\/div>\n        <\/div>\n            <div class=\"kksr-star\">\n            <div class=\"kksr-icon\" style=\"width: px; height: px;\"><\/div>\n        <\/div>\n            <div class=\"kksr-star\">\n            <div class=\"kksr-icon\" style=\"width: px; height: px;\"><\/div>\n        <\/div>\n            <div class=\"kksr-star\">\n            <div class=\"kksr-icon\" style=\"width: px; height: px;\"><\/div>\n        <\/div>\n            <div class=\"kksr-star\">\n            <div class=\"kksr-icon\" style=\"width: px; height: px;\"><\/div>\n        <\/div>\n    <\/div>\n<\/div>\n    <div class=\"kksr-legend\">\n            <strong class=\"kksr-score\">4.2<\/strong>\n        <span class=\"kksr-muted\">\/<\/span>\n        <strong>5<\/strong>\n        <span class=\"kksr-muted\">(<\/span>\n        <strong class=\"kksr-count\">4<\/strong>\n        <span class=\"kksr-muted\">\n            votes        <\/span>\n        <span class=\"kksr-muted\">)<\/span>\n    <\/div>\n<\/div>\n\n<p>[\/vc_column_text][\/vc_column][\/vc_row]<\/p>\n","protected":false},"excerpt":{"rendered":"<p>[vc_row css=&#8221;.vc_custom_1489495498910{margin-top: 20px !important;margin-bottom: 10px !important;}&#8221;][vc_column][vc_custom_heading source=&#8221;post_title&#8221; font_container=&#8221;tag:h1|font_size:40|text_align:center|color:%23000000&#8243; use_theme_fonts=&#8221;yes&#8221;][\/vc_column][\/vc_row][vc_row container=&#8221;1&#8243; css=&#8221;.vc_custom_1491584441006{margin-top: 20px !important;margin-bottom: 10px !important;}&#8221;][vc_column][vc_row_inner][vc_column_inner width=&#8221;1\/2&#8243;][vc_column_text]&#8211;\u00a0Parcs Naturels Parc Naturel du Alv\u00e3o &#8211; 7000 hectares de faune abondante et diversifi\u00e9e, avec ses superbes paysages naturels et dans son \u00e9tat d&#8217;origine, comme les Fisgas de Ermelo. Parc Arch\u00e9ologique de la Vall\u00e9e du C\u00f4a\u00a0&#8211; concentre la plupart de<\/p>\n","protected":false},"author":1,"featured_media":0,"parent":0,"menu_order":0,"comment_status":"open","ping_status":"closed","template":"tpl-visual_composer.php","meta":[],"yoast_head":"<!-- This site is optimized with the Yoast SEO plugin v15.9.1 - https:\/\/yoast.com\/wordpress\/plugins\/seo\/ -->\n<title>\u00c0 Visiter ne Vall\u00e9e du Douro | Une magnifique et authentique maison rustique situ\u00e9e dans un Vall\u00e9e du Douro<\/title>\n<meta name=\"description\" content=\"\u00c0 Visiter ne Vall\u00e9e du Douro. Dispers\u00e9 par tout la r\u00e9gion du Douro, il y a des nombreux points de vue qui se distinguent par leur beaut\u00e9, comme le\" \/>\n<meta name=\"robots\" content=\"index, follow, max-snippet:-1, max-image-preview:large, max-video-preview:-1\" \/>\n<meta property=\"og:locale\" content=\"fr_FR\" \/>\n<meta property=\"og:type\" content=\"article\" \/>\n<meta property=\"og:title\" content=\"\u00c0 Visiter ne Vall\u00e9e du Douro | Une magnifique et authentique maison rustique situ\u00e9e dans un Vall\u00e9e du Douro\" \/>\n<meta property=\"og:description\" content=\"\u00c0 Visiter ne Vall\u00e9e du Douro. Dispers\u00e9 par tout la r\u00e9gion du Douro, il y a des nombreux points de vue qui se distinguent par leur beaut\u00e9, comme le\" \/>\n<meta property=\"og:site_name\" content=\"Casa de F\u00e9rias\" \/>\n<meta property=\"article:publisher\" content=\"https:\/\/www.facebook.com\/casacastedododouro\/\" \/>\n<meta property=\"article:modified_time\" content=\"2018-01-19T16:16:50+00:00\" \/>\n<meta name=\"twitter:card\" content=\"summary\" \/>\n<script type=\"application\/ld+json\" class=\"yoast-schema-graph\">{\"@context\":\"https:\/\/schema.org\",\"@graph\":[{\"@type\":\"WebSite\",\"@id\":\"https:\/\/www.castedodourovilla.com\/#website\",\"url\":\"https:\/\/www.castedodourovilla.com\/\",\"name\":\"Casa de F\\u00e9rias\",\"description\":\"\",\"potentialAction\":[{\"@type\":\"SearchAction\",\"target\":\"https:\/\/www.castedodourovilla.com\/?s={search_term_string}\",\"query-input\":\"required name=search_term_string\"}],\"inLanguage\":\"fr-FR\"},{\"@type\":\"WebPage\",\"@id\":\"#webpage\",\"url\":\"\",\"name\":\"\\u00c0 Visiter ne Vall\\u00e9e du Douro | Une magnifique et authentique maison rustique situ\\u00e9e dans un Vall\\u00e9e du Douro\",\"isPartOf\":{\"@id\":\"https:\/\/www.castedodourovilla.com\/#website\"},\"datePublished\":\"2017-04-29T08:21:50+00:00\",\"dateModified\":\"2018-01-19T16:16:50+00:00\",\"description\":\"\\u00c0 Visiter ne Vall\\u00e9e du Douro. Dispers\\u00e9 par tout la r\\u00e9gion du Douro, il y a des nombreux points de vue qui se distinguent par leur beaut\\u00e9, comme le\",\"breadcrumb\":{\"@id\":\"#breadcrumb\"},\"inLanguage\":\"fr-FR\",\"potentialAction\":[{\"@type\":\"ReadAction\",\"target\":[\"\"]}]},{\"@type\":\"BreadcrumbList\",\"@id\":\"#breadcrumb\",\"itemListElement\":[{\"@type\":\"ListItem\",\"position\":1,\"item\":{\"@type\":\"WebPage\",\"@id\":\"\",\"url\":\"\",\"name\":\"In\\u00edcio\"}},{\"@type\":\"ListItem\",\"position\":2,\"item\":{\"@type\":\"WebPage\",\"@id\":\"\",\"url\":\"\",\"name\":\"\\u00c0 Visiter ne Vall\\u00e9e du Douro\"}}]},{\"@type\":\"Person\",\"@id\":\"https:\/\/www.castedodourovilla.com\/#\/schema\/person\/743e9299fc5e17418a91736b76b54394\",\"name\":\"gestao\",\"image\":{\"@type\":\"ImageObject\",\"@id\":\"https:\/\/www.castedodourovilla.com\/#personlogo\",\"inLanguage\":\"fr-FR\",\"url\":\"https:\/\/secure.gravatar.com\/avatar\/298bdd45d00d7fec5c4c39dbb8503141?s=96&d=mm&r=g\",\"caption\":\"gestao\"}}]}<\/script>\n<!-- \/ Yoast SEO plugin. -->","_links":{"self":[{"href":"https:\/\/www.castedodourovilla.com\/fr\/wp-json\/wp\/v2\/pages\/1349"}],"collection":[{"href":"https:\/\/www.castedodourovilla.com\/fr\/wp-json\/wp\/v2\/pages"}],"about":[{"href":"https:\/\/www.castedodourovilla.com\/fr\/wp-json\/wp\/v2\/types\/page"}],"author":[{"embeddable":true,"href":"https:\/\/www.castedodourovilla.com\/fr\/wp-json\/wp\/v2\/users\/1"}],"replies":[{"embeddable":true,"href":"https:\/\/www.castedodourovilla.com\/fr\/wp-json\/wp\/v2\/comments?post=1349"}],"version-history":[{"count":6,"href":"https:\/\/www.castedodourovilla.com\/fr\/wp-json\/wp\/v2\/pages\/1349\/revisions"}],"predecessor-version":[{"id":1847,"href":"https:\/\/www.castedodourovilla.com\/fr\/wp-json\/wp\/v2\/pages\/1349\/revisions\/1847"}],"wp:attachment":[{"href":"https:\/\/www.castedodourovilla.com\/fr\/wp-json\/wp\/v2\/media?parent=1349"}],"curies":[{"name":"wp","href":"https:\/\/api.w.org\/{rel}","templated":true}]}}