{"id":1350,"date":"2017-04-29T08:22:27","date_gmt":"2017-04-29T08:22:27","guid":{"rendered":"http:\/\/www.castedodourovilla.com\/fr\/?page_id=1350"},"modified":"2018-01-19T16:14:20","modified_gmt":"2018-01-19T16:14:20","slug":"que-faire-vallee-du-douro","status":"publish","type":"page","link":"https:\/\/www.castedodourovilla.com\/fr\/que-faire-vallee-du-douro\/","title":{"rendered":"Que Faire ne Vall\u00e9e du Douro"},"content":{"rendered":"<p>[vc_row css=&#8221;.vc_custom_1489495498910{margin-top: 20px !important;margin-bottom: 10px !important;}&#8221;][vc_column][vc_custom_heading source=&#8221;post_title&#8221; font_container=&#8221;tag:h1|font_size:40|text_align:center|color:%23000000&#8243; use_theme_fonts=&#8221;yes&#8221;][\/vc_column][\/vc_row][vc_row container=&#8221;1&#8243; css=&#8221;.vc_custom_1488988454519{margin-top: 50px !important;margin-bottom: 50px !important;}&#8221;][vc_column][vc_column_text]Au <strong>Vall\u00e9e du Douro<\/strong> les alternatives sont immenses :\u00a0voyager en \u00a0bateau d&#8217;\u00e9xcursion priv\u00e9e sur les eaux calmes de la rivi\u00e8re Douro tandis que les visiteurs peuvent profiter d&#8217;un verre\u00a0de Porto et admirer les belles paysages des vignes et olives; visiter aux exploitations viticoles\u00a0traditionnelles du <em>Douro<\/em>, o\u00f9 vouz pouvez rencontrer et d\u00e9velopper les th\u00e8mes\u00a0principaux \u00e0 la culture du vin et, \u00e0 la fin, faire des d\u00e9gustations de vins;\u00a0jouir\u00a0d&#8217;un apr\u00e8s-midi ensoleill\u00e9 pour prendre un bain dans l&#8217;une des nombreuses plages de la rivi\u00e9re qui nous enchantent pour sa tranquillit\u00e9 et la beaut\u00e9 naturelle; \u00a0faire de la marche pour rencontrer les charmants villages, belv\u00e9d\u00e8res, \u00e9glises et d\u00e9couvrir les routes des Vignes, les routes des Oliviers, les routes des Ch\u00e2taigniers et les routes des Amandiers, ou tout simplement, observer la riche flore et la faune locales; d\u00e9couvrir les traces sans fin et l&#8217;h\u00e9ritage de nos anc\u00eatres, avec des nombreuses monuments arch\u00e9ologiques, de la pr\u00e9histoire \u00e0 l&#8217;\u00e9poque romaine; g\u00f4uter \u00e0 la cuisine locale, bas\u00e9e sur une vari\u00e9t\u00e9 de saveurs traditionnelles et des recettes, qui, avec l&#8217;hospitalit\u00e9 de son\u00a0peuple, vous fournira une exp\u00e9rience unique, que ce soit dans une atmosph\u00e8re plus raffin\u00e9e d&#8217;un restaurant gastronomique ou dans une cadre rustique dans une r\u00e9staurant traditionnel.<\/p>\n<p>&nbsp;<\/p>\n<div style=\"display: none;\"\n    class=\"kk-star-ratings   \"\n    data-id=\"1350\"\n    data-slug=\"\">\n    <div class=\"kksr-stars\">\n    <div class=\"kksr-stars-inactive\">\n            <div class=\"kksr-star\" data-star=\"1\">\n            <div class=\"kksr-icon\" style=\"width: px; height: px;\"><\/div>\n        <\/div>\n            <div class=\"kksr-star\" data-star=\"2\">\n            <div class=\"kksr-icon\" style=\"width: px; height: px;\"><\/div>\n        <\/div>\n            <div class=\"kksr-star\" data-star=\"3\">\n            <div class=\"kksr-icon\" style=\"width: px; height: px;\"><\/div>\n        <\/div>\n            <div class=\"kksr-star\" data-star=\"4\">\n            <div class=\"kksr-icon\" style=\"width: px; height: px;\"><\/div>\n        <\/div>\n            <div class=\"kksr-star\" data-star=\"5\">\n            <div class=\"kksr-icon\" style=\"width: px; height: px;\"><\/div>\n        <\/div>\n    <\/div>\n    <div class=\"kksr-stars-active\" style=\"width: 0px;\">\n            <div class=\"kksr-star\">\n            <div class=\"kksr-icon\" style=\"width: px; height: px;\"><\/div>\n        <\/div>\n            <div class=\"kksr-star\">\n            <div class=\"kksr-icon\" style=\"width: px; height: px;\"><\/div>\n        <\/div>\n            <div class=\"kksr-star\">\n            <div class=\"kksr-icon\" style=\"width: px; height: px;\"><\/div>\n        <\/div>\n            <div class=\"kksr-star\">\n            <div class=\"kksr-icon\" style=\"width: px; height: px;\"><\/div>\n        <\/div>\n            <div class=\"kksr-star\">\n            <div class=\"kksr-icon\" style=\"width: px; height: px;\"><\/div>\n        <\/div>\n    <\/div>\n<\/div>\n    <div class=\"kksr-legend\">\n            <strong class=\"kksr-score\">4.6<\/strong>\n        <span class=\"kksr-muted\">\/<\/span>\n        <strong>5<\/strong>\n        <span class=\"kksr-muted\">(<\/span>\n        <strong class=\"kksr-count\">5<\/strong>\n        <span class=\"kksr-muted\">\n            votes        <\/span>\n        <span class=\"kksr-muted\">)<\/span>\n    <\/div>\n<\/div>\n\n<p>[\/vc_column_text][\/vc_column][\/vc_row]<\/p>\n","protected":false},"excerpt":{"rendered":"<p>[vc_row css=&#8221;.vc_custom_1489495498910{margin-top: 20px !important;margin-bottom: 10px !important;}&#8221;][vc_column][vc_custom_heading source=&#8221;post_title&#8221; font_container=&#8221;tag:h1|font_size:40|text_align:center|color:%23000000&#8243; use_theme_fonts=&#8221;yes&#8221;][\/vc_column][\/vc_row][vc_row container=&#8221;1&#8243; css=&#8221;.vc_custom_1488988454519{margin-top: 50px !important;margin-bottom: 50px !important;}&#8221;][vc_column][vc_column_text]Au Vall\u00e9e du Douro les alternatives sont immenses :\u00a0voyager en \u00a0bateau d&#8217;\u00e9xcursion priv\u00e9e sur les eaux calmes de la rivi\u00e8re Douro tandis que les visiteurs peuvent profiter d&#8217;un verre\u00a0de Porto et admirer les belles paysages des vignes et olives; visiter aux<\/p>\n","protected":false},"author":1,"featured_media":0,"parent":0,"menu_order":0,"comment_status":"open","ping_status":"closed","template":"tpl-visual_composer.php","meta":[],"yoast_head":"<!-- This site is optimized with the Yoast SEO plugin v15.9.1 - https:\/\/yoast.com\/wordpress\/plugins\/seo\/ -->\n<title>Que Faire ne Vall\u00e9e du Douro | maison rustique situ\u00e9e dans un Vall\u00e9e du Douro<\/title>\n<meta name=\"description\" content=\"Que Faire ne Vall\u00e9e du Douro. Une magnifique et authentique maison rustique, situ\u00e9e dans un village typique de la Vall\u00e9e du Douro, \u00e0 80 minutes de Porto.\" \/>\n<meta name=\"robots\" content=\"index, follow, max-snippet:-1, max-image-preview:large, max-video-preview:-1\" \/>\n<link rel=\"canonical\" href=\"https:\/\/www.castedodourovilla.com\/fr\/que-faire-vallee-du-douro\/\" \/>\n<meta property=\"og:locale\" content=\"fr_FR\" \/>\n<meta property=\"og:type\" content=\"article\" \/>\n<meta property=\"og:title\" content=\"Que Faire ne Vall\u00e9e du Douro | maison rustique situ\u00e9e dans un Vall\u00e9e du Douro\" \/>\n<meta property=\"og:description\" content=\"Que Faire ne Vall\u00e9e du Douro. Une magnifique et authentique maison rustique, situ\u00e9e dans un village typique de la Vall\u00e9e du Douro, \u00e0 80 minutes de Porto.\" \/>\n<meta property=\"og:url\" content=\"https:\/\/www.castedodourovilla.com\/fr\/que-faire-vallee-du-douro\/\" \/>\n<meta property=\"og:site_name\" content=\"Casa de F\u00e9rias\" \/>\n<meta property=\"article:publisher\" content=\"https:\/\/www.facebook.com\/casacastedododouro\/\" \/>\n<meta property=\"article:modified_time\" content=\"2018-01-19T16:14:20+00:00\" \/>\n<meta name=\"twitter:card\" content=\"summary\" \/>\n<meta name=\"twitter:label1\" content=\"Est. reading time\">\n\t<meta name=\"twitter:data1\" content=\"1 minute\">\n<script type=\"application\/ld+json\" class=\"yoast-schema-graph\">{\"@context\":\"https:\/\/schema.org\",\"@graph\":[{\"@type\":\"WebSite\",\"@id\":\"https:\/\/www.castedodourovilla.com\/#website\",\"url\":\"https:\/\/www.castedodourovilla.com\/\",\"name\":\"Casa de F\\u00e9rias\",\"description\":\"\",\"potentialAction\":[{\"@type\":\"SearchAction\",\"target\":\"https:\/\/www.castedodourovilla.com\/?s={search_term_string}\",\"query-input\":\"required name=search_term_string\"}],\"inLanguage\":\"fr-FR\"},{\"@type\":\"WebPage\",\"@id\":\"https:\/\/www.castedodourovilla.com\/fr\/que-faire-vallee-du-douro\/#webpage\",\"url\":\"https:\/\/www.castedodourovilla.com\/fr\/que-faire-vallee-du-douro\/\",\"name\":\"Que Faire ne Vall\\u00e9e du Douro | maison rustique situ\\u00e9e dans un Vall\\u00e9e du Douro\",\"isPartOf\":{\"@id\":\"https:\/\/www.castedodourovilla.com\/#website\"},\"datePublished\":\"2017-04-29T08:22:27+00:00\",\"dateModified\":\"2018-01-19T16:14:20+00:00\",\"description\":\"Que Faire ne Vall\\u00e9e du Douro. Une magnifique et authentique maison rustique, situ\\u00e9e dans un village typique de la Vall\\u00e9e du Douro, \\u00e0 80 minutes de Porto.\",\"breadcrumb\":{\"@id\":\"https:\/\/www.castedodourovilla.com\/fr\/que-faire-vallee-du-douro\/#breadcrumb\"},\"inLanguage\":\"fr-FR\",\"potentialAction\":[{\"@type\":\"ReadAction\",\"target\":[\"https:\/\/www.castedodourovilla.com\/fr\/que-faire-vallee-du-douro\/\"]}]},{\"@type\":\"BreadcrumbList\",\"@id\":\"https:\/\/www.castedodourovilla.com\/fr\/que-faire-vallee-du-douro\/#breadcrumb\",\"itemListElement\":[{\"@type\":\"ListItem\",\"position\":1,\"item\":{\"@type\":\"WebPage\",\"@id\":\"\",\"url\":\"\",\"name\":\"In\\u00edcio\"}},{\"@type\":\"ListItem\",\"position\":2,\"item\":{\"@type\":\"WebPage\",\"@id\":\"https:\/\/www.castedodourovilla.com\/fr\/que-faire-vallee-du-douro\/\",\"url\":\"https:\/\/www.castedodourovilla.com\/fr\/que-faire-vallee-du-douro\/\",\"name\":\"Que Faire ne Vall\\u00e9e du Douro\"}}]}]}<\/script>\n<!-- \/ Yoast SEO plugin. -->","_links":{"self":[{"href":"https:\/\/www.castedodourovilla.com\/fr\/wp-json\/wp\/v2\/pages\/1350"}],"collection":[{"href":"https:\/\/www.castedodourovilla.com\/fr\/wp-json\/wp\/v2\/pages"}],"about":[{"href":"https:\/\/www.castedodourovilla.com\/fr\/wp-json\/wp\/v2\/types\/page"}],"author":[{"embeddable":true,"href":"https:\/\/www.castedodourovilla.com\/fr\/wp-json\/wp\/v2\/users\/1"}],"replies":[{"embeddable":true,"href":"https:\/\/www.castedodourovilla.com\/fr\/wp-json\/wp\/v2\/comments?post=1350"}],"version-history":[{"count":5,"href":"https:\/\/www.castedodourovilla.com\/fr\/wp-json\/wp\/v2\/pages\/1350\/revisions"}],"predecessor-version":[{"id":1844,"href":"https:\/\/www.castedodourovilla.com\/fr\/wp-json\/wp\/v2\/pages\/1350\/revisions\/1844"}],"wp:attachment":[{"href":"https:\/\/www.castedodourovilla.com\/fr\/wp-json\/wp\/v2\/media?parent=1350"}],"curies":[{"name":"wp","href":"https:\/\/api.w.org\/{rel}","templated":true}]}}