{"id":1351,"date":"2017-04-29T08:23:12","date_gmt":"2017-04-29T08:23:12","guid":{"rendered":"http:\/\/www.castedodourovilla.com\/fr\/?page_id=1351"},"modified":"2018-01-19T16:18:43","modified_gmt":"2018-01-19T16:18:43","slug":"histoire-casa-castedo-do-douro","status":"publish","type":"page","link":"https:\/\/www.castedodourovilla.com\/fr\/histoire-casa-castedo-do-douro\/","title":{"rendered":"Histoire Casa Castedo do Douro"},"content":{"rendered":"<p>[vc_row css=&#8221;.vc_custom_1489495498910{margin-top: 20px !important;margin-bottom: 10px !important;}&#8221;][vc_column][vc_custom_heading source=&#8221;post_title&#8221; font_container=&#8221;tag:h1|font_size:40|text_align:center|color:%23000000&#8243; use_theme_fonts=&#8221;yes&#8221;][\/vc_column][\/vc_row][vc_row container=&#8221;1&#8243; css=&#8221;.vc_custom_1488988454519{margin-top: 50px !important;margin-bottom: 50px !important;}&#8221;][vc_column width=&#8221;1\/2&#8243;][vc_column_text]<span lang=\"FR\"><strong>Casa Castedo do Douro<\/strong> est une v\u00e9ritable maison familiale du <strong>Vall\u00e9e du\u00a0Douro<\/strong>,\u00a0datant de trois g\u00e9n\u00e9rations de la famille Magalh\u00e3es. Plusieurs souvenirs de cette \u00e9poque subsistent dans nos m\u00e9moires: o\u00f9 il est maintenant\u00a0un\u00a0<i>lounge<\/i>\u00a0<wbr \/>tranquille,\u00a0<\/span><span lang=\"FR\">il\u00a0<\/span><span lang=\"FR\">\u00e9tait autrefois l&#8217;\u00e9cole du village, o\u00f9\u00a0grand-m\u00e8re Marie a enseign\u00e9 aux enfants locaux.\u00a0<\/span><\/p>\n<p><span lang=\"FR\">Le jardin et les diff\u00e9rentes rang\u00e9es de vignes plant\u00e9es dans la cour ont c\u00e9d\u00e9 la place \u00e0 une grande piscine priv\u00e9e et pelouse verdoyante, le maintien une ancienne treille, ainsi que quelques-uns des arbres fruitiers de l&#8217;\u00e9poque, comme la cerise color\u00e9e.<\/span><\/p>\n<p>A l&#8217;int\u00e9rieur de la maison, en bas, il y\u00a0avait une cave o\u00f9 le vin produit par le patriarche, grand-p\u00e8re\u00a0Magalh\u00e3es,\u00a0a \u00e9t\u00e9 conserv\u00e9 au fil des ans en f\u00fbts, et\u00a0aujourd&#8217;hui \u00e9tant un bel espace pour\u00a0le loisir\u00a0et la socialisation\u00a0avec la famille et les amis, en gardant les traces du temps.<\/p>\n<p>&nbsp;<\/p>\n<div style=\"display: none;\"\n    class=\"kk-star-ratings   \"\n    data-id=\"1351\"\n    data-slug=\"\">\n    <div class=\"kksr-stars\">\n    <div class=\"kksr-stars-inactive\">\n            <div class=\"kksr-star\" data-star=\"1\">\n            <div class=\"kksr-icon\" style=\"width: px; height: px;\"><\/div>\n        <\/div>\n            <div class=\"kksr-star\" data-star=\"2\">\n            <div class=\"kksr-icon\" style=\"width: px; height: px;\"><\/div>\n        <\/div>\n            <div class=\"kksr-star\" data-star=\"3\">\n            <div class=\"kksr-icon\" style=\"width: px; height: px;\"><\/div>\n        <\/div>\n            <div class=\"kksr-star\" data-star=\"4\">\n            <div class=\"kksr-icon\" style=\"width: px; height: px;\"><\/div>\n        <\/div>\n            <div class=\"kksr-star\" data-star=\"5\">\n            <div class=\"kksr-icon\" style=\"width: px; height: px;\"><\/div>\n        <\/div>\n    <\/div>\n    <div class=\"kksr-stars-active\" style=\"width: 0px;\">\n            <div class=\"kksr-star\">\n            <div class=\"kksr-icon\" style=\"width: px; height: px;\"><\/div>\n        <\/div>\n            <div class=\"kksr-star\">\n            <div class=\"kksr-icon\" style=\"width: px; height: px;\"><\/div>\n        <\/div>\n            <div class=\"kksr-star\">\n            <div class=\"kksr-icon\" style=\"width: px; height: px;\"><\/div>\n        <\/div>\n            <div class=\"kksr-star\">\n            <div class=\"kksr-icon\" style=\"width: px; height: px;\"><\/div>\n        <\/div>\n            <div class=\"kksr-star\">\n            <div class=\"kksr-icon\" style=\"width: px; height: px;\"><\/div>\n        <\/div>\n    <\/div>\n<\/div>\n    <div class=\"kksr-legend\">\n            <strong class=\"kksr-score\">4.5<\/strong>\n        <span class=\"kksr-muted\">\/<\/span>\n        <strong>5<\/strong>\n        <span class=\"kksr-muted\">(<\/span>\n        <strong class=\"kksr-count\">4<\/strong>\n        <span class=\"kksr-muted\">\n            votes        <\/span>\n        <span class=\"kksr-muted\">)<\/span>\n    <\/div>\n<\/div>\n\n<p>[\/vc_column_text][\/vc_column][vc_column width=&#8221;1\/2&#8243;][vc_images_carousel images=&#8221;1019,1018,1016,1070,1088&#8243; img_size=&#8221;500&#215;400&#8243;][\/vc_column][\/vc_row]<\/p>\n","protected":false},"excerpt":{"rendered":"<p>[vc_row css=&#8221;.vc_custom_1489495498910{margin-top: 20px !important;margin-bottom: 10px !important;}&#8221;][vc_column][vc_custom_heading source=&#8221;post_title&#8221; font_container=&#8221;tag:h1|font_size:40|text_align:center|color:%23000000&#8243; use_theme_fonts=&#8221;yes&#8221;][\/vc_column][\/vc_row][vc_row container=&#8221;1&#8243; css=&#8221;.vc_custom_1488988454519{margin-top: 50px !important;margin-bottom: 50px !important;}&#8221;][vc_column width=&#8221;1\/2&#8243;][vc_column_text]Casa Castedo do Douro est une v\u00e9ritable maison familiale du Vall\u00e9e du\u00a0Douro,\u00a0datant de trois g\u00e9n\u00e9rations de la famille Magalh\u00e3es. Plusieurs souvenirs de cette \u00e9poque subsistent dans nos m\u00e9moires: o\u00f9 il est maintenant\u00a0un\u00a0lounge\u00a0tranquille,\u00a0il\u00a0\u00e9tait autrefois l&#8217;\u00e9cole du village, o\u00f9\u00a0grand-m\u00e8re Marie a enseign\u00e9<\/p>\n","protected":false},"author":1,"featured_media":0,"parent":0,"menu_order":0,"comment_status":"open","ping_status":"closed","template":"tpl-visual_composer.php","meta":[],"yoast_head":"<!-- This site is optimized with the Yoast SEO plugin v15.9.1 - https:\/\/yoast.com\/wordpress\/plugins\/seo\/ -->\n<title>Histoire Casa Castedo do Douro est une v\u00e9ritable maison familiale du Vall\u00e9e du Douro<\/title>\n<meta name=\"description\" content=\"Casa Castedo do Douro est une v\u00e9ritable maison familiale du Vall\u00e9e du Douro, datant de trois g\u00e9n\u00e9rations de la famille Magalh\u00e3es. Plusieurs souvenirs\" \/>\n<meta name=\"robots\" content=\"index, follow, max-snippet:-1, max-image-preview:large, max-video-preview:-1\" \/>\n<link rel=\"canonical\" href=\"https:\/\/www.castedodourovilla.com\/fr\/histoire-casa-castedo-do-douro\/\" \/>\n<meta property=\"og:locale\" content=\"fr_FR\" \/>\n<meta property=\"og:type\" content=\"article\" \/>\n<meta property=\"og:title\" content=\"Histoire Casa Castedo do Douro est une v\u00e9ritable maison familiale du Vall\u00e9e du Douro\" \/>\n<meta property=\"og:description\" content=\"Casa Castedo do Douro est une v\u00e9ritable maison familiale du Vall\u00e9e du Douro, datant de trois g\u00e9n\u00e9rations de la famille Magalh\u00e3es. Plusieurs souvenirs\" \/>\n<meta property=\"og:url\" content=\"https:\/\/www.castedodourovilla.com\/fr\/histoire-casa-castedo-do-douro\/\" \/>\n<meta property=\"og:site_name\" content=\"Casa de F\u00e9rias\" \/>\n<meta property=\"article:publisher\" content=\"https:\/\/www.facebook.com\/casacastedododouro\/\" \/>\n<meta property=\"article:modified_time\" content=\"2018-01-19T16:18:43+00:00\" \/>\n<meta name=\"twitter:card\" content=\"summary\" \/>\n<meta name=\"twitter:label1\" content=\"Est. reading time\">\n\t<meta name=\"twitter:data1\" content=\"1 minute\">\n<script type=\"application\/ld+json\" class=\"yoast-schema-graph\">{\"@context\":\"https:\/\/schema.org\",\"@graph\":[{\"@type\":\"WebSite\",\"@id\":\"https:\/\/www.castedodourovilla.com\/#website\",\"url\":\"https:\/\/www.castedodourovilla.com\/\",\"name\":\"Casa de F\\u00e9rias\",\"description\":\"\",\"potentialAction\":[{\"@type\":\"SearchAction\",\"target\":\"https:\/\/www.castedodourovilla.com\/?s={search_term_string}\",\"query-input\":\"required name=search_term_string\"}],\"inLanguage\":\"fr-FR\"},{\"@type\":\"WebPage\",\"@id\":\"https:\/\/www.castedodourovilla.com\/fr\/histoire-casa-castedo-do-douro\/#webpage\",\"url\":\"https:\/\/www.castedodourovilla.com\/fr\/histoire-casa-castedo-do-douro\/\",\"name\":\"Histoire Casa Castedo do Douro est une v\\u00e9ritable maison familiale du Vall\\u00e9e du Douro\",\"isPartOf\":{\"@id\":\"https:\/\/www.castedodourovilla.com\/#website\"},\"datePublished\":\"2017-04-29T08:23:12+00:00\",\"dateModified\":\"2018-01-19T16:18:43+00:00\",\"description\":\"Casa Castedo do Douro est une v\\u00e9ritable maison familiale du Vall\\u00e9e du Douro, datant de trois g\\u00e9n\\u00e9rations de la famille Magalh\\u00e3es. Plusieurs souvenirs\",\"breadcrumb\":{\"@id\":\"https:\/\/www.castedodourovilla.com\/fr\/histoire-casa-castedo-do-douro\/#breadcrumb\"},\"inLanguage\":\"fr-FR\",\"potentialAction\":[{\"@type\":\"ReadAction\",\"target\":[\"https:\/\/www.castedodourovilla.com\/fr\/histoire-casa-castedo-do-douro\/\"]}]},{\"@type\":\"BreadcrumbList\",\"@id\":\"https:\/\/www.castedodourovilla.com\/fr\/histoire-casa-castedo-do-douro\/#breadcrumb\",\"itemListElement\":[{\"@type\":\"ListItem\",\"position\":1,\"item\":{\"@type\":\"WebPage\",\"@id\":\"\",\"url\":\"\",\"name\":\"In\\u00edcio\"}},{\"@type\":\"ListItem\",\"position\":2,\"item\":{\"@type\":\"WebPage\",\"@id\":\"https:\/\/www.castedodourovilla.com\/fr\/histoire-casa-castedo-do-douro\/\",\"url\":\"https:\/\/www.castedodourovilla.com\/fr\/histoire-casa-castedo-do-douro\/\",\"name\":\"Histoire Casa Castedo do Douro\"}}]}]}<\/script>\n<!-- \/ Yoast SEO plugin. -->","_links":{"self":[{"href":"https:\/\/www.castedodourovilla.com\/fr\/wp-json\/wp\/v2\/pages\/1351"}],"collection":[{"href":"https:\/\/www.castedodourovilla.com\/fr\/wp-json\/wp\/v2\/pages"}],"about":[{"href":"https:\/\/www.castedodourovilla.com\/fr\/wp-json\/wp\/v2\/types\/page"}],"author":[{"embeddable":true,"href":"https:\/\/www.castedodourovilla.com\/fr\/wp-json\/wp\/v2\/users\/1"}],"replies":[{"embeddable":true,"href":"https:\/\/www.castedodourovilla.com\/fr\/wp-json\/wp\/v2\/comments?post=1351"}],"version-history":[{"count":5,"href":"https:\/\/www.castedodourovilla.com\/fr\/wp-json\/wp\/v2\/pages\/1351\/revisions"}],"predecessor-version":[{"id":1850,"href":"https:\/\/www.castedodourovilla.com\/fr\/wp-json\/wp\/v2\/pages\/1351\/revisions\/1850"}],"wp:attachment":[{"href":"https:\/\/www.castedodourovilla.com\/fr\/wp-json\/wp\/v2\/media?parent=1351"}],"curies":[{"name":"wp","href":"https:\/\/api.w.org\/{rel}","templated":true}]}}