{"id":1353,"date":"2017-04-29T08:24:56","date_gmt":"2017-04-29T08:24:56","guid":{"rendered":"http:\/\/www.castedodourovilla.com\/fr\/?page_id=1353"},"modified":"2018-11-18T19:06:10","modified_gmt":"2018-11-18T19:06:10","slug":"description-casa-castedo-do-douro","status":"publish","type":"page","link":"https:\/\/www.castedodourovilla.com\/fr\/description-casa-castedo-do-douro\/","title":{"rendered":"Description Casa Castedo do Douro"},"content":{"rendered":"<p>[vc_row css=&#8221;.vc_custom_1489495498910{margin-top: 20px !important;margin-bottom: 10px !important;}&#8221;][vc_column][vc_custom_heading source=&#8221;post_title&#8221; font_container=&#8221;tag:h1|font_size:40|text_align:center|color:%23000000&#8243; use_theme_fonts=&#8221;yes&#8221;][\/vc_column][\/vc_row][vc_row container=&#8221;1&#8243; css=&#8221;.vc_custom_1488988454519{margin-top: 50px !important;margin-bottom: 50px !important;}&#8221;][vc_column][vc_column_text]Une magnifique et authentique <strong>maison rustique<\/strong>, situ\u00e9e dans un village typique de la <strong>Vall\u00e9e du Douro<\/strong>, \u00e0 80 minutes de Porto.<\/p>\n<p>A la <strong>Casa Castedo do Douro<\/strong> vous pourrez profiter, entre autre, d\u2019une piscine priv\u00e9e de 12x6m avec un espace r\u00e9serv\u00e9 aux enfants, entour\u00e9e d\u2019un beau jardin de 500 m<sup>2<\/sup>\u00a0et d\u2019une pelouse verdoyante d\u2019o\u00f9 vous pourrez entendre les oiseaux chanter ou les cloches de l\u2019\u00e9glise du village sonner. Vous pourrez \u00e9galement vous promener \u00e0 l\u2019ombre d\u2019une ancienne treille, vous reposer dans notre paisible\u00a0<i>lounge<\/i>\u00a0ou tout simplement contempler le magnifique paysage environnant.<\/p>\n<p>Nous mettrons \u00e9galement \u00e0 votre disposition, sans frais suppl\u00e9mentaire, une connexion internet Wi-Fi, les cha\u00eenes de t\u00e9l\u00e9vision par satellite, table de billard, s\u00e8che-cheveux, fer \u00e0 repasser, des serviettes de bain, barbecue, parking, le chauffage, cuisine enti\u00e8rement \u00e9quip\u00e9e, machine \u00e0 caf\u00e9 Nespresso, coffre et une machine \u00e0 laver.<\/p>\n<p>Vous pourrez r\u00e9server des visites touristiques totalement personnalis\u00e9es.<\/p>\n<p>Venez nous rendre visite en famille ou entre amis afin de passer un s\u00e9jour m\u00e9morable au coeur de la Vall\u00e9e du Douro, Patrimoine Mondial de l\u2019Unesco.[\/vc_column_text][\/vc_column][\/vc_row]<\/p>\n<div style=\"display: none;\"\n    class=\"kk-star-ratings kksr-valign-bottom kksr-align-right \"\n    data-id=\"1353\"\n    data-slug=\"\">\n    <div class=\"kksr-stars\">\n    <div class=\"kksr-stars-inactive\">\n            <div class=\"kksr-star\" data-star=\"1\">\n            <div class=\"kksr-icon\" style=\"width: px; height: px;\"><\/div>\n        <\/div>\n            <div class=\"kksr-star\" data-star=\"2\">\n            <div class=\"kksr-icon\" style=\"width: px; height: px;\"><\/div>\n        <\/div>\n            <div class=\"kksr-star\" data-star=\"3\">\n            <div class=\"kksr-icon\" style=\"width: px; height: px;\"><\/div>\n        <\/div>\n            <div class=\"kksr-star\" data-star=\"4\">\n            <div class=\"kksr-icon\" style=\"width: px; height: px;\"><\/div>\n        <\/div>\n            <div class=\"kksr-star\" data-star=\"5\">\n            <div class=\"kksr-icon\" style=\"width: px; height: px;\"><\/div>\n        <\/div>\n    <\/div>\n    <div class=\"kksr-stars-active\" style=\"width: 0px;\">\n            <div class=\"kksr-star\">\n            <div class=\"kksr-icon\" style=\"width: px; height: px;\"><\/div>\n        <\/div>\n            <div class=\"kksr-star\">\n            <div class=\"kksr-icon\" style=\"width: px; height: px;\"><\/div>\n        <\/div>\n            <div class=\"kksr-star\">\n            <div class=\"kksr-icon\" style=\"width: px; height: px;\"><\/div>\n        <\/div>\n            <div class=\"kksr-star\">\n            <div class=\"kksr-icon\" style=\"width: px; height: px;\"><\/div>\n        <\/div>\n            <div class=\"kksr-star\">\n            <div class=\"kksr-icon\" style=\"width: px; height: px;\"><\/div>\n        <\/div>\n    <\/div>\n<\/div>\n    <div class=\"kksr-legend\">\n            <span class=\"kksr-muted\"><\/span>\n    <\/div>\n<\/div>\n","protected":false},"excerpt":{"rendered":"<p>[vc_row css=&#8221;.vc_custom_1489495498910{margin-top: 20px !important;margin-bottom: 10px !important;}&#8221;][vc_column][vc_custom_heading source=&#8221;post_title&#8221; font_container=&#8221;tag:h1|font_size:40|text_align:center|color:%23000000&#8243; use_theme_fonts=&#8221;yes&#8221;][\/vc_column][\/vc_row][vc_row container=&#8221;1&#8243; css=&#8221;.vc_custom_1488988454519{margin-top: 50px !important;margin-bottom: 50px !important;}&#8221;][vc_column][vc_column_text]Une magnifique et authentique maison rustique, situ\u00e9e dans un village typique de la Vall\u00e9e du Douro, \u00e0 80 minutes de Porto. A la Casa Castedo do Douro vous pourrez profiter, entre autre, d\u2019une piscine priv\u00e9e de 12x6m avec un espace r\u00e9serv\u00e9<\/p>\n","protected":false},"author":1,"featured_media":0,"parent":0,"menu_order":0,"comment_status":"open","ping_status":"closed","template":"tpl-visual_composer.php","meta":[],"yoast_head":"<!-- This site is optimized with the Yoast SEO plugin v15.9.1 - https:\/\/yoast.com\/wordpress\/plugins\/seo\/ -->\n<title>Description Casa Castedo do Douro | Une magnifique et authentique maison rustique situ\u00e9e dans un Vall\u00e9e du Douro<\/title>\n<meta name=\"description\" content=\"Une magnifique et authentique maison rustique, situ\u00e9e dans un village typique de la Vall\u00e9e du Douro, \u00e0 80 minutes de Porto.A la Casa Castedo do Douro\" \/>\n<meta name=\"robots\" content=\"index, follow, max-snippet:-1, max-image-preview:large, max-video-preview:-1\" \/>\n<link rel=\"canonical\" href=\"https:\/\/www.castedodourovilla.com\/fr\/description-casa-castedo-do-douro\/\" \/>\n<meta property=\"og:locale\" content=\"fr_FR\" \/>\n<meta property=\"og:type\" content=\"article\" \/>\n<meta property=\"og:title\" content=\"Description Casa Castedo do Douro | Une magnifique et authentique maison rustique situ\u00e9e dans un Vall\u00e9e du Douro\" \/>\n<meta property=\"og:description\" content=\"Une magnifique et authentique maison rustique, situ\u00e9e dans un village typique de la Vall\u00e9e du Douro, \u00e0 80 minutes de Porto.A la Casa Castedo do Douro\" \/>\n<meta property=\"og:url\" content=\"https:\/\/www.castedodourovilla.com\/fr\/description-casa-castedo-do-douro\/\" \/>\n<meta property=\"og:site_name\" content=\"Casa de F\u00e9rias\" \/>\n<meta property=\"article:publisher\" content=\"https:\/\/www.facebook.com\/casacastedododouro\/\" \/>\n<meta property=\"article:modified_time\" content=\"2018-11-18T19:06:10+00:00\" \/>\n<meta name=\"twitter:card\" content=\"summary\" \/>\n<meta name=\"twitter:label1\" content=\"Est. reading time\">\n\t<meta name=\"twitter:data1\" content=\"1 minute\">\n<script type=\"application\/ld+json\" class=\"yoast-schema-graph\">{\"@context\":\"https:\/\/schema.org\",\"@graph\":[{\"@type\":\"WebSite\",\"@id\":\"https:\/\/www.castedodourovilla.com\/#website\",\"url\":\"https:\/\/www.castedodourovilla.com\/\",\"name\":\"Casa de F\\u00e9rias\",\"description\":\"\",\"potentialAction\":[{\"@type\":\"SearchAction\",\"target\":\"https:\/\/www.castedodourovilla.com\/?s={search_term_string}\",\"query-input\":\"required name=search_term_string\"}],\"inLanguage\":\"fr-FR\"},{\"@type\":\"WebPage\",\"@id\":\"https:\/\/www.castedodourovilla.com\/fr\/description-casa-castedo-do-douro\/#webpage\",\"url\":\"https:\/\/www.castedodourovilla.com\/fr\/description-casa-castedo-do-douro\/\",\"name\":\"Description Casa Castedo do Douro | Une magnifique et authentique maison rustique situ\\u00e9e dans un Vall\\u00e9e du Douro\",\"isPartOf\":{\"@id\":\"https:\/\/www.castedodourovilla.com\/#website\"},\"datePublished\":\"2017-04-29T08:24:56+00:00\",\"dateModified\":\"2018-11-18T19:06:10+00:00\",\"description\":\"Une magnifique et authentique maison rustique, situ\\u00e9e dans un village typique de la Vall\\u00e9e du Douro, \\u00e0 80 minutes de Porto.A la Casa Castedo do Douro\",\"breadcrumb\":{\"@id\":\"https:\/\/www.castedodourovilla.com\/fr\/description-casa-castedo-do-douro\/#breadcrumb\"},\"inLanguage\":\"fr-FR\",\"potentialAction\":[{\"@type\":\"ReadAction\",\"target\":[\"https:\/\/www.castedodourovilla.com\/fr\/description-casa-castedo-do-douro\/\"]}]},{\"@type\":\"BreadcrumbList\",\"@id\":\"https:\/\/www.castedodourovilla.com\/fr\/description-casa-castedo-do-douro\/#breadcrumb\",\"itemListElement\":[{\"@type\":\"ListItem\",\"position\":1,\"item\":{\"@type\":\"WebPage\",\"@id\":\"\",\"url\":\"\",\"name\":\"In\\u00edcio\"}},{\"@type\":\"ListItem\",\"position\":2,\"item\":{\"@type\":\"WebPage\",\"@id\":\"https:\/\/www.castedodourovilla.com\/fr\/description-casa-castedo-do-douro\/\",\"url\":\"https:\/\/www.castedodourovilla.com\/fr\/description-casa-castedo-do-douro\/\",\"name\":\"Description Casa Castedo do Douro\"}}]}]}<\/script>\n<!-- \/ Yoast SEO plugin. -->","_links":{"self":[{"href":"https:\/\/www.castedodourovilla.com\/fr\/wp-json\/wp\/v2\/pages\/1353"}],"collection":[{"href":"https:\/\/www.castedodourovilla.com\/fr\/wp-json\/wp\/v2\/pages"}],"about":[{"href":"https:\/\/www.castedodourovilla.com\/fr\/wp-json\/wp\/v2\/types\/page"}],"author":[{"embeddable":true,"href":"https:\/\/www.castedodourovilla.com\/fr\/wp-json\/wp\/v2\/users\/1"}],"replies":[{"embeddable":true,"href":"https:\/\/www.castedodourovilla.com\/fr\/wp-json\/wp\/v2\/comments?post=1353"}],"version-history":[{"count":6,"href":"https:\/\/www.castedodourovilla.com\/fr\/wp-json\/wp\/v2\/pages\/1353\/revisions"}],"predecessor-version":[{"id":1950,"href":"https:\/\/www.castedodourovilla.com\/fr\/wp-json\/wp\/v2\/pages\/1353\/revisions\/1950"}],"wp:attachment":[{"href":"https:\/\/www.castedodourovilla.com\/fr\/wp-json\/wp\/v2\/media?parent=1353"}],"curies":[{"name":"wp","href":"https:\/\/api.w.org\/{rel}","templated":true}]}}