{"id":1355,"date":"2017-04-29T08:26:18","date_gmt":"2017-04-29T08:26:18","guid":{"rendered":"http:\/\/www.castedodourovilla.com\/fr\/?page_id=1355"},"modified":"2018-01-19T16:07:37","modified_gmt":"2018-01-19T16:07:37","slug":"comment-arriver","status":"publish","type":"page","link":"https:\/\/www.castedodourovilla.com\/fr\/comment-arriver\/","title":{"rendered":"Comment Arriver"},"content":{"rendered":"<p>[vc_row css=&#8221;.vc_custom_1489495498910{margin-top: 20px !important;margin-bottom: 10px !important;}&#8221;][vc_column][vc_custom_heading source=&#8221;post_title&#8221; font_container=&#8221;tag:h1|font_size:40|text_align:center|color:%23000000&#8243; use_theme_fonts=&#8221;yes&#8221;][\/vc_column][\/vc_row][vc_row container=&#8221;1&#8243; css=&#8221;.vc_custom_1488988454519{margin-top: 50px !important;margin-bottom: 50px !important;}&#8221;][vc_column][vc_gmaps link=&#8221;#E-8_JTNDaWZyYW1lJTIwc3JjJTNEJTIyaHR0cHMlM0ElMkYlMkZ3d3cuZ29vZ2xlLmNvbSUyRm1hcHMlMkZlbWJlZCUzRnBiJTNEJTIxMW0xNCUyMTFtOCUyMTFtMyUyMTFkMTIwMDMuMzc3NjM5NjYzNjglMjEyZC03LjQ3MTUyMTg2ODc4NjYyMSUyMTNkNDEuMjI1MTYxMDA0NTIyNzMlMjEzbTIlMjExaTEwMjQlMjEyaTc2OCUyMTRmMTMuMSUyMTNtMyUyMTFtMiUyMTFzMHhkM2I0MmVjMTYzNDAyMmIlMjUzQTB4YjhmMmVkYmI3ZDc1ZDE3OCUyMTJzQ2FzYSUyQkNhc3RlZG8lMkJkbyUyQkRvdXJvJTIxNWUwJTIxM20yJTIxMXNwdC1QVCUyMTJzcHQlMjE0djE0OTEyMTE3ODI3OTMlMjIlMjB3aWR0aCUzRCUyMjgwMCUyMiUyMGhlaWdodCUzRCUyMjYwMCUyMiUyMGZyYW1lYm9yZGVyJTNEJTIyMCUyMiUyMHN0eWxlJTNEJTIyYm9yZGVyJTNBMCUyMiUyMGFsbG93ZnVsbHNjcmVlbiUzRSUzQyUyRmlmcmFtZSUzRQ==&#8221;][\/vc_column][\/vc_row][vc_row container=&#8221;1&#8243; css=&#8221;.vc_custom_1491069656736{margin-top: 20px !important;margin-bottom: 10px !important;}&#8221;][vc_column][vc_custom_heading text=&#8221;Chemins pour arriver \u00e0 Casa Castedo do Douro&#8221; font_container=&#8221;tag:h2|font_size:40|text_align:left|color:%23000000&#8243; use_theme_fonts=&#8221;yes&#8221;][vc_empty_space][vc_column_text]<\/p>\n<p style=\"text-align: justify;\"><strong>DE\u00a0PORTO<\/strong><\/p>\n<ul type=\"disc\">\n<li>Prendre l&#8217;autoroute\u00a0A4, direction VILA REAL.<\/li>\n<li>Cette\u00a0autoroute a\u00a0un tunnel avec\u00a05,6Km. Continuer dans la A4, direction\u00a0VILA REAL \u2013 BRAGAN\u00c7A<\/li>\n<li>Environ 20 km apr\u00e8s le\u00a0tunnel, prendre la SORTIE\u00a0\u00a027\u00a0vers ALIJ\u00d3\/Miranda do Douro.<\/li>\n<li>Suivre\u00a0sur la IC5 pour 10 km, prendre la SORTIE ALIJ\u00d3, entrer dans la N212.<\/li>\n<li>Suivre sur la N212 pour 5 km, direction ALIJ\u00d3.<\/li>\n<li><span lang=\"EN-US\">Apr\u00e8s\u00a0<\/span><span lang=\"EN-US\">votre <\/span><span lang=\"EN-US\">arriv\u00e9e \u00e0\u00a0ALIJ\u00d3, <\/span><span lang=\"EN-US\">au<\/span><span lang=\"EN-US\">\u00a01er rond-point prendre la 1er sortie, <\/span><span lang=\"EN-US\">aller <\/span><span lang=\"EN-US\">tout droit, au\u00a02\u00e8me rond-point prende\u00a0la 3\u00e8me sortie, <\/span><span lang=\"EN-US\">aller <\/span><span lang=\"EN-US\">tout droit, au 3\u00e8me rond-point, prendre la\u00a03\u00aa sortie, direction CASTEDO\/Vilarinho de Cotas\/P\u00f3voa.<\/span><\/li>\n<li><span lang=\"EN-US\">Dans la M597, <\/span><span lang=\"EN-US\">aller <\/span><span lang=\"EN-US\">tout droit, pour 6 km, vers la village de\u00a0CASTEDO.<\/span><\/li>\n<\/ul>\n<p style=\"text-align: justify;\"><strong><br \/>\nDE LISBONNE<\/strong><\/p>\n<ul type=\"disc\">\n<li>Prendre l&#8217;autoroute A1 NORTE,\u00a0direction COIMBRA.<\/li>\n<li>Prendre la SORTIE 13, entrer dans la\u00a0IP3, direction VISEU\/Coimbra.<\/li>\n<li>Prendre la SORTIE\u00a013A, entrer dans la A4, direction VILA REAL\/ BRAGAN\u00c7A.<\/li>\n<li>Prendre la SORTIE 27 vers ALIJ\u00d3\/Miranda do Douro.<\/li>\n<li>Suivre\u00a0sur la IC5 pour 10 km, prendre la SORTIE ALIJ\u00d3, entrer dans la N212.<\/li>\n<li>Suivre\u00a0sur la N212 pour 5 km, direction ALIJ\u00d3.<\/li>\n<li><span lang=\"EN-US\">Apr\u00e8s <\/span><span lang=\"EN-US\">votre<\/span><span lang=\"EN-US\"> arriv\u00e9e \u00e0\u00a0ALIJ\u00d3,\u00a0<\/span><span lang=\"EN-US\">au<\/span><span lang=\"EN-US\">\u00a0<\/span><span lang=\"EN-US\">1er rond-point prendre la\u00a01er sortie, alle<\/span><span lang=\"EN-US\">r<\/span><span lang=\"EN-US\"> tout droit, au\u00a02\u00e8me rond-point prende\u00a0la 3\u00e8me sortie, alle<\/span><span lang=\"EN-US\">r<\/span><span lang=\"EN-US\"> tout droit, au 3\u00e8me rond-point, prendre la\u00a03\u00aa sortie, direction CASTEDO\/Vilarinho de Cotas\/P\u00f3voa.<\/span><\/li>\n<li><span lang=\"EN-US\">Dans la M597, <\/span><span lang=\"EN-US\">aller <\/span><span lang=\"EN-US\">tout droit, pour 6 km, vers la village de\u00a0CASTEDO.<\/span><\/li>\n<\/ul>\n<p style=\"text-align: justify;\"><strong><br \/>\nADRESSE<\/strong><\/p>\n<p style=\"text-align: justify;\">Casa Castedo do Douro<br \/>\nRue du Brasil, n\u00ba2<br \/>\n<strong><b>Entr\u00e9e<\/b>: Rue Manuel Jesus Magalh\u00e3es<\/strong><br \/>\nCastedo 5070-235 Alij\u00f3<br \/>\nGPS Lat: 41.225544, | Long: -7.464319<\/p>\n<p style=\"text-align: justify;\">Num\u00e9ro de portable (pour toute information) : 00 351 914527739<br \/>\nNous vous souhaitons un bon voyage et un grand s\u00e9jour \u00e0 la Maison Castedo do Douro!<\/p>\n<p style=\"text-align: justify;\"><div style=\"display: none;\"\n    class=\"kk-star-ratings   \"\n    data-id=\"1355\"\n    data-slug=\"\">\n    <div class=\"kksr-stars\">\n    <div class=\"kksr-stars-inactive\">\n            <div class=\"kksr-star\" data-star=\"1\">\n            <div class=\"kksr-icon\" style=\"width: px; height: px;\"><\/div>\n        <\/div>\n            <div class=\"kksr-star\" data-star=\"2\">\n            <div class=\"kksr-icon\" style=\"width: px; height: px;\"><\/div>\n        <\/div>\n            <div class=\"kksr-star\" data-star=\"3\">\n            <div class=\"kksr-icon\" style=\"width: px; height: px;\"><\/div>\n        <\/div>\n            <div class=\"kksr-star\" data-star=\"4\">\n            <div class=\"kksr-icon\" style=\"width: px; height: px;\"><\/div>\n        <\/div>\n            <div class=\"kksr-star\" data-star=\"5\">\n            <div class=\"kksr-icon\" style=\"width: px; height: px;\"><\/div>\n        <\/div>\n    <\/div>\n    <div class=\"kksr-stars-active\" style=\"width: 0px;\">\n            <div class=\"kksr-star\">\n            <div class=\"kksr-icon\" style=\"width: px; height: px;\"><\/div>\n        <\/div>\n            <div class=\"kksr-star\">\n            <div class=\"kksr-icon\" style=\"width: px; height: px;\"><\/div>\n        <\/div>\n            <div class=\"kksr-star\">\n            <div class=\"kksr-icon\" style=\"width: px; height: px;\"><\/div>\n        <\/div>\n            <div class=\"kksr-star\">\n            <div class=\"kksr-icon\" style=\"width: px; height: px;\"><\/div>\n        <\/div>\n            <div class=\"kksr-star\">\n            <div class=\"kksr-icon\" style=\"width: px; height: px;\"><\/div>\n        <\/div>\n    <\/div>\n<\/div>\n    <div class=\"kksr-legend\">\n            <strong class=\"kksr-score\">4.7<\/strong>\n        <span class=\"kksr-muted\">\/<\/span>\n        <strong>5<\/strong>\n        <span class=\"kksr-muted\">(<\/span>\n        <strong class=\"kksr-count\">4<\/strong>\n        <span class=\"kksr-muted\">\n            votes        <\/span>\n        <span class=\"kksr-muted\">)<\/span>\n    <\/div>\n<\/div>\n<p>[\/vc_column_text][\/vc_column][\/vc_row]<\/p>\n","protected":false},"excerpt":{"rendered":"<p>[vc_row css=&#8221;.vc_custom_1489495498910{margin-top: 20px !important;margin-bottom: 10px !important;}&#8221;][vc_column][vc_custom_heading source=&#8221;post_title&#8221; font_container=&#8221;tag:h1|font_size:40|text_align:center|color:%23000000&#8243; use_theme_fonts=&#8221;yes&#8221;][\/vc_column][\/vc_row][vc_row container=&#8221;1&#8243; css=&#8221;.vc_custom_1488988454519{margin-top: 50px !important;margin-bottom: 50px !important;}&#8221;][vc_column][vc_gmaps link=&#8221;#E-8_JTNDaWZyYW1lJTIwc3JjJTNEJTIyaHR0cHMlM0ElMkYlMkZ3d3cuZ29vZ2xlLmNvbSUyRm1hcHMlMkZlbWJlZCUzRnBiJTNEJTIxMW0xNCUyMTFtOCUyMTFtMyUyMTFkMTIwMDMuMzc3NjM5NjYzNjglMjEyZC03LjQ3MTUyMTg2ODc4NjYyMSUyMTNkNDEuMjI1MTYxMDA0NTIyNzMlMjEzbTIlMjExaTEwMjQlMjEyaTc2OCUyMTRmMTMuMSUyMTNtMyUyMTFtMiUyMTFzMHhkM2I0MmVjMTYzNDAyMmIlMjUzQTB4YjhmMmVkYmI3ZDc1ZDE3OCUyMTJzQ2FzYSUyQkNhc3RlZG8lMkJkbyUyQkRvdXJvJTIxNWUwJTIxM20yJTIxMXNwdC1QVCUyMTJzcHQlMjE0djE0OTEyMTE3ODI3OTMlMjIlMjB3aWR0aCUzRCUyMjgwMCUyMiUyMGhlaWdodCUzRCUyMjYwMCUyMiUyMGZyYW1lYm9yZGVyJTNEJTIyMCUyMiUyMHN0eWxlJTNEJTIyYm9yZGVyJTNBMCUyMiUyMGFsbG93ZnVsbHNjcmVlbiUzRSUzQyUyRmlmcmFtZSUzRQ==&#8221;][\/vc_column][\/vc_row][vc_row container=&#8221;1&#8243; css=&#8221;.vc_custom_1491069656736{margin-top: 20px !important;margin-bottom: 10px !important;}&#8221;][vc_column][vc_custom_heading text=&#8221;Chemins pour arriver \u00e0 Casa Castedo do Douro&#8221; font_container=&#8221;tag:h2|font_size:40|text_align:left|color:%23000000&#8243; use_theme_fonts=&#8221;yes&#8221;][vc_empty_space][vc_column_text] DE\u00a0PORTO Prendre l&#8217;autoroute\u00a0A4, direction VILA REAL. Cette\u00a0autoroute a\u00a0un tunnel avec\u00a05,6Km. Continuer dans la A4, direction\u00a0VILA REAL \u2013 BRAGAN\u00c7A Environ 20 km apr\u00e8s le\u00a0tunnel,<\/p>\n","protected":false},"author":1,"featured_media":0,"parent":0,"menu_order":0,"comment_status":"open","ping_status":"closed","template":"tpl-visual_composer.php","meta":[],"yoast_head":"<!-- This site is optimized with the Yoast SEO plugin v15.9.1 - https:\/\/yoast.com\/wordpress\/plugins\/seo\/ -->\n<title>Comment Arriver | Une magnifique et authentique maison rustique situ\u00e9e dans un Vall\u00e9e du Douro<\/title>\n<meta name=\"description\" content=\"Comment Arriver en une magnifique et authentique maison rustique, situ\u00e9e dans un village typique de la Vall\u00e9e du Douro, \u00e0 80 minutes de Porto.\" \/>\n<meta name=\"robots\" content=\"index, follow, max-snippet:-1, max-image-preview:large, max-video-preview:-1\" \/>\n<link rel=\"canonical\" href=\"https:\/\/www.castedodourovilla.com\/fr\/comment-arriver\/\" \/>\n<meta property=\"og:locale\" content=\"fr_FR\" \/>\n<meta property=\"og:type\" content=\"article\" \/>\n<meta property=\"og:title\" content=\"Comment Arriver | Une magnifique et authentique maison rustique situ\u00e9e dans un Vall\u00e9e du Douro\" \/>\n<meta property=\"og:description\" content=\"Comment Arriver en une magnifique et authentique maison rustique, situ\u00e9e dans un village typique de la Vall\u00e9e du Douro, \u00e0 80 minutes de Porto.\" \/>\n<meta property=\"og:url\" content=\"https:\/\/www.castedodourovilla.com\/fr\/comment-arriver\/\" \/>\n<meta property=\"og:site_name\" content=\"Casa de F\u00e9rias\" \/>\n<meta property=\"article:publisher\" content=\"https:\/\/www.facebook.com\/casacastedododouro\/\" \/>\n<meta property=\"article:modified_time\" content=\"2018-01-19T16:07:37+00:00\" \/>\n<meta name=\"twitter:card\" content=\"summary\" \/>\n<meta name=\"twitter:label1\" content=\"Est. reading time\">\n\t<meta name=\"twitter:data1\" content=\"2 minutes\">\n<script type=\"application\/ld+json\" class=\"yoast-schema-graph\">{\"@context\":\"https:\/\/schema.org\",\"@graph\":[{\"@type\":\"WebSite\",\"@id\":\"https:\/\/www.castedodourovilla.com\/#website\",\"url\":\"https:\/\/www.castedodourovilla.com\/\",\"name\":\"Casa de F\\u00e9rias\",\"description\":\"\",\"potentialAction\":[{\"@type\":\"SearchAction\",\"target\":\"https:\/\/www.castedodourovilla.com\/?s={search_term_string}\",\"query-input\":\"required name=search_term_string\"}],\"inLanguage\":\"fr-FR\"},{\"@type\":\"WebPage\",\"@id\":\"https:\/\/www.castedodourovilla.com\/fr\/comment-arriver\/#webpage\",\"url\":\"https:\/\/www.castedodourovilla.com\/fr\/comment-arriver\/\",\"name\":\"Comment Arriver | Une magnifique et authentique maison rustique situ\\u00e9e dans un Vall\\u00e9e du Douro\",\"isPartOf\":{\"@id\":\"https:\/\/www.castedodourovilla.com\/#website\"},\"datePublished\":\"2017-04-29T08:26:18+00:00\",\"dateModified\":\"2018-01-19T16:07:37+00:00\",\"description\":\"Comment Arriver en une magnifique et authentique maison rustique, situ\\u00e9e dans un village typique de la Vall\\u00e9e du Douro, \\u00e0 80 minutes de Porto.\",\"breadcrumb\":{\"@id\":\"https:\/\/www.castedodourovilla.com\/fr\/comment-arriver\/#breadcrumb\"},\"inLanguage\":\"fr-FR\",\"potentialAction\":[{\"@type\":\"ReadAction\",\"target\":[\"https:\/\/www.castedodourovilla.com\/fr\/comment-arriver\/\"]}]},{\"@type\":\"BreadcrumbList\",\"@id\":\"https:\/\/www.castedodourovilla.com\/fr\/comment-arriver\/#breadcrumb\",\"itemListElement\":[{\"@type\":\"ListItem\",\"position\":1,\"item\":{\"@type\":\"WebPage\",\"@id\":\"\",\"url\":\"\",\"name\":\"In\\u00edcio\"}},{\"@type\":\"ListItem\",\"position\":2,\"item\":{\"@type\":\"WebPage\",\"@id\":\"https:\/\/www.castedodourovilla.com\/fr\/comment-arriver\/\",\"url\":\"https:\/\/www.castedodourovilla.com\/fr\/comment-arriver\/\",\"name\":\"Comment Arriver\"}}]}]}<\/script>\n<!-- \/ Yoast SEO plugin. -->","_links":{"self":[{"href":"https:\/\/www.castedodourovilla.com\/fr\/wp-json\/wp\/v2\/pages\/1355"}],"collection":[{"href":"https:\/\/www.castedodourovilla.com\/fr\/wp-json\/wp\/v2\/pages"}],"about":[{"href":"https:\/\/www.castedodourovilla.com\/fr\/wp-json\/wp\/v2\/types\/page"}],"author":[{"embeddable":true,"href":"https:\/\/www.castedodourovilla.com\/fr\/wp-json\/wp\/v2\/users\/1"}],"replies":[{"embeddable":true,"href":"https:\/\/www.castedodourovilla.com\/fr\/wp-json\/wp\/v2\/comments?post=1355"}],"version-history":[{"count":7,"href":"https:\/\/www.castedodourovilla.com\/fr\/wp-json\/wp\/v2\/pages\/1355\/revisions"}],"predecessor-version":[{"id":1834,"href":"https:\/\/www.castedodourovilla.com\/fr\/wp-json\/wp\/v2\/pages\/1355\/revisions\/1834"}],"wp:attachment":[{"href":"https:\/\/www.castedodourovilla.com\/fr\/wp-json\/wp\/v2\/media?parent=1355"}],"curies":[{"name":"wp","href":"https:\/\/api.w.org\/{rel}","templated":true}]}}