{"id":1356,"date":"2017-04-29T08:27:09","date_gmt":"2017-04-29T08:27:09","guid":{"rendered":"http:\/\/www.castedodourovilla.com\/fr\/?page_id=1356"},"modified":"2018-11-18T20:06:31","modified_gmt":"2018-11-18T20:06:31","slug":"avis","status":"publish","type":"page","link":"https:\/\/www.castedodourovilla.com\/fr\/avis\/","title":{"rendered":"Avis"},"content":{"rendered":"<p>[vc_row css=&#8221;.vc_custom_1489495498910{margin-top: 20px !important;margin-bottom: 10px !important;}&#8221;][vc_column][vc_custom_heading source=&#8221;post_title&#8221; font_container=&#8221;tag:h1|font_size:40|text_align:center|color:%23000000&#8243; use_theme_fonts=&#8221;yes&#8221;][\/vc_column][\/vc_row][vc_row container=&#8221;1&#8243; css=&#8221;.vc_custom_1488988454519{margin-top: 50px !important;margin-bottom: 50px !important;}&#8221;][vc_column][vc_column_text]<\/p>\n<div dir=\"ltr\">\n<div dir=\"ltr\">\n<ul class=\"review-block-content\">\n<li class=\"bui_font_heading margin-bottom-sm\"><strong>Restful two week stay\u201d<\/strong><\/li>\n<li class=\"bui_font_heading margin-bottom-sm\">\n<ul class=\"review-block-content\">\n<li class=\"bui_font_heading margin-bottom-sm\">Reviewed last 5th Setember 2018, regarding a stay during August 2018<\/li>\n<\/ul>\n<p>&nbsp;<\/p>\n<ul class=\"review-block-content\">\n<li class=\"bui_font_heading margin-bottom-sm\">We spent two restful weeks at\u00a0<a title=\"Casa Castedo do Douro\" href=\"https:\/\/www.castedodourovilla.com\/\">Casa Castedo do Douro<\/a>. Jo\u00e0o was great in providing all required information; prior to booking, directions to the property, information on the local area and restaurant recommendations such as Restaurante Pizzeria Margherita and Cepa Torta in Alijo. Restaurante Veladouro in Pinha\u00f2 was also very good but gets busy. We spent a lot of our time relaxing at the house, making use of the cool basement and refreshing pool but also visited the local areas and further afield to Oporto by train from Tua nearby and took the children to Natur Water Park, Vila Real followed by a visit on our return to Castedo to Quinta do Portal. We thoroughly enjoyed our stay in this rural retreat. Thank you Jo\u00e0o for letting us stay in your lovely house and for sharing some of your port.<\/li>\n<\/ul>\n<p>Liz Rudge<\/p>\n<p>UK<\/li>\n<\/ul>\n<p>&nbsp;<\/p>\n<ul class=\"review-block-content\">\n<li class=\"bui_font_heading margin-bottom-sm\"><strong>Authentic village house\u201d<\/strong><\/li>\n<\/ul>\n<p>&nbsp;<\/p>\n<ul class=\"review-block-content\">\n<li class=\"bui_font_heading margin-bottom-sm\">Reviewed last 6th October 2018, regarding a stay during September 2018<\/li>\n<\/ul>\n<p>&nbsp;<\/p>\n<ul class=\"review-block-content\">\n<li class=\"bui_font_heading margin-bottom-sm\">Authentic village house wonderfully comfortable plenty of space great facilities and brilliant host<\/li>\n<li class=\"plus\">Welcoming from host, location in authentic village\u00a0<a title=\"swimming pool\" href=\"https:\/\/www.castedodourovilla.com\/piscina\/\">swimming pool<\/a>\u00a0views comfy beds quietness, outdoor seating.<\/li>\n<\/ul>\n<p>Julie<\/p>\n<p>UK<\/p>\n<p dir=\"ltr\"><strong>\u201cPerfect House Description\u201d<\/strong><\/p>\n<p dir=\"ltr\">Reviewed last 25th August 2018, regarding a stay during August 2018<\/p>\n<p dir=\"ltr\">Airbnb<\/p>\n<p dir=\"ltr\">\u201cJo\u00e3o was an awazing guest, he welcome us really well with a lot of explications about the house. The house was perfect exactly how it s describes. We enjoyed a lot pur stay I highly recommended to come in Jo\u00e3o\u2019house.\u201d<\/p>\n<p dir=\"ltr\">Simon<\/p>\n<p dir=\"ltr\">Paris, France<\/p>\n<p dir=\"ltr\"><strong>\u201cAutentiske Portugal\u201d<\/strong><\/p>\n<p dir=\"ltr\">Reviewed last 11th May 2018, regarding a stay in May 2018<\/p>\n<p dir=\"ltr\">Airbnb<\/p>\n<p dir=\"ltr\">\u00d8nsker du at opleve det autentiske Portugal, s\u00e5 er denne bolig lige noget for dig. Du bor midt imellem de lokale i en brostensbelagt bjerglandsby, og uanset hvor du befinder dig, har du den smukkeste udsigt ud over dalen. Huset er gammelt p\u00e5 den charmerende m\u00e5de, og har du brug for varme, s\u00e5 t\u00e6nder du op i pejsen med gamle vinstokke. Jo\u00e3o er en fantastisk v\u00e6rt, og i modtages med et glas uds\u00f8gt portvin, der stammer fra det \u00e5r, han blev f\u00f8dt. Han er godt til at informere og anbefale lokale ting, og har desuden det hele som skriftlig information med adresser osv. Vi kan kun varmt anbefale dette uds\u00f8gte hus og Jo\u00e3o, og vi gl\u00e6der os til at vende tilbage.<\/p>\n<p dir=\"ltr\">Heidi Baran<\/p>\n<p dir=\"ltr\">Slagelse, Denmark<\/p>\n<h4 class=\"review-title\"><\/h4>\n<h4 class=\"review-title\"><\/h4>\n<h4 class=\"review-title\"><\/h4>\n<h4 class=\"review-title\"><\/h4>\n<p>&nbsp;<\/p>\n<h4 class=\"review-title\">&#8220;<strong>Amazing Douro<\/strong>&#8220;<\/h4>\n<\/div>\n<div dir=\"ltr\">\n<p>Reviewed last 16th September 2017, regarding a stay in August 2017<\/p>\n<ul>\n<li>TripAdvisor<\/li>\n<\/ul>\n<div dir=\"ltr\">\n<p>&nbsp;<\/p>\n<p>Highest grade for this accommodation at Castedo do Douro. Fantastic countryside villa. Peace, Harmony, Beauty and Well-being. A word of appreciation to the host Jo\u00e3o Carvalho who received us open-heartedly. The Douro is unique and divine. The entire family enjoyed it and will certainly return. Thank you and see you soon!<\/p>\n<ul>\n<li>PauloVelososeguros<\/li>\n<\/ul>\n<p>Porto, Portugal<\/p>\n<\/div>\n<div dir=\"ltr\"><\/div>\n<hr \/>\n<div dir=\"ltr\">\n<p>\u201c<strong>We loved our stay, it\u2019s a beautiful house with a fantastic pool in a beautiful area<\/strong>\u201d<\/p>\n<p>Reviewed\u00a0 last 30th August 2017, regarding a stay in August 2017<\/p>\n<p>Booking<\/p>\n<p>&nbsp;<\/p>\n<p>Joao met us at the property on arrival and showed us round and told us some of the history of the house. Joao also gave us lots of ideas for the best excursions and places to visit. Fresh bread was delivered each morning and there was always a plentiful supply of ham and cheese as well as juice and coffee for breakfast. The house is very spacious and the grounds are vast with gorgeous views of vineyards from the terrace. The kids loved the cool den downstairs with the pool table when they made it out of the large swimming pool. The table tennis was also great for entertaining the teenagers. My husband hired a bike for the week and Joao took delivery of it for us the week before and advisied on all the best routes.\u00a0 Anyone who enjoys hilly cycling with amazing views would love the Douro valley. I can\u2019t recommend the house or Joao highly enough!<\/p>\n<p>Louise Collins<\/p>\n<ul>\n<li>UK<\/li>\n<\/ul>\n<\/div>\n<div dir=\"ltr\"><\/div>\n<div dir=\"ltr\">\n<hr \/>\n<div dir=\"ltr\">\n<p>\u201c<strong>Erholsamer Familienurlaub<\/strong>\u201d<\/p>\n<ul>\n<li>Reviewed last 5th August 2017, regarding a stay in July\/August 2017<\/li>\n<\/ul>\n<p>TripAdvisor<\/p>\n<p>Wir haben 8 unvergesslich sch\u00f6ne Tage mit der ganzen Familie verbracht. Das Haus ist mit Liebe zum Detail eingerichtet, in jeder Ecke gibt es wieder etwas neues zu entdecken. Der Pool und der grosse Garten wurde von den Kids (und nat\u00fcrlich auch von den Erwachsenen) ausgiebig genossen. Jo\u00e3o (der Gastgeber) hat uns herzlich empfangen und ist sehr zuvorkommend und hilfsbereit. Wir k\u00f6nnen einen Aufenthalt hier nur empfehlen.<\/p>\n<p>Ruedlingerflorian<\/p>\n<ul>\n<li>Widnau<\/li>\n<li>Switzerland<\/li>\n<\/ul>\n<\/div>\n<div dir=\"ltr\"><\/div>\n<div dir=\"ltr\">\n<hr \/>\n<p>\u201c<strong>Best Airbnb home and the best Host<\/strong>\u201d<\/p>\n<p>Reviewed July 2017, regarding a stay in July 2017<\/p>\n<ul>\n<li>Airbnb<\/li>\n<\/ul>\n<p>&nbsp;<\/p>\n<p>Joao is an excellent host. He communicated extremely well and gave us so much wonderful information about the Douro region and activities we could do. He met us on our arrival with a tasting of the delicious family port and farewelled us on our departure. The home was very spacious and exquisitely decorated with antiques and family heirlooms in every room, but also the modern conveniences necessary for a very comfortable stay. The gardens and pool area were gorgeous and we used them several times a day. We were supplied with delicious local bread daily along with ham, cheese, juice and milk for our entire stay. We were very sad to leave and recommend very highly this beautiful home if you want a luxury stay in the Douro valley. The best airbnb home we have ever stayed in and the best host.<\/p>\n<ul>\n<li>Anne-Marie<\/li>\n<li>New Zeland<\/li>\n<li>\n<hr \/>\n<h5 class=\"review-title\"><\/h5>\n<\/li>\n<li>\n<h5 class=\"review-title\">\u201c<strong>Perfect Rural Villa<\/strong>\u201c<\/h5>\n<\/li>\n<\/ul>\n<p>Reviewed last 10th July 2017, regarding a stay in July 2017<\/p>\n<p>TripAdvisor<\/p>\n<p>A group of 8 of us stayed here for 4 nights recently. It\u2019s an excellent, well kept property, with plenty of space. The pool area was well used and is beautiful. The BBQ is great for everyday use \u2013 we cooked on there everyday, and ate outside everyday on the roof terrace. The underground \u201cgames\u201d room is great for chilling out at the end of everyday, and for cooling down as it stays so much cooler than the rest of the bar. Great place for exploring the Douro. The drive down to Pinhao is short, if a little scary. Supermarket isn\u2019t far away for everything you\u2019ll need. And if you\u2019re brave, there\u2019s even a little local bar for a cheap bottle of Superbock beer. And a short walk up behind the property gives a great view of the Douro and the valley. Can not recommend this property enough.<\/p>\n<p>Shags_Rogers<\/p>\n<ul>\n<li>Bracknell, United Kingdom<\/li>\n<\/ul>\n<\/div>\n<\/div>\n<hr \/>\n<p>\u201c<strong>The perfect place to stay in the Douro valley!<\/strong>\u201d<\/p>\n<\/div>\n<p>Reviewed June 2017, regarding a stay in May 2017<\/p>\n<p>Airbnb<\/p>\n<div dir=\"ltr\">The perfect place to stay in the Douro Valley. Both the house and adjoining property are large. The traditional home is very comfortable with a few surprises like a pool table and a tv room. Additionally our kind host had milk and juice in the fridge and the local baker delivered bread our first morning there. How thoughtful. The grounds include a wonderful pool, an outdoor eating area and a built in grill, all with grand views of the countryside. Joao sure knows how to make his guests welcome . We would love to return.<\/div>\n<div dir=\"ltr\"><\/div>\n<ul>\n<li dir=\"ltr\">Colleen<\/li>\n<li dir=\"ltr\">USA<\/li>\n<\/ul>\n<\/div>\n<div dir=\"ltr\">\n<hr \/>\n<\/div>\n<div dir=\"ltr\"><strong>\u201cAbsolutely great location, great house!\u201d<\/strong><\/div>\n<div dir=\"ltr\"><\/div>\n<div dir=\"ltr\">Reviewed last 13th October 2016, regarding a stay in September 2016<\/div>\n<div dir=\"ltr\"><\/div>\n<div dir=\"ltr\"><\/div>\n<div dir=\"ltr\"><\/div>\n<div dir=\"ltr\">\n<p>TripAdvisor<\/p>\n<p>Had the chance to stay at this great traditional Douro house for a couple of nights. Our host Jo\u00e3o was outstanding and went out of his way to make sure all of our questions and needs were attended. Joao included some local traits which made my friends and I a delight.<\/p>\n<p>The house maintains the traditional traits while providing all the modern amenities.<\/p>\n<p>A great pool with a barbecue and a deck.<\/p>\n<p>I look forward to staying there again.<\/p>\n<p>Pedro FSBR<\/p>\n<p>Porto, Portugal<\/p>\n<\/div>\n<hr \/>\n<p dir=\"ltr\" style=\"text-align: justify;\"><strong>&#8220;Fantastic place with real charm\u201d<\/strong><\/p>\n<p dir=\"ltr\" style=\"text-align: justify;\"><img src=\"https:\/\/static.tacdn.com\/img2\/x.gif\" alt=\"5 of 5 bubbles\" \/>Reviewed last 14th October 2016, regarding a stay in September 2016<\/p>\n<p dir=\"ltr\" style=\"text-align: justify;\">TripAdvisor<\/p>\n<div dir=\"ltr\" style=\"text-align: justify;\"><\/div>\n<div dir=\"ltr\" style=\"text-align: justify;\"><\/div>\n<div dir=\"ltr\" style=\"text-align: justify;\">\n<p dir=\"ltr\"><span id=\"m_-5417755624330859517review_427829491\">We recently stayed at Casa Do Castedo and the experience was fantastic. Joao the owner is extremely friendly and helpful and made us feel very welcome. He&#8217;s done a great job at preserving the property&#8217;s original features and history which adds to its charm. It is spacious, clean and very well presented with a beautiful garden and pool.<\/span><\/p>\n<p>I highly recommend this place if you are looking to travel the Douro Region.<\/p>\n<p>Tiagofds<\/p>\n<\/div>\n<p dir=\"ltr\" style=\"text-align: justify;\">London, United Kingdom<\/p>\n<hr \/>\n<div dir=\"ltr\" style=\"text-align: justify;\"><\/div>\n<div dir=\"ltr\" style=\"text-align: justify;\"><\/div>\n<div dir=\"ltr\" style=\"text-align: justify;\">\n<div><\/div>\n<div><\/div>\n<div><\/div>\n<div><strong>&#8220;S\u00e9jour tr\u00e8s bien pass\u00e9&#8221;<\/strong><\/div>\n<div>Reviewed August 2016, regarding a stay in August 2016<\/div>\n<div>Airbnb<\/div>\n<\/div>\n<div dir=\"ltr\" style=\"text-align: justify;\"><\/div>\n<div dir=\"ltr\">\n<div style=\"text-align: justify;\">\n<div>\n<div><\/div>\n<div><\/div>\n<p>&nbsp;<\/p>\n<p>Bonjour. Notre s\u00e9jour s&#8217;est tr\u00e8s bien pass\u00e9. Notre h\u00f4te nous a fait un accueil tr\u00e8s sympathique, nous a orient\u00e9 sur les activit\u00e9s et visites a faire. La maison et la piscine sont tr\u00e8s agr\u00e9able, ainsi que le jardin. La zone ombrag\u00e9 sous les vignes est parfaite pour d\u00e9jeuner, les aperitifs se passent au niveau du patio en fin de journ\u00e9e. La r\u00e9gion et les portugais sont vraiment tr\u00e8s accueillants et sympathiques.<\/p>\n<\/div>\n<\/div>\n<div dir=\"ltr\" style=\"text-align: justify;\"><\/div>\n<div dir=\"ltr\" style=\"text-align: justify;\"><\/div>\n<div dir=\"ltr\" style=\"text-align: justify;\"><\/div>\n<div dir=\"ltr\" style=\"text-align: justify;\">Pierre-Axel<\/div>\n<div dir=\"ltr\" style=\"text-align: justify;\">Montreuil, France<\/div>\n<div dir=\"ltr\" style=\"text-align: justify;\"><\/div>\n<div dir=\"ltr\"><\/div>\n<\/div>\n<p>[\/vc_column_text][\/vc_column][\/vc_row][vc_row][vc_column][vc_column_text]<\/p>\n<p>[\/vc_column_text][\/vc_column][\/vc_row]<\/p>\n<div style=\"display: none;\"\n    class=\"kk-star-ratings kksr-valign-bottom kksr-align-right \"\n    data-id=\"1356\"\n    data-slug=\"\">\n    <div class=\"kksr-stars\">\n    <div class=\"kksr-stars-inactive\">\n            <div class=\"kksr-star\" data-star=\"1\">\n            <div class=\"kksr-icon\" style=\"width: px; height: px;\"><\/div>\n        <\/div>\n            <div class=\"kksr-star\" data-star=\"2\">\n            <div class=\"kksr-icon\" style=\"width: px; height: px;\"><\/div>\n        <\/div>\n            <div class=\"kksr-star\" data-star=\"3\">\n            <div class=\"kksr-icon\" style=\"width: px; height: px;\"><\/div>\n        <\/div>\n            <div class=\"kksr-star\" data-star=\"4\">\n            <div class=\"kksr-icon\" style=\"width: px; height: px;\"><\/div>\n        <\/div>\n            <div class=\"kksr-star\" data-star=\"5\">\n            <div class=\"kksr-icon\" style=\"width: px; height: px;\"><\/div>\n        <\/div>\n    <\/div>\n    <div class=\"kksr-stars-active\" style=\"width: 0px;\">\n            <div class=\"kksr-star\">\n            <div class=\"kksr-icon\" style=\"width: px; height: px;\"><\/div>\n        <\/div>\n            <div class=\"kksr-star\">\n            <div class=\"kksr-icon\" style=\"width: px; height: px;\"><\/div>\n        <\/div>\n            <div class=\"kksr-star\">\n            <div class=\"kksr-icon\" style=\"width: px; height: px;\"><\/div>\n        <\/div>\n            <div class=\"kksr-star\">\n            <div class=\"kksr-icon\" style=\"width: px; height: px;\"><\/div>\n        <\/div>\n            <div class=\"kksr-star\">\n            <div class=\"kksr-icon\" style=\"width: px; height: px;\"><\/div>\n        <\/div>\n    <\/div>\n<\/div>\n    <div class=\"kksr-legend\">\n            <span class=\"kksr-muted\"><\/span>\n    <\/div>\n<\/div>\n","protected":false},"excerpt":{"rendered":"<p>[vc_row css=&#8221;.vc_custom_1489495498910{margin-top: 20px !important;margin-bottom: 10px !important;}&#8221;][vc_column][vc_custom_heading source=&#8221;post_title&#8221; font_container=&#8221;tag:h1|font_size:40|text_align:center|color:%23000000&#8243; use_theme_fonts=&#8221;yes&#8221;][\/vc_column][\/vc_row][vc_row container=&#8221;1&#8243; css=&#8221;.vc_custom_1488988454519{margin-top: 50px !important;margin-bottom: 50px !important;}&#8221;][vc_column][vc_column_text] Restful two week stay\u201d Reviewed last 5th Setember 2018, regarding a stay during August 2018 &nbsp; We spent two restful weeks at\u00a0Casa Castedo do Douro. Jo\u00e0o was great in providing all required information; prior to booking, directions to the property,<\/p>\n","protected":false},"author":1,"featured_media":0,"parent":0,"menu_order":0,"comment_status":"open","ping_status":"closed","template":"tpl-visual_composer.php","meta":[],"yoast_head":"<!-- This site is optimized with the Yoast SEO plugin v15.9.1 - https:\/\/yoast.com\/wordpress\/plugins\/seo\/ -->\n<title>Avis | Une magnifique et authentique maison rustique situ\u00e9e dans un Vall\u00e9e du Douro<\/title>\n<meta name=\"description\" content=\"Avis en une magnifique et authentique maison rustique, situ\u00e9e dans un village typique de la Vall\u00e9e du Douro, \u00e0 80 minutes de Porto.\" \/>\n<meta name=\"robots\" content=\"index, follow, max-snippet:-1, max-image-preview:large, max-video-preview:-1\" \/>\n<link rel=\"canonical\" href=\"https:\/\/www.castedodourovilla.com\/fr\/avis\/\" \/>\n<meta property=\"og:locale\" content=\"fr_FR\" \/>\n<meta property=\"og:type\" content=\"article\" \/>\n<meta property=\"og:title\" content=\"Avis | Une magnifique et authentique maison rustique situ\u00e9e dans un Vall\u00e9e du Douro\" \/>\n<meta property=\"og:description\" content=\"Avis en une magnifique et authentique maison rustique, situ\u00e9e dans un village typique de la Vall\u00e9e du Douro, \u00e0 80 minutes de Porto.\" \/>\n<meta property=\"og:url\" content=\"https:\/\/www.castedodourovilla.com\/fr\/avis\/\" \/>\n<meta property=\"og:site_name\" content=\"Casa de F\u00e9rias\" \/>\n<meta property=\"article:publisher\" content=\"https:\/\/www.facebook.com\/casacastedododouro\/\" \/>\n<meta property=\"article:modified_time\" content=\"2018-11-18T20:06:31+00:00\" \/>\n<meta property=\"og:image\" content=\"https:\/\/static.tacdn.com\/img2\/x.gif\" \/>\n<meta name=\"twitter:card\" content=\"summary\" \/>\n<meta name=\"twitter:label1\" content=\"Est. reading time\">\n\t<meta name=\"twitter:data1\" content=\"8 minutes\">\n<script type=\"application\/ld+json\" class=\"yoast-schema-graph\">{\"@context\":\"https:\/\/schema.org\",\"@graph\":[{\"@type\":\"WebSite\",\"@id\":\"https:\/\/www.castedodourovilla.com\/#website\",\"url\":\"https:\/\/www.castedodourovilla.com\/\",\"name\":\"Casa de F\\u00e9rias\",\"description\":\"\",\"potentialAction\":[{\"@type\":\"SearchAction\",\"target\":\"https:\/\/www.castedodourovilla.com\/?s={search_term_string}\",\"query-input\":\"required name=search_term_string\"}],\"inLanguage\":\"fr-FR\"},{\"@type\":\"ImageObject\",\"@id\":\"https:\/\/www.castedodourovilla.com\/fr\/avis\/#primaryimage\",\"inLanguage\":\"fr-FR\",\"url\":\"https:\/\/static.tacdn.com\/img2\/x.gif\"},{\"@type\":\"WebPage\",\"@id\":\"https:\/\/www.castedodourovilla.com\/fr\/avis\/#webpage\",\"url\":\"https:\/\/www.castedodourovilla.com\/fr\/avis\/\",\"name\":\"Avis | Une magnifique et authentique maison rustique situ\\u00e9e dans un Vall\\u00e9e du Douro\",\"isPartOf\":{\"@id\":\"https:\/\/www.castedodourovilla.com\/#website\"},\"primaryImageOfPage\":{\"@id\":\"https:\/\/www.castedodourovilla.com\/fr\/avis\/#primaryimage\"},\"datePublished\":\"2017-04-29T08:27:09+00:00\",\"dateModified\":\"2018-11-18T20:06:31+00:00\",\"description\":\"Avis en une magnifique et authentique maison rustique, situ\\u00e9e dans un village typique de la Vall\\u00e9e du Douro, \\u00e0 80 minutes de Porto.\",\"breadcrumb\":{\"@id\":\"https:\/\/www.castedodourovilla.com\/fr\/avis\/#breadcrumb\"},\"inLanguage\":\"fr-FR\",\"potentialAction\":[{\"@type\":\"ReadAction\",\"target\":[\"https:\/\/www.castedodourovilla.com\/fr\/avis\/\"]}]},{\"@type\":\"BreadcrumbList\",\"@id\":\"https:\/\/www.castedodourovilla.com\/fr\/avis\/#breadcrumb\",\"itemListElement\":[{\"@type\":\"ListItem\",\"position\":1,\"item\":{\"@type\":\"WebPage\",\"@id\":\"\",\"url\":\"\",\"name\":\"In\\u00edcio\"}},{\"@type\":\"ListItem\",\"position\":2,\"item\":{\"@type\":\"WebPage\",\"@id\":\"https:\/\/www.castedodourovilla.com\/fr\/avis\/\",\"url\":\"https:\/\/www.castedodourovilla.com\/fr\/avis\/\",\"name\":\"Avis\"}}]}]}<\/script>\n<!-- \/ Yoast SEO plugin. -->","_links":{"self":[{"href":"https:\/\/www.castedodourovilla.com\/fr\/wp-json\/wp\/v2\/pages\/1356"}],"collection":[{"href":"https:\/\/www.castedodourovilla.com\/fr\/wp-json\/wp\/v2\/pages"}],"about":[{"href":"https:\/\/www.castedodourovilla.com\/fr\/wp-json\/wp\/v2\/types\/page"}],"author":[{"embeddable":true,"href":"https:\/\/www.castedodourovilla.com\/fr\/wp-json\/wp\/v2\/users\/1"}],"replies":[{"embeddable":true,"href":"https:\/\/www.castedodourovilla.com\/fr\/wp-json\/wp\/v2\/comments?post=1356"}],"version-history":[{"count":15,"href":"https:\/\/www.castedodourovilla.com\/fr\/wp-json\/wp\/v2\/pages\/1356\/revisions"}],"predecessor-version":[{"id":1966,"href":"https:\/\/www.castedodourovilla.com\/fr\/wp-json\/wp\/v2\/pages\/1356\/revisions\/1966"}],"wp:attachment":[{"href":"https:\/\/www.castedodourovilla.com\/fr\/wp-json\/wp\/v2\/media?parent=1356"}],"curies":[{"name":"wp","href":"https:\/\/api.w.org\/{rel}","templated":true}]}}