{"id":1357,"date":"2017-04-29T08:27:52","date_gmt":"2017-04-29T08:27:52","guid":{"rendered":"http:\/\/www.castedodourovilla.com\/fr\/?page_id=1357"},"modified":"2019-11-08T23:58:24","modified_gmt":"2019-11-08T23:58:24","slug":"campagnes-promotions","status":"publish","type":"page","link":"https:\/\/www.castedodourovilla.com\/fr\/campagnes-promotions\/","title":{"rendered":"Campagnes"},"content":{"rendered":"<p>[vc_row css=&#8221;.vc_custom_1489495498910{margin-top: 20px !important;margin-bottom: 10px !important;}&#8221;][vc_column][vc_custom_heading source=&#8221;post_title&#8221; font_container=&#8221;tag:h1|font_size:40|text_align:center|color:%23000000&#8243; use_theme_fonts=&#8221;yes&#8221;][\/vc_column][\/vc_row][vc_row container=&#8221;1&#8243; css=&#8221;.vc_custom_1488988454519{margin-top: 50px !important;margin-bottom: 50px !important;}&#8221;][vc_column][vc_column_text]- Sp\u00e9cial <strong>&#8220;Nouvelle Ann\u00e9e 2020&#8221;<\/strong><\/p>\n<p>S\u00e9jour minimum de 3 nuits + <strong>Offre de nuit de Fin D&#8217;Ann\u00e9e<\/strong><\/p>\n<p>Offre valable pour un minimum de 8 personnes payantes,\u00a0check-in 28\/12\/2019 \/ late check-out 1\/01\/2020 ; Consultez &#8220;Prix &amp; R\u00e9servations&#8221;.<\/p>\n<ul>\n<li><\/li>\n<li><strong>\u00a0&#8211; Campagne &#8220;Saison Sp\u00e9ciale Haute 2018&#8221;<\/strong><\/li>\n<\/ul>\n<p>Du 27\/04\/2018 au 14\/10\/2018, sauf en Ao\u00fbt, pour un s\u00e9jour de 5 nuits, Casa Castedo do Douro vous offre la sixi\u00e8me nuit de s\u00e9jour (campagne valable pour les r\u00e9servations directes, via le site web Casa Castedo do Douro, et \u00e0 partir de 6 invit\u00e9s payants)<strong>.\u00a0\u00a0<\/strong><\/p>\n<ul>\n<li><strong><b>&#8211; Promotion &#8220;Ao\u00fbt\u00a02017&#8221;<\/b><br \/>\n<\/strong><\/li>\n<\/ul>\n<p>Au cours de Ao\u00fbt, il y a un s\u00e9jour minimum de cinque (5) jours.\u00a0Nous offrons la sixi\u00e8me nuit.<\/p>\n<p style=\"text-align: justify;\"><strong><b>&#8211; Campagne &#8220;Sp\u00e9cial \u00a0Liberty Insurance &#8211; Portugal&#8221;<\/b><br \/>\n<\/strong>20% de reduction pour les reservations effectu\u00e9es jusqu&#8217;\u00e0 2017.12.31, directement \u00e0 :\u00a0<a href=\"mailto:casa.castedo.douro@gmail.com\" target=\"_blank\" rel=\"noopener noreferrer\">casa.castedo.douro@gmail.com<\/a>. (pour les employ\u00e9s de Liberty Insurance Portugal)<\/p>\n<p style=\"text-align: justify;\"><b>&#8211; Campagne &#8221; Sp\u00e9cial Vall\u00e9e do Douro\u00a0Vendange 2017&#8243;\u00a0<\/b><\/p>\n<div>\n<div id=\"gmail-m_-1344668072989112542divtagdefaultwrapper\">\n<div id=\"gmail-m_-1344668072989112542divtagdefaultwrapper\">\n<div id=\"gmail-m_-1344668072989112542divtagdefaultwrapper\">\n<div id=\"gmail-m_-1344668072989112542divtagdefaultwrapper\">\n<div id=\"gmail-m_-1344668072989112542divtagdefaultwrapper\">\n<div>\n<p>Lors de la prochaine saison de vendange (20017\/09\/11 au 2017\/10\/08), Casa Castedo do Douro offre \u00e0 ses h\u00f4tes\u00a0une visite guid\u00e9e d\u2019une traditionelle ferme productrice de vin, avec d\u00e9gustation de trois vins s\u00e9lectionn\u00e9s.<\/p>\n<div style=\"display: none;\"\n    class=\"kk-star-ratings   \"\n    data-id=\"1357\"\n    data-slug=\"\">\n    <div class=\"kksr-stars\">\n    <div class=\"kksr-stars-inactive\">\n            <div class=\"kksr-star\" data-star=\"1\">\n            <div class=\"kksr-icon\" style=\"width: px; height: px;\"><\/div>\n        <\/div>\n            <div class=\"kksr-star\" data-star=\"2\">\n            <div class=\"kksr-icon\" style=\"width: px; height: px;\"><\/div>\n        <\/div>\n            <div class=\"kksr-star\" data-star=\"3\">\n            <div class=\"kksr-icon\" style=\"width: px; height: px;\"><\/div>\n        <\/div>\n            <div class=\"kksr-star\" data-star=\"4\">\n            <div class=\"kksr-icon\" style=\"width: px; height: px;\"><\/div>\n        <\/div>\n            <div class=\"kksr-star\" data-star=\"5\">\n            <div class=\"kksr-icon\" style=\"width: px; height: px;\"><\/div>\n        <\/div>\n    <\/div>\n    <div class=\"kksr-stars-active\" style=\"width: 0px;\">\n            <div class=\"kksr-star\">\n            <div class=\"kksr-icon\" style=\"width: px; height: px;\"><\/div>\n        <\/div>\n            <div class=\"kksr-star\">\n            <div class=\"kksr-icon\" style=\"width: px; height: px;\"><\/div>\n        <\/div>\n            <div class=\"kksr-star\">\n            <div class=\"kksr-icon\" style=\"width: px; height: px;\"><\/div>\n        <\/div>\n            <div class=\"kksr-star\">\n            <div class=\"kksr-icon\" style=\"width: px; height: px;\"><\/div>\n        <\/div>\n            <div class=\"kksr-star\">\n            <div class=\"kksr-icon\" style=\"width: px; height: px;\"><\/div>\n        <\/div>\n    <\/div>\n<\/div>\n    <div class=\"kksr-legend\">\n            <strong class=\"kksr-score\">5<\/strong>\n        <span class=\"kksr-muted\">\/<\/span>\n        <strong>5<\/strong>\n        <span class=\"kksr-muted\">(<\/span>\n        <strong class=\"kksr-count\">3<\/strong>\n        <span class=\"kksr-muted\">\n            votes        <\/span>\n        <span class=\"kksr-muted\">)<\/span>\n    <\/div>\n<\/div>\n\n<\/div>\n<\/div>\n<\/div>\n<\/div>\n<\/div>\n<\/div>\n<\/div>\n<p>[\/vc_column_text][\/vc_column][\/vc_row]<\/p>\n","protected":false},"excerpt":{"rendered":"<p>[vc_row css=&#8221;.vc_custom_1489495498910{margin-top: 20px !important;margin-bottom: 10px !important;}&#8221;][vc_column][vc_custom_heading source=&#8221;post_title&#8221; font_container=&#8221;tag:h1|font_size:40|text_align:center|color:%23000000&#8243; use_theme_fonts=&#8221;yes&#8221;][\/vc_column][\/vc_row][vc_row container=&#8221;1&#8243; css=&#8221;.vc_custom_1488988454519{margin-top: 50px !important;margin-bottom: 50px !important;}&#8221;][vc_column][vc_column_text]- Sp\u00e9cial &#8220;Nouvelle Ann\u00e9e 2020&#8221; S\u00e9jour minimum de 3 nuits + Offre de nuit de Fin D&#8217;Ann\u00e9e Offre valable pour un minimum de 8 personnes payantes,\u00a0check-in 28\/12\/2019 \/ late check-out 1\/01\/2020 ; Consultez &#8220;Prix &amp; R\u00e9servations&#8221;. \u00a0&#8211; Campagne &#8220;Saison Sp\u00e9ciale Haute<\/p>\n","protected":false},"author":1,"featured_media":0,"parent":0,"menu_order":0,"comment_status":"open","ping_status":"closed","template":"tpl-visual_composer.php","meta":[],"yoast_head":"<!-- This site is optimized with the Yoast SEO plugin v15.9.1 - https:\/\/yoast.com\/wordpress\/plugins\/seo\/ -->\n<title>Campagnes | Une magnifique et authentique maison rustique situ\u00e9e dans un Vall\u00e9e du Douro<\/title>\n<meta name=\"description\" content=\"Campagnes en une magnifique et authentique maison rustique, situ\u00e9e dans un village typique de la Vall\u00e9e du Douro, \u00e0 80 minutes de Porto.\" \/>\n<meta name=\"robots\" content=\"index, follow, max-snippet:-1, max-image-preview:large, max-video-preview:-1\" \/>\n<link rel=\"canonical\" href=\"https:\/\/www.castedodourovilla.com\/fr\/campagnes-promotions\/\" \/>\n<meta property=\"og:locale\" content=\"fr_FR\" \/>\n<meta property=\"og:type\" content=\"article\" \/>\n<meta property=\"og:title\" content=\"Campagnes | Une magnifique et authentique maison rustique situ\u00e9e dans un Vall\u00e9e du Douro\" \/>\n<meta property=\"og:description\" content=\"Campagnes en une magnifique et authentique maison rustique, situ\u00e9e dans un village typique de la Vall\u00e9e du Douro, \u00e0 80 minutes de Porto.\" \/>\n<meta property=\"og:url\" content=\"https:\/\/www.castedodourovilla.com\/fr\/campagnes-promotions\/\" \/>\n<meta property=\"og:site_name\" content=\"Casa de F\u00e9rias\" \/>\n<meta property=\"article:publisher\" content=\"https:\/\/www.facebook.com\/casacastedododouro\/\" \/>\n<meta property=\"article:modified_time\" content=\"2019-11-08T23:58:24+00:00\" \/>\n<meta name=\"twitter:card\" content=\"summary\" \/>\n<meta name=\"twitter:label1\" content=\"Est. reading time\">\n\t<meta name=\"twitter:data1\" content=\"1 minute\">\n<script type=\"application\/ld+json\" class=\"yoast-schema-graph\">{\"@context\":\"https:\/\/schema.org\",\"@graph\":[{\"@type\":\"WebSite\",\"@id\":\"https:\/\/www.castedodourovilla.com\/#website\",\"url\":\"https:\/\/www.castedodourovilla.com\/\",\"name\":\"Casa de F\\u00e9rias\",\"description\":\"\",\"potentialAction\":[{\"@type\":\"SearchAction\",\"target\":\"https:\/\/www.castedodourovilla.com\/?s={search_term_string}\",\"query-input\":\"required name=search_term_string\"}],\"inLanguage\":\"fr-FR\"},{\"@type\":\"WebPage\",\"@id\":\"https:\/\/www.castedodourovilla.com\/fr\/campagnes-promotions\/#webpage\",\"url\":\"https:\/\/www.castedodourovilla.com\/fr\/campagnes-promotions\/\",\"name\":\"Campagnes | Une magnifique et authentique maison rustique situ\\u00e9e dans un Vall\\u00e9e du Douro\",\"isPartOf\":{\"@id\":\"https:\/\/www.castedodourovilla.com\/#website\"},\"datePublished\":\"2017-04-29T08:27:52+00:00\",\"dateModified\":\"2019-11-08T23:58:24+00:00\",\"description\":\"Campagnes en une magnifique et authentique maison rustique, situ\\u00e9e dans un village typique de la Vall\\u00e9e du Douro, \\u00e0 80 minutes de Porto.\",\"breadcrumb\":{\"@id\":\"https:\/\/www.castedodourovilla.com\/fr\/campagnes-promotions\/#breadcrumb\"},\"inLanguage\":\"fr-FR\",\"potentialAction\":[{\"@type\":\"ReadAction\",\"target\":[\"https:\/\/www.castedodourovilla.com\/fr\/campagnes-promotions\/\"]}]},{\"@type\":\"BreadcrumbList\",\"@id\":\"https:\/\/www.castedodourovilla.com\/fr\/campagnes-promotions\/#breadcrumb\",\"itemListElement\":[{\"@type\":\"ListItem\",\"position\":1,\"item\":{\"@type\":\"WebPage\",\"@id\":\"\",\"url\":\"\",\"name\":\"In\\u00edcio\"}},{\"@type\":\"ListItem\",\"position\":2,\"item\":{\"@type\":\"WebPage\",\"@id\":\"https:\/\/www.castedodourovilla.com\/fr\/campagnes-promotions\/\",\"url\":\"https:\/\/www.castedodourovilla.com\/fr\/campagnes-promotions\/\",\"name\":\"Campagnes\"}}]}]}<\/script>\n<!-- \/ Yoast SEO plugin. -->","_links":{"self":[{"href":"https:\/\/www.castedodourovilla.com\/fr\/wp-json\/wp\/v2\/pages\/1357"}],"collection":[{"href":"https:\/\/www.castedodourovilla.com\/fr\/wp-json\/wp\/v2\/pages"}],"about":[{"href":"https:\/\/www.castedodourovilla.com\/fr\/wp-json\/wp\/v2\/types\/page"}],"author":[{"embeddable":true,"href":"https:\/\/www.castedodourovilla.com\/fr\/wp-json\/wp\/v2\/users\/1"}],"replies":[{"embeddable":true,"href":"https:\/\/www.castedodourovilla.com\/fr\/wp-json\/wp\/v2\/comments?post=1357"}],"version-history":[{"count":17,"href":"https:\/\/www.castedodourovilla.com\/fr\/wp-json\/wp\/v2\/pages\/1357\/revisions"}],"predecessor-version":[{"id":2016,"href":"https:\/\/www.castedodourovilla.com\/fr\/wp-json\/wp\/v2\/pages\/1357\/revisions\/2016"}],"wp:attachment":[{"href":"https:\/\/www.castedodourovilla.com\/fr\/wp-json\/wp\/v2\/media?parent=1357"}],"curies":[{"name":"wp","href":"https:\/\/api.w.org\/{rel}","templated":true}]}}