{"id":1358,"date":"2017-04-29T08:29:16","date_gmt":"2017-04-29T08:29:16","guid":{"rendered":"http:\/\/www.castedodourovilla.com\/fr\/?page_id=1358"},"modified":"2018-01-19T16:12:02","modified_gmt":"2018-01-19T16:12:02","slug":"introduction-vallee-du-douro","status":"publish","type":"page","link":"https:\/\/www.castedodourovilla.com\/fr\/introduction-vallee-du-douro\/","title":{"rendered":"Introduction Vall\u00e9e du Douro"},"content":{"rendered":"<p>[vc_row css=&#8221;.vc_custom_1489495498910{margin-top: 20px !important;margin-bottom: 10px !important;}&#8221;][vc_column][vc_custom_heading source=&#8221;post_title&#8221; font_container=&#8221;tag:h1|font_size:40|text_align:center|color:%23000000&#8243; use_theme_fonts=&#8221;yes&#8221;][\/vc_column][\/vc_row][vc_row container=&#8221;1&#8243; css=&#8221;.vc_custom_1488988454519{margin-top: 50px !important;margin-bottom: 50px !important;}&#8221;][vc_column][vc_column_text]La r\u00e9gion viticole du <strong>Vall\u00e9e du Douro<\/strong> est la premi\u00e8re r\u00e9gion d\u00e9limit\u00e9e et r\u00e9glement\u00e9e dans le monde, cr\u00e9e en 1756.<\/p>\n<p>Les eaux calmes du fleuve Douro r\u00e8fletent les paysages environnants, construitesconjointement par l&#8217;homme et la nature, marqu\u00e9e par des terrasses qui fa\u00e7onnent les collines, vignes changement coleur\u00a0\u00e0 chaque saison et les feuilles qui cachent des grappes de raisin avec la saveur et remplis tradition.<\/p>\n<p>La <em>Vall\u00e9e du Douro<\/em> offre \u00e0 ses visiteurs un patrimoine riche et unique domaine, historique, architectural et paysager, form\u00e9 par leurs fermes\u00a0et caves viticoles, ch\u00e2teaux, palais, manoirs, \u00e9glises, belv\u00e9d\u00e8res, mus\u00e9es, tr\u00e9sors et vestiges arch\u00e9ologiques, mais aussi des d\u00e9lices gastronomiques uniques \u00e0 base de produits de leurs terres et vivant avec son peuple hospitalier et curieux traditions locales.<\/p>\n<p>Rencontre la r\u00e9gion de&#8217;Alto Douro Vignoble, comme Patrimoine Mondial de l&#8217;UNESCO et doit avoir une exp\u00e9rience pleine d&#8217;authenticit\u00e9.<\/p>\n<p>&nbsp;<\/p>\n<div style=\"display: none;\"\n    class=\"kk-star-ratings   \"\n    data-id=\"1358\"\n    data-slug=\"\">\n    <div class=\"kksr-stars\">\n    <div class=\"kksr-stars-inactive\">\n            <div class=\"kksr-star\" data-star=\"1\">\n            <div class=\"kksr-icon\" style=\"width: px; height: px;\"><\/div>\n        <\/div>\n            <div class=\"kksr-star\" data-star=\"2\">\n            <div class=\"kksr-icon\" style=\"width: px; height: px;\"><\/div>\n        <\/div>\n            <div class=\"kksr-star\" data-star=\"3\">\n            <div class=\"kksr-icon\" style=\"width: px; height: px;\"><\/div>\n        <\/div>\n            <div class=\"kksr-star\" data-star=\"4\">\n            <div class=\"kksr-icon\" style=\"width: px; height: px;\"><\/div>\n        <\/div>\n            <div class=\"kksr-star\" data-star=\"5\">\n            <div class=\"kksr-icon\" style=\"width: px; height: px;\"><\/div>\n        <\/div>\n    <\/div>\n    <div class=\"kksr-stars-active\" style=\"width: 0px;\">\n            <div class=\"kksr-star\">\n            <div class=\"kksr-icon\" style=\"width: px; height: px;\"><\/div>\n        <\/div>\n            <div class=\"kksr-star\">\n            <div class=\"kksr-icon\" style=\"width: px; height: px;\"><\/div>\n        <\/div>\n            <div class=\"kksr-star\">\n            <div class=\"kksr-icon\" style=\"width: px; height: px;\"><\/div>\n        <\/div>\n            <div class=\"kksr-star\">\n            <div class=\"kksr-icon\" style=\"width: px; height: px;\"><\/div>\n        <\/div>\n            <div class=\"kksr-star\">\n            <div class=\"kksr-icon\" style=\"width: px; height: px;\"><\/div>\n        <\/div>\n    <\/div>\n<\/div>\n    <div class=\"kksr-legend\">\n            <strong class=\"kksr-score\">4.7<\/strong>\n        <span class=\"kksr-muted\">\/<\/span>\n        <strong>5<\/strong>\n        <span class=\"kksr-muted\">(<\/span>\n        <strong class=\"kksr-count\">6<\/strong>\n        <span class=\"kksr-muted\">\n            votes        <\/span>\n        <span class=\"kksr-muted\">)<\/span>\n    <\/div>\n<\/div>\n\n<p>[\/vc_column_text][\/vc_column][\/vc_row]<\/p>\n","protected":false},"excerpt":{"rendered":"<p>[vc_row css=&#8221;.vc_custom_1489495498910{margin-top: 20px !important;margin-bottom: 10px !important;}&#8221;][vc_column][vc_custom_heading source=&#8221;post_title&#8221; font_container=&#8221;tag:h1|font_size:40|text_align:center|color:%23000000&#8243; use_theme_fonts=&#8221;yes&#8221;][\/vc_column][\/vc_row][vc_row container=&#8221;1&#8243; css=&#8221;.vc_custom_1488988454519{margin-top: 50px !important;margin-bottom: 50px !important;}&#8221;][vc_column][vc_column_text]La r\u00e9gion viticole du Vall\u00e9e du Douro est la premi\u00e8re r\u00e9gion d\u00e9limit\u00e9e et r\u00e9glement\u00e9e dans le monde, cr\u00e9e en 1756. Les eaux calmes du fleuve Douro r\u00e8fletent les paysages environnants, construitesconjointement par l&#8217;homme et la nature, marqu\u00e9e par des terrasses qui<\/p>\n","protected":false},"author":1,"featured_media":0,"parent":0,"menu_order":0,"comment_status":"open","ping_status":"closed","template":"tpl-visual_composer.php","meta":[],"yoast_head":"<!-- This site is optimized with the Yoast SEO plugin v15.9.1 - https:\/\/yoast.com\/wordpress\/plugins\/seo\/ -->\n<title>Introduction Vall\u00e9e du Douro | La r\u00e9gion viticole du Vall\u00e9e du Douro est la premi\u00e8re r\u00e9gion d\u00e9limit\u00e9e<\/title>\n<meta name=\"description\" content=\"La r\u00e9gion viticole du Vall\u00e9e du Douro est la premi\u00e8re r\u00e9gion d\u00e9limit\u00e9e et r\u00e9glement\u00e9e dans le monde, cr\u00e9e en 1756.\" \/>\n<meta name=\"robots\" content=\"index, follow, max-snippet:-1, max-image-preview:large, max-video-preview:-1\" \/>\n<link rel=\"canonical\" href=\"https:\/\/www.castedodourovilla.com\/fr\/introduction-vallee-du-douro\/\" \/>\n<meta property=\"og:locale\" content=\"fr_FR\" \/>\n<meta property=\"og:type\" content=\"article\" \/>\n<meta property=\"og:title\" content=\"Introduction Vall\u00e9e du Douro | La r\u00e9gion viticole du Vall\u00e9e du Douro est la premi\u00e8re r\u00e9gion d\u00e9limit\u00e9e\" \/>\n<meta property=\"og:description\" content=\"La r\u00e9gion viticole du Vall\u00e9e du Douro est la premi\u00e8re r\u00e9gion d\u00e9limit\u00e9e et r\u00e9glement\u00e9e dans le monde, cr\u00e9e en 1756.\" \/>\n<meta property=\"og:url\" content=\"https:\/\/www.castedodourovilla.com\/fr\/introduction-vallee-du-douro\/\" \/>\n<meta property=\"og:site_name\" content=\"Casa de F\u00e9rias\" \/>\n<meta property=\"article:publisher\" content=\"https:\/\/www.facebook.com\/casacastedododouro\/\" \/>\n<meta property=\"article:modified_time\" content=\"2018-01-19T16:12:02+00:00\" \/>\n<meta name=\"twitter:card\" content=\"summary\" \/>\n<meta name=\"twitter:label1\" content=\"Est. reading time\">\n\t<meta name=\"twitter:data1\" content=\"1 minute\">\n<script type=\"application\/ld+json\" class=\"yoast-schema-graph\">{\"@context\":\"https:\/\/schema.org\",\"@graph\":[{\"@type\":\"WebSite\",\"@id\":\"https:\/\/www.castedodourovilla.com\/#website\",\"url\":\"https:\/\/www.castedodourovilla.com\/\",\"name\":\"Casa de F\\u00e9rias\",\"description\":\"\",\"potentialAction\":[{\"@type\":\"SearchAction\",\"target\":\"https:\/\/www.castedodourovilla.com\/?s={search_term_string}\",\"query-input\":\"required name=search_term_string\"}],\"inLanguage\":\"fr-FR\"},{\"@type\":\"WebPage\",\"@id\":\"https:\/\/www.castedodourovilla.com\/fr\/introduction-vallee-du-douro\/#webpage\",\"url\":\"https:\/\/www.castedodourovilla.com\/fr\/introduction-vallee-du-douro\/\",\"name\":\"Introduction Vall\\u00e9e du Douro | La r\\u00e9gion viticole du Vall\\u00e9e du Douro est la premi\\u00e8re r\\u00e9gion d\\u00e9limit\\u00e9e\",\"isPartOf\":{\"@id\":\"https:\/\/www.castedodourovilla.com\/#website\"},\"datePublished\":\"2017-04-29T08:29:16+00:00\",\"dateModified\":\"2018-01-19T16:12:02+00:00\",\"description\":\"La r\\u00e9gion viticole du Vall\\u00e9e du Douro est la premi\\u00e8re r\\u00e9gion d\\u00e9limit\\u00e9e et r\\u00e9glement\\u00e9e dans le monde, cr\\u00e9e en 1756.\",\"breadcrumb\":{\"@id\":\"https:\/\/www.castedodourovilla.com\/fr\/introduction-vallee-du-douro\/#breadcrumb\"},\"inLanguage\":\"fr-FR\",\"potentialAction\":[{\"@type\":\"ReadAction\",\"target\":[\"https:\/\/www.castedodourovilla.com\/fr\/introduction-vallee-du-douro\/\"]}]},{\"@type\":\"BreadcrumbList\",\"@id\":\"https:\/\/www.castedodourovilla.com\/fr\/introduction-vallee-du-douro\/#breadcrumb\",\"itemListElement\":[{\"@type\":\"ListItem\",\"position\":1,\"item\":{\"@type\":\"WebPage\",\"@id\":\"\",\"url\":\"\",\"name\":\"In\\u00edcio\"}},{\"@type\":\"ListItem\",\"position\":2,\"item\":{\"@type\":\"WebPage\",\"@id\":\"https:\/\/www.castedodourovilla.com\/fr\/introduction-vallee-du-douro\/\",\"url\":\"https:\/\/www.castedodourovilla.com\/fr\/introduction-vallee-du-douro\/\",\"name\":\"Introduction Vall\\u00e9e du Douro\"}}]}]}<\/script>\n<!-- \/ Yoast SEO plugin. -->","_links":{"self":[{"href":"https:\/\/www.castedodourovilla.com\/fr\/wp-json\/wp\/v2\/pages\/1358"}],"collection":[{"href":"https:\/\/www.castedodourovilla.com\/fr\/wp-json\/wp\/v2\/pages"}],"about":[{"href":"https:\/\/www.castedodourovilla.com\/fr\/wp-json\/wp\/v2\/types\/page"}],"author":[{"embeddable":true,"href":"https:\/\/www.castedodourovilla.com\/fr\/wp-json\/wp\/v2\/users\/1"}],"replies":[{"embeddable":true,"href":"https:\/\/www.castedodourovilla.com\/fr\/wp-json\/wp\/v2\/comments?post=1358"}],"version-history":[{"count":6,"href":"https:\/\/www.castedodourovilla.com\/fr\/wp-json\/wp\/v2\/pages\/1358\/revisions"}],"predecessor-version":[{"id":1840,"href":"https:\/\/www.castedodourovilla.com\/fr\/wp-json\/wp\/v2\/pages\/1358\/revisions\/1840"}],"wp:attachment":[{"href":"https:\/\/www.castedodourovilla.com\/fr\/wp-json\/wp\/v2\/media?parent=1358"}],"curies":[{"name":"wp","href":"https:\/\/api.w.org\/{rel}","templated":true}]}}