{"id":1669,"date":"2017-05-29T18:03:25","date_gmt":"2017-05-29T18:03:25","guid":{"rendered":"http:\/\/www.castedodourovilla.com\/fr\/?page_id=1669"},"modified":"2018-01-17T14:42:03","modified_gmt":"2018-01-17T14:42:03","slug":"piscine","status":"publish","type":"page","link":"https:\/\/www.castedodourovilla.com\/fr\/piscine\/","title":{"rendered":"Piscine"},"content":{"rendered":"<p>[vc_row css=&#8221;.vc_custom_1496064332666{padding-top: 50px !important;}&#8221;][vc_column][vc_column_text]<\/p>\n\n\t\t\t\t\t\n\n\t\t\t\t\t<!-- START UNITE GALLERY 1.3.6 -->\n\t\t\t\t\t\n\t\t\t\t\n\t\t\t<div id='ugdefault_8_1' style='margin:0px auto;'>\n\t\t\t\t\n\n\t\t\t\t\t\t<img alt=\"IMG-20160912-WA0003-1\"\n\t\t\t\t\t\t     src=\"https:\/\/www.castedodourovilla.com\/wp-content\/uploads\/2017\/04\/IMG-20160912-WA0003-1-300x148.jpg\"\n\t\t\t\t\t\t     data-image=\"https:\/\/www.castedodourovilla.com\/wp-content\/uploads\/2017\/04\/IMG-20160912-WA0003-1.jpg\"\n\t\t\t\t\t\t     data-description=\"\"\n\t\t\t\t\t\t     style=\"display:none\">\n\n\t\t\t\t\t\t<img alt=\"20160907_173444-1\"\n\t\t\t\t\t\t     src=\"https:\/\/www.castedodourovilla.com\/wp-content\/uploads\/2017\/04\/20160907_173444-1-300x203.jpg\"\n\t\t\t\t\t\t     data-image=\"https:\/\/www.castedodourovilla.com\/wp-content\/uploads\/2017\/04\/20160907_173444-1.jpg\"\n\t\t\t\t\t\t     data-description=\"\"\n\t\t\t\t\t\t     style=\"display:none\">\n\n\t\t\t\t\t\t<img alt=\"20160907_173604-1\"\n\t\t\t\t\t\t     src=\"https:\/\/www.castedodourovilla.com\/wp-content\/uploads\/2017\/04\/20160907_173604-1-246x300.jpg\"\n\t\t\t\t\t\t     data-image=\"https:\/\/www.castedodourovilla.com\/wp-content\/uploads\/2017\/04\/20160907_173604-1.jpg\"\n\t\t\t\t\t\t     data-description=\"\"\n\t\t\t\t\t\t     style=\"display:none\">\n\n\t\t\t\t\t\t<img alt=\"Foto-principal\"\n\t\t\t\t\t\t     src=\"https:\/\/www.castedodourovilla.com\/wp-content\/uploads\/2017\/02\/Foto-principal-300x189.jpg\"\n\t\t\t\t\t\t     data-image=\"https:\/\/www.castedodourovilla.com\/wp-content\/uploads\/2017\/02\/Foto-principal.jpg\"\n\t\t\t\t\t\t     data-description=\"\"\n\t\t\t\t\t\t     style=\"display:none\">\n\n\t\t\t\t\t\t<img alt=\"image-37\"\n\t\t\t\t\t\t     src=\"https:\/\/www.castedodourovilla.com\/wp-content\/uploads\/2017\/02\/image-37-300x224.jpg\"\n\t\t\t\t\t\t     data-image=\"https:\/\/www.castedodourovilla.com\/wp-content\/uploads\/2017\/02\/image-37.jpg\"\n\t\t\t\t\t\t     data-description=\"\"\n\t\t\t\t\t\t     style=\"display:none\">\n\n\t\t\t\t\t\t<img alt=\"IMG_0956-1\"\n\t\t\t\t\t\t     src=\"https:\/\/www.castedodourovilla.com\/wp-content\/uploads\/2017\/02\/IMG_0956-1-300x149.jpg\"\n\t\t\t\t\t\t     data-image=\"https:\/\/www.castedodourovilla.com\/wp-content\/uploads\/2017\/02\/IMG_0956-1.jpg\"\n\t\t\t\t\t\t     data-description=\"\"\n\t\t\t\t\t\t     style=\"display:none\">\n\n\t\t\t\t\t\t<img alt=\"pisc-1\"\n\t\t\t\t\t\t     src=\"https:\/\/www.castedodourovilla.com\/wp-content\/uploads\/2017\/02\/pisc-1-300x130.jpg\"\n\t\t\t\t\t\t     data-image=\"https:\/\/www.castedodourovilla.com\/wp-content\/uploads\/2017\/02\/pisc-1.jpg\"\n\t\t\t\t\t\t     data-description=\"\"\n\t\t\t\t\t\t     style=\"display:none\">\n\n\t\t\t\t\t\t<img alt=\"pisc-8-2-2\"\n\t\t\t\t\t\t     src=\"https:\/\/www.castedodourovilla.com\/wp-content\/uploads\/2017\/02\/pisc-8-2-2-300x132.jpeg\"\n\t\t\t\t\t\t     data-image=\"https:\/\/www.castedodourovilla.com\/wp-content\/uploads\/2017\/02\/pisc-8-2-2.jpeg\"\n\t\t\t\t\t\t     data-description=\"\"\n\t\t\t\t\t\t     style=\"display:none\">\n\n\t\t\t\t\t\t<img alt=\"pisc-7-2-1\"\n\t\t\t\t\t\t     src=\"https:\/\/www.castedodourovilla.com\/wp-content\/uploads\/2017\/02\/pisc-7-2-1-300x169.jpg\"\n\t\t\t\t\t\t     data-image=\"https:\/\/www.castedodourovilla.com\/wp-content\/uploads\/2017\/02\/pisc-7-2-1.jpg\"\n\t\t\t\t\t\t     data-description=\"\"\n\t\t\t\t\t\t     style=\"display:none\">\n\n\t\t\t\t\t\t<img alt=\"pisc-9-2\"\n\t\t\t\t\t\t     src=\"https:\/\/www.castedodourovilla.com\/wp-content\/uploads\/2017\/02\/pisc-9-2-300x169.jpg\"\n\t\t\t\t\t\t     data-image=\"https:\/\/www.castedodourovilla.com\/wp-content\/uploads\/2017\/02\/pisc-9-2.jpg\"\n\t\t\t\t\t\t     data-description=\"\"\n\t\t\t\t\t\t     style=\"display:none\">\n\t\t\t<\/div>\n\n\t\t\t<script type='text\/javascript'>\n\t\t\t\tvar ugapi1;\n\t\t\t\tjQuery(document).ready(function(){\n\t\t\t\t\tvar objUGParams = {\n\t\t\t\t\t\tgallery_theme:\"tilesgrid\",\n\t\t\t\t\t\t\t\tgallery_width:\"100%\",\n\t\t\t\t\t\t\t\tgrid_space_between_cols:10,\n\t\t\t\t\t\t\t\tgrid_space_between_rows:10,\n\t\t\t\t\t\t\t\ttile_width:274,\n\t\t\t\t\t\t\t\ttile_height:219,\n\t\t\t\t\t\t\t\ttile_enable_border:false,\n\t\t\t\t\t\t\t\ttile_enable_shadow:false,\n\t\t\t\t\t\t\t\tgrid_padding:5\n\n\t\t\t\t\t};\n\t\t\t\t\tif(ugCheckForErrors('#ugdefault_8_1', 'cms'))\n\t\t\t\t\t\tugapi1 = jQuery('#ugdefault_8_1').unitegallery(objUGParams);\n\t\t\t\t});\n\t\t\t<\/script>\n\n\t\t\t<!-- END UNITEGALLERY -->\n<p>[\/vc_column_text][\/vc_column][\/vc_row]<\/p>\n<div style=\"display: none;\"\n    class=\"kk-star-ratings kksr-valign-bottom kksr-align-right \"\n    data-id=\"1669\"\n    data-slug=\"\">\n    <div class=\"kksr-stars\">\n    <div class=\"kksr-stars-inactive\">\n            <div class=\"kksr-star\" data-star=\"1\">\n            <div class=\"kksr-icon\" style=\"width: px; height: px;\"><\/div>\n        <\/div>\n            <div class=\"kksr-star\" data-star=\"2\">\n            <div class=\"kksr-icon\" style=\"width: px; height: px;\"><\/div>\n        <\/div>\n            <div class=\"kksr-star\" data-star=\"3\">\n            <div class=\"kksr-icon\" style=\"width: px; height: px;\"><\/div>\n        <\/div>\n            <div class=\"kksr-star\" data-star=\"4\">\n            <div class=\"kksr-icon\" style=\"width: px; height: px;\"><\/div>\n        <\/div>\n            <div class=\"kksr-star\" data-star=\"5\">\n            <div class=\"kksr-icon\" style=\"width: px; height: px;\"><\/div>\n        <\/div>\n    <\/div>\n    <div class=\"kksr-stars-active\" style=\"width: 0px;\">\n            <div class=\"kksr-star\">\n            <div class=\"kksr-icon\" style=\"width: px; height: px;\"><\/div>\n        <\/div>\n            <div class=\"kksr-star\">\n            <div class=\"kksr-icon\" style=\"width: px; height: px;\"><\/div>\n        <\/div>\n            <div class=\"kksr-star\">\n            <div class=\"kksr-icon\" style=\"width: px; height: px;\"><\/div>\n        <\/div>\n            <div class=\"kksr-star\">\n            <div class=\"kksr-icon\" style=\"width: px; height: px;\"><\/div>\n        <\/div>\n            <div class=\"kksr-star\">\n            <div class=\"kksr-icon\" style=\"width: px; height: px;\"><\/div>\n        <\/div>\n    <\/div>\n<\/div>\n    <div class=\"kksr-legend\">\n            <span class=\"kksr-muted\"><\/span>\n    <\/div>\n<\/div>\n","protected":false},"excerpt":{"rendered":"<p>[vc_row css=&#8221;.vc_custom_1496064332666{padding-top: 50px !important;}&#8221;][vc_column][vc_column_text] [\/vc_column_text][\/vc_column][\/vc_row]<\/p>\n","protected":false},"author":1,"featured_media":0,"parent":0,"menu_order":0,"comment_status":"open","ping_status":"closed","template":"tpl-visual_composer.php","meta":[],"yoast_head":"<!-- This site is optimized with the Yoast SEO plugin v15.9.1 - https:\/\/yoast.com\/wordpress\/plugins\/seo\/ -->\n<title>Piscine | Une magnifique et authentique maison rustique situ\u00e9e dans un Vall\u00e9e du Douro<\/title>\n<meta name=\"description\" content=\"Photos Piscine en une magnifique et authentique maison rustique, situ\u00e9e dans un village typique de la Vall\u00e9e du Douro, \u00e0 80 minutes de Porto.\" \/>\n<meta name=\"robots\" content=\"index, follow, max-snippet:-1, max-image-preview:large, max-video-preview:-1\" \/>\n<meta property=\"og:locale\" content=\"fr_FR\" \/>\n<meta property=\"og:type\" content=\"article\" \/>\n<meta property=\"og:title\" content=\"Piscine | Une magnifique et authentique maison rustique situ\u00e9e dans un Vall\u00e9e du Douro\" \/>\n<meta property=\"og:description\" content=\"Photos Piscine en une magnifique et authentique maison rustique, situ\u00e9e dans un village typique de la Vall\u00e9e du Douro, \u00e0 80 minutes de Porto.\" \/>\n<meta property=\"og:site_name\" content=\"Casa de F\u00e9rias\" \/>\n<meta property=\"article:publisher\" content=\"https:\/\/www.facebook.com\/casacastedododouro\/\" \/>\n<meta property=\"article:modified_time\" content=\"2018-01-17T14:42:03+00:00\" \/>\n<meta name=\"twitter:card\" content=\"summary\" \/>\n<script type=\"application\/ld+json\" class=\"yoast-schema-graph\">{\"@context\":\"https:\/\/schema.org\",\"@graph\":[{\"@type\":\"WebSite\",\"@id\":\"https:\/\/www.castedodourovilla.com\/#website\",\"url\":\"https:\/\/www.castedodourovilla.com\/\",\"name\":\"Casa de F\\u00e9rias\",\"description\":\"\",\"potentialAction\":[{\"@type\":\"SearchAction\",\"target\":\"https:\/\/www.castedodourovilla.com\/?s={search_term_string}\",\"query-input\":\"required name=search_term_string\"}],\"inLanguage\":\"fr-FR\"},{\"@type\":\"WebPage\",\"@id\":\"#webpage\",\"url\":\"\",\"name\":\"Piscine | Une magnifique et authentique maison rustique situ\\u00e9e dans un Vall\\u00e9e du Douro\",\"isPartOf\":{\"@id\":\"https:\/\/www.castedodourovilla.com\/#website\"},\"datePublished\":\"2017-05-29T18:03:25+00:00\",\"dateModified\":\"2018-01-17T14:42:03+00:00\",\"description\":\"Photos Piscine en une magnifique et authentique maison rustique, situ\\u00e9e dans un village typique de la Vall\\u00e9e du Douro, \\u00e0 80 minutes de Porto.\",\"breadcrumb\":{\"@id\":\"#breadcrumb\"},\"inLanguage\":\"fr-FR\",\"potentialAction\":[{\"@type\":\"ReadAction\",\"target\":[\"\"]}]},{\"@type\":\"BreadcrumbList\",\"@id\":\"#breadcrumb\",\"itemListElement\":[{\"@type\":\"ListItem\",\"position\":1,\"item\":{\"@type\":\"WebPage\",\"@id\":\"\",\"url\":\"\",\"name\":\"In\\u00edcio\"}},{\"@type\":\"ListItem\",\"position\":2,\"item\":{\"@type\":\"WebPage\",\"@id\":\"\",\"url\":\"\",\"name\":\"Piscine\"}}]},{\"@type\":\"Person\",\"@id\":\"https:\/\/www.castedodourovilla.com\/#\/schema\/person\/743e9299fc5e17418a91736b76b54394\",\"name\":\"gestao\",\"image\":{\"@type\":\"ImageObject\",\"@id\":\"https:\/\/www.castedodourovilla.com\/#personlogo\",\"inLanguage\":\"fr-FR\",\"url\":\"https:\/\/secure.gravatar.com\/avatar\/298bdd45d00d7fec5c4c39dbb8503141?s=96&d=mm&r=g\",\"caption\":\"gestao\"}}]}<\/script>\n<!-- \/ Yoast SEO plugin. -->","_links":{"self":[{"href":"https:\/\/www.castedodourovilla.com\/fr\/wp-json\/wp\/v2\/pages\/1669"}],"collection":[{"href":"https:\/\/www.castedodourovilla.com\/fr\/wp-json\/wp\/v2\/pages"}],"about":[{"href":"https:\/\/www.castedodourovilla.com\/fr\/wp-json\/wp\/v2\/types\/page"}],"author":[{"embeddable":true,"href":"https:\/\/www.castedodourovilla.com\/fr\/wp-json\/wp\/v2\/users\/1"}],"replies":[{"embeddable":true,"href":"https:\/\/www.castedodourovilla.com\/fr\/wp-json\/wp\/v2\/comments?post=1669"}],"version-history":[{"count":1,"href":"https:\/\/www.castedodourovilla.com\/fr\/wp-json\/wp\/v2\/pages\/1669\/revisions"}],"predecessor-version":[{"id":1670,"href":"https:\/\/www.castedodourovilla.com\/fr\/wp-json\/wp\/v2\/pages\/1669\/revisions\/1670"}],"wp:attachment":[{"href":"https:\/\/www.castedodourovilla.com\/fr\/wp-json\/wp\/v2\/media?parent=1669"}],"curies":[{"name":"wp","href":"https:\/\/api.w.org\/{rel}","templated":true}]}}