{"id":1681,"date":"2017-05-29T18:23:00","date_gmt":"2017-05-29T18:23:00","guid":{"rendered":"http:\/\/www.castedodourovilla.com\/fr\/?page_id=1681"},"modified":"2018-01-17T14:46:31","modified_gmt":"2018-01-17T14:46:31","slug":"salles","status":"publish","type":"page","link":"https:\/\/www.castedodourovilla.com\/fr\/salles\/","title":{"rendered":"Salles de S\u00e9jour &#038; Billard &#038; \u00c0 Manger"},"content":{"rendered":"<p>[vc_row css=&#8221;.vc_custom_1496064332666{padding-top: 50px !important;}&#8221;][vc_column][vc_column_text]\n\t\t\t\t\t\n\n\t\t\t\t\t<!-- START UNITE GALLERY 1.3.6 -->\n\t\t\t\t\t\n\t\t\t\t\n\t\t\t<div id='ugdefault_5_1' style='margin:0px auto;'>\n\t\t\t\t\n\n\t\t\t\t\t\t<img alt=\"sala-jantar-111\"\n\t\t\t\t\t\t     src=\"https:\/\/www.castedodourovilla.com\/wp-content\/uploads\/2017\/02\/sala-jantar-111-300x169.jpg\"\n\t\t\t\t\t\t     data-image=\"https:\/\/www.castedodourovilla.com\/wp-content\/uploads\/2017\/02\/sala-jantar-111.jpg\"\n\t\t\t\t\t\t     data-description=\"\"\n\t\t\t\t\t\t     style=\"display:none\">\n\n\t\t\t\t\t\t<img alt=\"20161016_171609\"\n\t\t\t\t\t\t     src=\"https:\/\/www.castedodourovilla.com\/wp-content\/uploads\/2017\/02\/20161016_171609-300x169.jpg\"\n\t\t\t\t\t\t     data-image=\"https:\/\/www.castedodourovilla.com\/wp-content\/uploads\/2017\/02\/20161016_171609.jpg\"\n\t\t\t\t\t\t     data-description=\"\"\n\t\t\t\t\t\t     style=\"display:none\">\n\n\t\t\t\t\t\t<img alt=\"20160907_165731\"\n\t\t\t\t\t\t     src=\"https:\/\/www.castedodourovilla.com\/wp-content\/uploads\/2017\/02\/20160907_165731-169x300.jpg\"\n\t\t\t\t\t\t     data-image=\"https:\/\/www.castedodourovilla.com\/wp-content\/uploads\/2017\/02\/20160907_165731.jpg\"\n\t\t\t\t\t\t     data-description=\"\"\n\t\t\t\t\t\t     style=\"display:none\">\n\n\t\t\t\t\t\t<img alt=\"sala-jantar-2\"\n\t\t\t\t\t\t     src=\"https:\/\/www.castedodourovilla.com\/wp-content\/uploads\/2017\/02\/sala-jantar-2-300x169.jpg\"\n\t\t\t\t\t\t     data-image=\"https:\/\/www.castedodourovilla.com\/wp-content\/uploads\/2017\/02\/sala-jantar-2.jpg\"\n\t\t\t\t\t\t     data-description=\"\"\n\t\t\t\t\t\t     style=\"display:none\">\n\n\t\t\t\t\t\t<img alt=\"foto-adega-4\"\n\t\t\t\t\t\t     src=\"https:\/\/www.castedodourovilla.com\/wp-content\/uploads\/2017\/02\/foto-adega-4-300x169.jpg\"\n\t\t\t\t\t\t     data-image=\"https:\/\/www.castedodourovilla.com\/wp-content\/uploads\/2017\/02\/foto-adega-4.jpg\"\n\t\t\t\t\t\t     data-description=\"\"\n\t\t\t\t\t\t     style=\"display:none\">\n\n\t\t\t\t\t\t<img alt=\"foto-adega-3\"\n\t\t\t\t\t\t     src=\"https:\/\/www.castedodourovilla.com\/wp-content\/uploads\/2017\/02\/foto-adega-3-300x169.jpg\"\n\t\t\t\t\t\t     data-image=\"https:\/\/www.castedodourovilla.com\/wp-content\/uploads\/2017\/02\/foto-adega-3.jpg\"\n\t\t\t\t\t\t     data-description=\"\"\n\t\t\t\t\t\t     style=\"display:none\">\n\n\t\t\t\t\t\t<img alt=\"foto-adega-2\"\n\t\t\t\t\t\t     src=\"https:\/\/www.castedodourovilla.com\/wp-content\/uploads\/2017\/02\/foto-adega-2-300x169.jpg\"\n\t\t\t\t\t\t     data-image=\"https:\/\/www.castedodourovilla.com\/wp-content\/uploads\/2017\/02\/foto-adega-2.jpg\"\n\t\t\t\t\t\t     data-description=\"\"\n\t\t\t\t\t\t     style=\"display:none\">\n\n\t\t\t\t\t\t<img alt=\"foto-adega-1-1\"\n\t\t\t\t\t\t     src=\"https:\/\/www.castedodourovilla.com\/wp-content\/uploads\/2017\/02\/foto-adega-1-1-300x169.jpg\"\n\t\t\t\t\t\t     data-image=\"https:\/\/www.castedodourovilla.com\/wp-content\/uploads\/2017\/02\/foto-adega-1-1.jpg\"\n\t\t\t\t\t\t     data-description=\"\"\n\t\t\t\t\t\t     style=\"display:none\">\n\n\t\t\t\t\t\t<img alt=\"20160529_195408\"\n\t\t\t\t\t\t     src=\"https:\/\/www.castedodourovilla.com\/wp-content\/uploads\/2017\/02\/20160529_195408-169x300.jpg\"\n\t\t\t\t\t\t     data-image=\"https:\/\/www.castedodourovilla.com\/wp-content\/uploads\/2017\/02\/20160529_195408.jpg\"\n\t\t\t\t\t\t     data-description=\"\"\n\t\t\t\t\t\t     style=\"display:none\">\n\n\t\t\t\t\t\t<img alt=\"foto-sala-estar-2\"\n\t\t\t\t\t\t     src=\"https:\/\/www.castedodourovilla.com\/wp-content\/uploads\/2017\/02\/foto-sala-estar-2-300x200.jpg\"\n\t\t\t\t\t\t     data-image=\"https:\/\/www.castedodourovilla.com\/wp-content\/uploads\/2017\/02\/foto-sala-estar-2.jpg\"\n\t\t\t\t\t\t     data-description=\"\"\n\t\t\t\t\t\t     style=\"display:none\">\n\t\t\t<\/div>\n\n\t\t\t<script type='text\/javascript'>\n\t\t\t\tvar ugapi1;\n\t\t\t\tjQuery(document).ready(function(){\n\t\t\t\t\tvar objUGParams = {\n\t\t\t\t\t\tgallery_theme:\"tilesgrid\",\n\t\t\t\t\t\t\t\tgallery_width:\"100%\",\n\t\t\t\t\t\t\t\tgrid_space_between_cols:10,\n\t\t\t\t\t\t\t\tgrid_space_between_rows:10,\n\t\t\t\t\t\t\t\ttile_width:274,\n\t\t\t\t\t\t\t\ttile_height:219,\n\t\t\t\t\t\t\t\ttile_enable_border:false,\n\t\t\t\t\t\t\t\ttile_enable_shadow:false,\n\t\t\t\t\t\t\t\tgrid_padding:5\n\n\t\t\t\t\t};\n\t\t\t\t\tif(ugCheckForErrors('#ugdefault_5_1', 'cms'))\n\t\t\t\t\t\tugapi1 = jQuery('#ugdefault_5_1').unitegallery(objUGParams);\n\t\t\t\t});\n\t\t\t<\/script>\n\n\t\t\t<!-- END UNITEGALLERY -->[\/vc_column_text][\/vc_column][\/vc_row]<\/p>\n<div style=\"display: none;\"\n    class=\"kk-star-ratings kksr-valign-bottom kksr-align-right \"\n    data-id=\"1681\"\n    data-slug=\"\">\n    <div class=\"kksr-stars\">\n    <div class=\"kksr-stars-inactive\">\n            <div class=\"kksr-star\" data-star=\"1\">\n            <div class=\"kksr-icon\" style=\"width: px; height: px;\"><\/div>\n        <\/div>\n            <div class=\"kksr-star\" data-star=\"2\">\n            <div class=\"kksr-icon\" style=\"width: px; height: px;\"><\/div>\n        <\/div>\n            <div class=\"kksr-star\" data-star=\"3\">\n            <div class=\"kksr-icon\" style=\"width: px; height: px;\"><\/div>\n        <\/div>\n            <div class=\"kksr-star\" data-star=\"4\">\n            <div class=\"kksr-icon\" style=\"width: px; height: px;\"><\/div>\n        <\/div>\n            <div class=\"kksr-star\" data-star=\"5\">\n            <div class=\"kksr-icon\" style=\"width: px; height: px;\"><\/div>\n        <\/div>\n    <\/div>\n    <div class=\"kksr-stars-active\" style=\"width: 0px;\">\n            <div class=\"kksr-star\">\n            <div class=\"kksr-icon\" style=\"width: px; height: px;\"><\/div>\n        <\/div>\n            <div class=\"kksr-star\">\n            <div class=\"kksr-icon\" style=\"width: px; height: px;\"><\/div>\n        <\/div>\n            <div class=\"kksr-star\">\n            <div class=\"kksr-icon\" style=\"width: px; height: px;\"><\/div>\n        <\/div>\n            <div class=\"kksr-star\">\n            <div class=\"kksr-icon\" style=\"width: px; height: px;\"><\/div>\n        <\/div>\n            <div class=\"kksr-star\">\n            <div class=\"kksr-icon\" style=\"width: px; height: px;\"><\/div>\n        <\/div>\n    <\/div>\n<\/div>\n    <div class=\"kksr-legend\">\n            <span class=\"kksr-muted\"><\/span>\n    <\/div>\n<\/div>\n","protected":false},"excerpt":{"rendered":"<p>[vc_row css=&#8221;.vc_custom_1496064332666{padding-top: 50px !important;}&#8221;][vc_column][vc_column_text][\/vc_column_text][\/vc_column][\/vc_row]<\/p>\n","protected":false},"author":1,"featured_media":0,"parent":0,"menu_order":0,"comment_status":"open","ping_status":"closed","template":"tpl-visual_composer.php","meta":[],"yoast_head":"<!-- This site is optimized with the Yoast SEO plugin v15.9.1 - https:\/\/yoast.com\/wordpress\/plugins\/seo\/ -->\n<title>Salles de S\u00e9jour &amp; Billard &amp; \u00c0 Manger | Une magnifique et authentique maison rustique situ\u00e9e dans un Vall\u00e9e du Douro<\/title>\n<meta name=\"description\" content=\"Photos Salles de S\u00e9jour &amp; Billard &amp; \u00c0 Manger en une magnifique et authentique maison rustique, situ\u00e9e dans un village typique de la Vall\u00e9e\" \/>\n<meta name=\"robots\" content=\"index, follow, max-snippet:-1, max-image-preview:large, max-video-preview:-1\" \/>\n<link rel=\"canonical\" href=\"https:\/\/www.castedodourovilla.com\/fr\/salles\/\" \/>\n<meta property=\"og:locale\" content=\"fr_FR\" \/>\n<meta property=\"og:type\" content=\"article\" \/>\n<meta property=\"og:title\" content=\"Salles de S\u00e9jour &amp; Billard &amp; \u00c0 Manger | Une magnifique et authentique maison rustique situ\u00e9e dans un Vall\u00e9e du Douro\" \/>\n<meta property=\"og:description\" content=\"Photos Salles de S\u00e9jour &amp; Billard &amp; \u00c0 Manger en une magnifique et authentique maison rustique, situ\u00e9e dans un village typique de la Vall\u00e9e\" \/>\n<meta property=\"og:url\" content=\"https:\/\/www.castedodourovilla.com\/fr\/salles\/\" \/>\n<meta property=\"og:site_name\" content=\"Casa de F\u00e9rias\" \/>\n<meta property=\"article:publisher\" content=\"https:\/\/www.facebook.com\/casacastedododouro\/\" \/>\n<meta property=\"article:modified_time\" content=\"2018-01-17T14:46:31+00:00\" \/>\n<meta name=\"twitter:card\" content=\"summary\" \/>\n<script type=\"application\/ld+json\" class=\"yoast-schema-graph\">{\"@context\":\"https:\/\/schema.org\",\"@graph\":[{\"@type\":\"WebSite\",\"@id\":\"https:\/\/www.castedodourovilla.com\/#website\",\"url\":\"https:\/\/www.castedodourovilla.com\/\",\"name\":\"Casa de F\\u00e9rias\",\"description\":\"\",\"potentialAction\":[{\"@type\":\"SearchAction\",\"target\":\"https:\/\/www.castedodourovilla.com\/?s={search_term_string}\",\"query-input\":\"required name=search_term_string\"}],\"inLanguage\":\"fr-FR\"},{\"@type\":\"WebPage\",\"@id\":\"https:\/\/www.castedodourovilla.com\/fr\/salles\/#webpage\",\"url\":\"https:\/\/www.castedodourovilla.com\/fr\/salles\/\",\"name\":\"Salles de S\\u00e9jour & Billard & \\u00c0 Manger | Une magnifique et authentique maison rustique situ\\u00e9e dans un Vall\\u00e9e du Douro\",\"isPartOf\":{\"@id\":\"https:\/\/www.castedodourovilla.com\/#website\"},\"datePublished\":\"2017-05-29T18:23:00+00:00\",\"dateModified\":\"2018-01-17T14:46:31+00:00\",\"description\":\"Photos Salles de S\\u00e9jour & Billard & \\u00c0 Manger en une magnifique et authentique maison rustique, situ\\u00e9e dans un village typique de la Vall\\u00e9e\",\"breadcrumb\":{\"@id\":\"https:\/\/www.castedodourovilla.com\/fr\/salles\/#breadcrumb\"},\"inLanguage\":\"fr-FR\",\"potentialAction\":[{\"@type\":\"ReadAction\",\"target\":[\"https:\/\/www.castedodourovilla.com\/fr\/salles\/\"]}]},{\"@type\":\"BreadcrumbList\",\"@id\":\"https:\/\/www.castedodourovilla.com\/fr\/salles\/#breadcrumb\",\"itemListElement\":[{\"@type\":\"ListItem\",\"position\":1,\"item\":{\"@type\":\"WebPage\",\"@id\":\"\",\"url\":\"\",\"name\":\"In\\u00edcio\"}},{\"@type\":\"ListItem\",\"position\":2,\"item\":{\"@type\":\"WebPage\",\"@id\":\"https:\/\/www.castedodourovilla.com\/fr\/salles\/\",\"url\":\"https:\/\/www.castedodourovilla.com\/fr\/salles\/\",\"name\":\"Salles de S\\u00e9jour &#038; Billard &#038; \\u00c0 Manger\"}}]}]}<\/script>\n<!-- \/ Yoast SEO plugin. -->","_links":{"self":[{"href":"https:\/\/www.castedodourovilla.com\/fr\/wp-json\/wp\/v2\/pages\/1681"}],"collection":[{"href":"https:\/\/www.castedodourovilla.com\/fr\/wp-json\/wp\/v2\/pages"}],"about":[{"href":"https:\/\/www.castedodourovilla.com\/fr\/wp-json\/wp\/v2\/types\/page"}],"author":[{"embeddable":true,"href":"https:\/\/www.castedodourovilla.com\/fr\/wp-json\/wp\/v2\/users\/1"}],"replies":[{"embeddable":true,"href":"https:\/\/www.castedodourovilla.com\/fr\/wp-json\/wp\/v2\/comments?post=1681"}],"version-history":[{"count":1,"href":"https:\/\/www.castedodourovilla.com\/fr\/wp-json\/wp\/v2\/pages\/1681\/revisions"}],"predecessor-version":[{"id":1683,"href":"https:\/\/www.castedodourovilla.com\/fr\/wp-json\/wp\/v2\/pages\/1681\/revisions\/1683"}],"wp:attachment":[{"href":"https:\/\/www.castedodourovilla.com\/fr\/wp-json\/wp\/v2\/media?parent=1681"}],"curies":[{"name":"wp","href":"https:\/\/api.w.org\/{rel}","templated":true}]}}