{"id":1685,"date":"2017-05-29T18:24:12","date_gmt":"2017-05-29T18:24:12","guid":{"rendered":"http:\/\/www.castedodourovilla.com\/fr\/?page_id=1685"},"modified":"2018-01-17T14:47:14","modified_gmt":"2018-01-17T14:47:14","slug":"toilettes","status":"publish","type":"page","link":"https:\/\/www.castedodourovilla.com\/fr\/toilettes\/","title":{"rendered":"Toilettes"},"content":{"rendered":"<p>[vc_row css=&#8221;.vc_custom_1496064332666{padding-top: 50px !important;}&#8221;][vc_column][vc_column_text]<\/p>\n\n\t\t\t\t\t\n\n\t\t\t\t\t<!-- START UNITE GALLERY 1.3.6 -->\n\t\t\t\t\t\n\t\t\t\t\n\t\t\t<div id='ugdefault_4_1' style='margin:0px auto;'>\n\t\t\t\t\n\n\t\t\t\t\t\t<img alt=\"foto-WC-3\"\n\t\t\t\t\t\t     src=\"https:\/\/www.castedodourovilla.com\/wp-content\/uploads\/2017\/02\/foto-WC-3-300x200.jpg\"\n\t\t\t\t\t\t     data-image=\"https:\/\/www.castedodourovilla.com\/wp-content\/uploads\/2017\/02\/foto-WC-3.jpg\"\n\t\t\t\t\t\t     data-description=\"\"\n\t\t\t\t\t\t     style=\"display:none\">\n\n\t\t\t\t\t\t<img alt=\"Foto-WC-2\"\n\t\t\t\t\t\t     src=\"https:\/\/www.castedodourovilla.com\/wp-content\/uploads\/2017\/02\/Foto-WC-2-300x200.jpg\"\n\t\t\t\t\t\t     data-image=\"https:\/\/www.castedodourovilla.com\/wp-content\/uploads\/2017\/02\/Foto-WC-2.jpg\"\n\t\t\t\t\t\t     data-description=\"\"\n\t\t\t\t\t\t     style=\"display:none\">\n\n\t\t\t\t\t\t<img alt=\"Foto-WC-1\"\n\t\t\t\t\t\t     src=\"https:\/\/www.castedodourovilla.com\/wp-content\/uploads\/2017\/02\/Foto-WC-1-300x200.jpg\"\n\t\t\t\t\t\t     data-image=\"https:\/\/www.castedodourovilla.com\/wp-content\/uploads\/2017\/02\/Foto-WC-1.jpg\"\n\t\t\t\t\t\t     data-description=\"\"\n\t\t\t\t\t\t     style=\"display:none\">\n\n\t\t\t\t\t\t<img alt=\"IMG_1235\"\n\t\t\t\t\t\t     src=\"https:\/\/www.castedodourovilla.com\/wp-content\/uploads\/2017\/02\/IMG_1235-300x200.jpg\"\n\t\t\t\t\t\t     data-image=\"https:\/\/www.castedodourovilla.com\/wp-content\/uploads\/2017\/02\/IMG_1235.jpg\"\n\t\t\t\t\t\t     data-description=\"\"\n\t\t\t\t\t\t     style=\"display:none\">\n\n\t\t\t\t\t\t<img alt=\"foto-2\u00ba-WC-1\"\n\t\t\t\t\t\t     src=\"https:\/\/www.castedodourovilla.com\/wp-content\/uploads\/2017\/02\/foto-2\u00ba-WC-1-200x300.jpg\"\n\t\t\t\t\t\t     data-image=\"https:\/\/www.castedodourovilla.com\/wp-content\/uploads\/2017\/02\/foto-2\u00ba-WC-1.jpg\"\n\t\t\t\t\t\t     data-description=\"\"\n\t\t\t\t\t\t     style=\"display:none\">\n\t\t\t<\/div>\n\n\t\t\t<script type='text\/javascript'>\n\t\t\t\tvar ugapi1;\n\t\t\t\tjQuery(document).ready(function(){\n\t\t\t\t\tvar objUGParams = {\n\t\t\t\t\t\tgallery_theme:\"tilesgrid\",\n\t\t\t\t\t\t\t\tgallery_width:\"100%\",\n\t\t\t\t\t\t\t\tgrid_space_between_cols:10,\n\t\t\t\t\t\t\t\tgrid_space_between_rows:10,\n\t\t\t\t\t\t\t\ttile_width:274,\n\t\t\t\t\t\t\t\ttile_height:219,\n\t\t\t\t\t\t\t\ttile_enable_border:false,\n\t\t\t\t\t\t\t\ttile_enable_shadow:false,\n\t\t\t\t\t\t\t\tgrid_padding:5\n\n\t\t\t\t\t};\n\t\t\t\t\tif(ugCheckForErrors('#ugdefault_4_1', 'cms'))\n\t\t\t\t\t\tugapi1 = jQuery('#ugdefault_4_1').unitegallery(objUGParams);\n\t\t\t\t});\n\t\t\t<\/script>\n\n\t\t\t<!-- END UNITEGALLERY -->\n<p>[\/vc_column_text][\/vc_column][\/vc_row]<\/p>\n<div style=\"display: none;\"\n    class=\"kk-star-ratings kksr-valign-bottom kksr-align-right \"\n    data-id=\"1685\"\n    data-slug=\"\">\n    <div class=\"kksr-stars\">\n    <div class=\"kksr-stars-inactive\">\n            <div class=\"kksr-star\" data-star=\"1\">\n            <div class=\"kksr-icon\" style=\"width: px; height: px;\"><\/div>\n        <\/div>\n            <div class=\"kksr-star\" data-star=\"2\">\n            <div class=\"kksr-icon\" style=\"width: px; height: px;\"><\/div>\n        <\/div>\n            <div class=\"kksr-star\" data-star=\"3\">\n            <div class=\"kksr-icon\" style=\"width: px; height: px;\"><\/div>\n        <\/div>\n            <div class=\"kksr-star\" data-star=\"4\">\n            <div class=\"kksr-icon\" style=\"width: px; height: px;\"><\/div>\n        <\/div>\n            <div class=\"kksr-star\" data-star=\"5\">\n            <div class=\"kksr-icon\" style=\"width: px; height: px;\"><\/div>\n        <\/div>\n    <\/div>\n    <div class=\"kksr-stars-active\" style=\"width: 0px;\">\n            <div class=\"kksr-star\">\n            <div class=\"kksr-icon\" style=\"width: px; height: px;\"><\/div>\n        <\/div>\n            <div class=\"kksr-star\">\n            <div class=\"kksr-icon\" style=\"width: px; height: px;\"><\/div>\n        <\/div>\n            <div class=\"kksr-star\">\n            <div class=\"kksr-icon\" style=\"width: px; height: px;\"><\/div>\n        <\/div>\n            <div class=\"kksr-star\">\n            <div class=\"kksr-icon\" style=\"width: px; height: px;\"><\/div>\n        <\/div>\n            <div class=\"kksr-star\">\n            <div class=\"kksr-icon\" style=\"width: px; height: px;\"><\/div>\n        <\/div>\n    <\/div>\n<\/div>\n    <div class=\"kksr-legend\">\n            <span class=\"kksr-muted\"><\/span>\n    <\/div>\n<\/div>\n","protected":false},"excerpt":{"rendered":"<p>[vc_row css=&#8221;.vc_custom_1496064332666{padding-top: 50px !important;}&#8221;][vc_column][vc_column_text] [\/vc_column_text][\/vc_column][\/vc_row]<\/p>\n","protected":false},"author":1,"featured_media":0,"parent":0,"menu_order":0,"comment_status":"open","ping_status":"closed","template":"tpl-visual_composer.php","meta":[],"yoast_head":"<!-- This site is optimized with the Yoast SEO plugin v15.9.1 - https:\/\/yoast.com\/wordpress\/plugins\/seo\/ -->\n<title>Toilettes | Une magnifique et authentique maison rustique situ\u00e9e dans un Vall\u00e9e du Douro<\/title>\n<meta name=\"description\" content=\"Photos Toilettes en une magnifique et authentique maison rustique, situ\u00e9e dans un village typique de la Vall\u00e9e du Douro, \u00e0 80 minutes de Porto.\" \/>\n<meta name=\"robots\" content=\"index, follow, max-snippet:-1, max-image-preview:large, max-video-preview:-1\" \/>\n<link rel=\"canonical\" href=\"https:\/\/www.castedodourovilla.com\/fr\/toilettes\/\" \/>\n<meta property=\"og:locale\" content=\"fr_FR\" \/>\n<meta property=\"og:type\" content=\"article\" \/>\n<meta property=\"og:title\" content=\"Toilettes | Une magnifique et authentique maison rustique situ\u00e9e dans un Vall\u00e9e du Douro\" \/>\n<meta property=\"og:description\" content=\"Photos Toilettes en une magnifique et authentique maison rustique, situ\u00e9e dans un village typique de la Vall\u00e9e du Douro, \u00e0 80 minutes de Porto.\" \/>\n<meta property=\"og:url\" content=\"https:\/\/www.castedodourovilla.com\/fr\/toilettes\/\" \/>\n<meta property=\"og:site_name\" content=\"Casa de F\u00e9rias\" \/>\n<meta property=\"article:publisher\" content=\"https:\/\/www.facebook.com\/casacastedododouro\/\" \/>\n<meta property=\"article:modified_time\" content=\"2018-01-17T14:47:14+00:00\" \/>\n<meta name=\"twitter:card\" content=\"summary\" \/>\n<script type=\"application\/ld+json\" class=\"yoast-schema-graph\">{\"@context\":\"https:\/\/schema.org\",\"@graph\":[{\"@type\":\"WebSite\",\"@id\":\"https:\/\/www.castedodourovilla.com\/#website\",\"url\":\"https:\/\/www.castedodourovilla.com\/\",\"name\":\"Casa de F\\u00e9rias\",\"description\":\"\",\"potentialAction\":[{\"@type\":\"SearchAction\",\"target\":\"https:\/\/www.castedodourovilla.com\/?s={search_term_string}\",\"query-input\":\"required name=search_term_string\"}],\"inLanguage\":\"fr-FR\"},{\"@type\":\"WebPage\",\"@id\":\"https:\/\/www.castedodourovilla.com\/fr\/toilettes\/#webpage\",\"url\":\"https:\/\/www.castedodourovilla.com\/fr\/toilettes\/\",\"name\":\"Toilettes | Une magnifique et authentique maison rustique situ\\u00e9e dans un Vall\\u00e9e du Douro\",\"isPartOf\":{\"@id\":\"https:\/\/www.castedodourovilla.com\/#website\"},\"datePublished\":\"2017-05-29T18:24:12+00:00\",\"dateModified\":\"2018-01-17T14:47:14+00:00\",\"description\":\"Photos Toilettes en une magnifique et authentique maison rustique, situ\\u00e9e dans un village typique de la Vall\\u00e9e du Douro, \\u00e0 80 minutes de Porto.\",\"breadcrumb\":{\"@id\":\"https:\/\/www.castedodourovilla.com\/fr\/toilettes\/#breadcrumb\"},\"inLanguage\":\"fr-FR\",\"potentialAction\":[{\"@type\":\"ReadAction\",\"target\":[\"https:\/\/www.castedodourovilla.com\/fr\/toilettes\/\"]}]},{\"@type\":\"BreadcrumbList\",\"@id\":\"https:\/\/www.castedodourovilla.com\/fr\/toilettes\/#breadcrumb\",\"itemListElement\":[{\"@type\":\"ListItem\",\"position\":1,\"item\":{\"@type\":\"WebPage\",\"@id\":\"\",\"url\":\"\",\"name\":\"In\\u00edcio\"}},{\"@type\":\"ListItem\",\"position\":2,\"item\":{\"@type\":\"WebPage\",\"@id\":\"https:\/\/www.castedodourovilla.com\/fr\/toilettes\/\",\"url\":\"https:\/\/www.castedodourovilla.com\/fr\/toilettes\/\",\"name\":\"Toilettes\"}}]}]}<\/script>\n<!-- \/ Yoast SEO plugin. -->","_links":{"self":[{"href":"https:\/\/www.castedodourovilla.com\/fr\/wp-json\/wp\/v2\/pages\/1685"}],"collection":[{"href":"https:\/\/www.castedodourovilla.com\/fr\/wp-json\/wp\/v2\/pages"}],"about":[{"href":"https:\/\/www.castedodourovilla.com\/fr\/wp-json\/wp\/v2\/types\/page"}],"author":[{"embeddable":true,"href":"https:\/\/www.castedodourovilla.com\/fr\/wp-json\/wp\/v2\/users\/1"}],"replies":[{"embeddable":true,"href":"https:\/\/www.castedodourovilla.com\/fr\/wp-json\/wp\/v2\/comments?post=1685"}],"version-history":[{"count":1,"href":"https:\/\/www.castedodourovilla.com\/fr\/wp-json\/wp\/v2\/pages\/1685\/revisions"}],"predecessor-version":[{"id":1686,"href":"https:\/\/www.castedodourovilla.com\/fr\/wp-json\/wp\/v2\/pages\/1685\/revisions\/1686"}],"wp:attachment":[{"href":"https:\/\/www.castedodourovilla.com\/fr\/wp-json\/wp\/v2\/media?parent=1685"}],"curies":[{"name":"wp","href":"https:\/\/api.w.org\/{rel}","templated":true}]}}